{"id":11184,"date":"2022-11-22T10:08:51","date_gmt":"2022-11-22T09:08:51","guid":{"rendered":"https:\/\/www.accessafe.eu\/zertifizierungen\/"},"modified":"2026-01-23T14:00:16","modified_gmt":"2026-01-23T13:00:16","slug":"zertifizierungen","status":"publish","type":"page","link":"https:\/\/www.accessafe.eu\/de\/zertifizierungen\/","title":{"rendered":"Zertifizierungen"},"content":{"rendered":"\t\t<div data-elementor-type=\"wp-page\" data-elementor-id=\"11184\" class=\"elementor elementor-11184 elementor-1502\" data-elementor-post-type=\"page\">\n\t\t\t\t\t\t<section class=\"elementor-section elementor-top-section elementor-element elementor-element-dd05bcb elementor-section-full_width elementor-section-height-default elementor-section-height-default\" data-id=\"dd05bcb\" data-element_type=\"section\" data-e-type=\"section\">\n\t\t\t\t\t\t<div class=\"elementor-container elementor-column-gap-default\">\n\t\t\t\t\t<div class=\"elementor-column elementor-col-100 elementor-top-column elementor-element elementor-element-6546cbc\" data-id=\"6546cbc\" data-element_type=\"column\" data-e-type=\"column\">\n\t\t\t<div class=\"elementor-widget-wrap elementor-element-populated\">\n\t\t\t\t\t\t<div class=\"elementor-element elementor-element-063d4cf elementor--v-position-bottom elementor--h-position-center elementor-arrows-position-inside elementor-pagination-position-inside elementor-widget elementor-widget-slides\" data-id=\"063d4cf\" data-element_type=\"widget\" data-e-type=\"widget\" data-settings=\"{&quot;navigation&quot;:&quot;both&quot;,&quot;autoplay&quot;:&quot;yes&quot;,&quot;pause_on_hover&quot;:&quot;yes&quot;,&quot;pause_on_interaction&quot;:&quot;yes&quot;,&quot;autoplay_speed&quot;:5000,&quot;infinite&quot;:&quot;yes&quot;,&quot;transition&quot;:&quot;slide&quot;,&quot;transition_speed&quot;:500}\" data-widget_type=\"slides.default\">\n\t\t\t\t<div class=\"elementor-widget-container\">\n\t\t\t\t\t\t\t\t\t<div class=\"elementor-swiper\">\n\t\t\t\t\t<div class=\"elementor-slides-wrapper elementor-main-swiper swiper\" role=\"region\" aria-roledescription=\"carousel\" aria-label=\"Slides\" dir=\"ltr\" data-animation=\"fadeInUp\">\n\t\t\t\t<div class=\"swiper-wrapper elementor-slides\">\n\t\t\t\t\t\t\t\t\t\t<div class=\"elementor-repeater-item-24c6706 swiper-slide\" role=\"group\" aria-roledescription=\"slide\"><div class=\"swiper-slide-bg\" role=\"img\" aria-label=\"Le certificazioni di Access\"><\/div><div class=\"elementor-background-overlay\"><\/div><a class=\"swiper-slide-inner\" href=\"https:\/\/www.accessafe.eu\/de\/schneller-kontakt\/\"><div class=\"swiper-slide-contents\"><h1 class=\"elementor-slide-heading\">Zertifizierungen<\/h1><h2 class=\"elementor-slide-description\"><p>CE-zertifizierte Schutzsysteme, die den geltenden Vorschriften entsprechen<\/p>\n<\/h2><div  class=\"elementor-button elementor-slide-button elementor-size-sm\">Kontaktieren Sie uns<\/div><\/div><\/a><\/div>\t\t\t\t<\/div>\n\t\t\t\t\t\t\t<\/div>\n\t\t\t\t<\/div>\n\t\t\t\t\t\t\t\t<\/div>\n\t\t\t\t<\/div>\n\t\t\t\t\t<\/div>\n\t\t<\/div>\n\t\t\t\t\t<\/div>\n\t\t<\/section>\n\t\t\t\t<section class=\"elementor-section elementor-top-section elementor-element elementor-element-3801fee elementor-section-boxed elementor-section-height-default elementor-section-height-default\" data-id=\"3801fee\" data-element_type=\"section\" data-e-type=\"section\">\n\t\t\t\t\t\t<div class=\"elementor-container elementor-column-gap-default\">\n\t\t\t\t\t<div class=\"elementor-column elementor-col-100 elementor-top-column elementor-element elementor-element-6101ec2\" data-id=\"6101ec2\" data-element_type=\"column\" data-e-type=\"column\">\n\t\t\t<div class=\"elementor-widget-wrap elementor-element-populated\">\n\t\t\t\t\t\t<div class=\"elementor-element elementor-element-9bc0e98 elementor-widget elementor-widget-text-editor\" data-id=\"9bc0e98\" data-element_type=\"widget\" data-e-type=\"widget\" data-widget_type=\"text-editor.default\">\n\t\t\t\t<div class=\"elementor-widget-container\">\n\t\t\t\t\t\t\t\t\tDer hohe technologische Standard industrieller Produktionsanlagen und die geltenden Vorschriften zur Sicherheit am Arbeitsplatz erfordern die Auswahl geeigneter Sicherheitskomponenten: Access stellt modulare Standardschutzvorrichtungen und kundenspezifische Komplettl\u00f6sungen her, die Maschinensicherheit mit maximaler Effizienz verbinden.<br><br>Um die Kontinuit\u00e4t der mechanischen Widerstandsf\u00e4higkeit der Schutzvorrichtungen in \u00dcbereinstimmung mit den Anforderungen der UNI EN ISO 14120:2015 &#8211; Anhang D und den in der Risikobewertung vorgesehenen Aufpralleigenschaften zu gew\u00e4hrleisten, hat Access als weltweit einziges Unternehmen im Bereich der Maschinenschutzvorrichtungen die <strong>Zertifizierung des Schwei\u00dfprozesses nach UNI EN ISO 3834-3 &#8211; ICIM erhalten<\/strong>.<br><br><img decoding=\"async\" class=\" wp-image-8318 alignright\" src=\"https:\/\/accessafe.kinsta.cloud\/wp-content\/uploads\/2023\/02\/LOgo-TUV-NORD-300x300.jpg\" alt=\"\" width=\"213\" height=\"213\" srcset=\"https:\/\/www.accessafe.eu\/wp-content\/uploads\/2023\/02\/LOgo-TUV-NORD.jpg 300w, https:\/\/www.accessafe.eu\/wp-content\/uploads\/2023\/02\/LOgo-TUV-NORD-150x150.jpg 150w, https:\/\/www.accessafe.eu\/wp-content\/uploads\/2023\/02\/LOgo-TUV-NORD-100x100.jpg 100w\" sizes=\"(max-width: 213px) 100vw, 213px\" \/><br><br>Alle unsere Schutzsysteme sind CE-zertifiziert und wurden gem\u00e4\u00df UNI EN ISO 14120:2015 und UNI EN ISO 13857:2008 <strong>TUV NORD<\/strong> entwickelt und hergestellt. Die Aufpralltests wurden im Versuchslabor des Istituto Giordano durchgef\u00fchrt, einer dritten Organisation, die bei Produkttests und Zertifizierungen f\u00fchrend ist.<br><br>Access verf\u00fcgt \u00fcber ein Team von spezialisierten Technikern mit den\u00a0 international anerkannten Zertifizierungen CMSE\u00ae &#8211; Certified Machinery Safety Expert, Certified Risk Assessor und CECE\u00ae &#8211; Certified Expert in CE Marking.<br><br>Im <a href=\"https:\/\/www.accessafe.eu\/de\/download\/\"><strong>Download<\/strong><\/a>-Bereich finden Sie alle unsere Zertifizierungen.\t\t\t\t\t\t\t\t<\/div>\n\t\t\t\t<\/div>\n\t\t\t\t\t<\/div>\n\t\t<\/div>\n\t\t\t\t\t<\/div>\n\t\t<\/section>\n\t\t\t\t<section class=\"elementor-section elementor-top-section elementor-element elementor-element-f6a461c elementor-section-boxed elementor-section-height-default elementor-section-height-default\" data-id=\"f6a461c\" data-element_type=\"section\" data-e-type=\"section\">\n\t\t\t\t\t\t<div class=\"elementor-container elementor-column-gap-default\">\n\t\t\t\t\t<div class=\"elementor-column elementor-col-100 elementor-top-column elementor-element elementor-element-68ab247\" data-id=\"68ab247\" data-element_type=\"column\" data-e-type=\"column\">\n\t\t\t<div class=\"elementor-widget-wrap elementor-element-populated\">\n\t\t\t\t\t\t<section class=\"elementor-section elementor-inner-section elementor-element elementor-element-ed4c6ca elementor-section-boxed elementor-section-height-default elementor-section-height-default\" data-id=\"ed4c6ca\" data-element_type=\"section\" data-e-type=\"section\">\n\t\t\t\t\t\t<div class=\"elementor-container elementor-column-gap-default\">\n\t\t\t\t\t<div class=\"elementor-column elementor-col-50 elementor-inner-column elementor-element elementor-element-897dbcf\" data-id=\"897dbcf\" data-element_type=\"column\" data-e-type=\"column\" data-settings=\"{&quot;background_background&quot;:&quot;classic&quot;}\">\n\t\t\t<div class=\"elementor-widget-wrap elementor-element-populated\">\n\t\t\t\t\t\t<div class=\"elementor-element elementor-element-5aff8e7 elementor-widget elementor-widget-text-editor\" data-id=\"5aff8e7\" data-element_type=\"widget\" data-e-type=\"widget\" data-widget_type=\"text-editor.default\">\n\t\t\t\t<div class=\"elementor-widget-container\">\n\t\t\t\t\t\t\t\t\t<p><strong>ZERTIFIZIERUNG TUV NORD_DM-22854-22<\/strong><\/p>\n\t\t\t\t\t\t\t\t<\/div>\n\t\t\t\t<\/div>\n\t\t\t\t\t<\/div>\n\t\t<\/div>\n\t\t\t\t<div class=\"elementor-column elementor-col-50 elementor-inner-column elementor-element elementor-element-7d651d5\" data-id=\"7d651d5\" data-element_type=\"column\" data-e-type=\"column\" data-settings=\"{&quot;background_background&quot;:&quot;classic&quot;}\">\n\t\t\t<div class=\"elementor-widget-wrap elementor-element-populated\">\n\t\t\t\t\t\t<div class=\"elementor-element elementor-element-cc18f5d elementor-align-center elementor-mobile-align-left elementor-widget elementor-widget-button\" data-id=\"cc18f5d\" data-element_type=\"widget\" data-e-type=\"widget\" data-widget_type=\"button.default\">\n\t\t\t\t<div class=\"elementor-widget-container\">\n\t\t\t\t\t\t\t\t\t<div class=\"elementor-button-wrapper\">\n\t\t\t\t\t<a class=\"elementor-button elementor-button-link elementor-size-sm\" href=\"\/wp-content\/uploads\/2023\/02\/Access-ZERTIFIZIERUNG-TUV-NORD_DM-22854-22.pdf\" target=\"_blank\">\n\t\t\t\t\t\t<span class=\"elementor-button-content-wrapper\">\n\t\t\t\t\t\t\t\t\t<span class=\"elementor-button-text\">Download<\/span>\n\t\t\t\t\t<\/span>\n\t\t\t\t\t<\/a>\n\t\t\t\t<\/div>\n\t\t\t\t\t\t\t\t<\/div>\n\t\t\t\t<\/div>\n\t\t\t\t\t<\/div>\n\t\t<\/div>\n\t\t\t\t\t<\/div>\n\t\t<\/section>\n\t\t\t\t\t<\/div>\n\t\t<\/div>\n\t\t\t\t\t<\/div>\n\t\t<\/section>\n\t\t\t\t<\/div>\n\t\t","protected":false},"excerpt":{"rendered":"<p>Zertifizierungen CE-zertifizierte Schutzsysteme, die den geltenden Vorschriften entsprechen Kontaktieren Sie uns Der hohe technologische Standard industrieller Produktionsanlagen und die geltenden Vorschriften zur Sicherheit am Arbeitsplatz erfordern die Auswahl geeigneter Sicherheitskomponenten: Access stellt modulare Standardschutzvorrichtungen und kundenspezifische Komplettl\u00f6sungen her, die Maschinensicherheit mit maximaler Effizienz verbinden. Um die Kontinuit\u00e4t der mechanischen Widerstandsf\u00e4higkeit der Schutzvorrichtungen in \u00dcbereinstimmung mit [&hellip;]<\/p>\n","protected":false},"author":2,"featured_media":5463,"parent":0,"menu_order":0,"comment_status":"closed","ping_status":"closed","template":"","meta":{"site-sidebar-layout":"no-sidebar","site-content-layout":"page-builder","ast-site-content-layout":"default","site-content-style":"default","site-sidebar-style":"default","ast-global-header-display":"","ast-banner-title-visibility":"","ast-main-header-display":"","ast-hfb-above-header-display":"","ast-hfb-below-header-display":"","ast-hfb-mobile-header-display":"","site-post-title":"disabled","ast-breadcrumbs-content":"","ast-featured-img":"disabled","footer-sml-layout":"","ast-disable-related-posts":"","theme-transparent-header-meta":"","adv-header-id-meta":"","stick-header-meta":"","header-above-stick-meta":"","header-main-stick-meta":"","header-below-stick-meta":"","astra-migrate-meta-layouts":"default","ast-page-background-enabled":"default","ast-page-background-meta":{"desktop":{"background-color":"var(--ast-global-color-4)","background-image":"","background-repeat":"repeat","background-position":"center center","background-size":"auto","background-attachment":"scroll","background-type":"","background-media":"","overlay-type":"","overlay-color":"","overlay-opacity":"","overlay-gradient":""},"tablet":{"background-color":"","background-image":"","background-repeat":"repeat","background-position":"center center","background-size":"auto","background-attachment":"scroll","background-type":"","background-media":"","overlay-type":"","overlay-color":"","overlay-opacity":"","overlay-gradient":""},"mobile":{"background-color":"","background-image":"","background-repeat":"repeat","background-position":"center center","background-size":"auto","background-attachment":"scroll","background-type":"","background-media":"","overlay-type":"","overlay-color":"","overlay-opacity":"","overlay-gradient":""}},"ast-content-background-meta":{"desktop":{"background-color":"var(--ast-global-color-5)","background-image":"","background-repeat":"repeat","background-position":"center center","background-size":"auto","background-attachment":"scroll","background-type":"","background-media":"","overlay-type":"","overlay-color":"","overlay-opacity":"","overlay-gradient":""},"tablet":{"background-color":"var(--ast-global-color-5)","background-image":"","background-repeat":"repeat","background-position":"center center","background-size":"auto","background-attachment":"scroll","background-type":"","background-media":"","overlay-type":"","overlay-color":"","overlay-opacity":"","overlay-gradient":""},"mobile":{"background-color":"var(--ast-global-color-5)","background-image":"","background-repeat":"repeat","background-position":"center center","background-size":"auto","background-attachment":"scroll","background-type":"","background-media":"","overlay-type":"","overlay-color":"","overlay-opacity":"","overlay-gradient":""}},"footnotes":""},"class_list":["post-11184","page","type-page","status-publish","has-post-thumbnail","hentry"],"yoast_head":"<!-- This site is optimized with the Yoast SEO Premium plugin v27.4 (Yoast SEO v27.4) - https:\/\/yoast.com\/product\/yoast-seo-premium-wordpress\/ -->\n<title>Zertifizierungen | Access<\/title>\n<meta name=\"description\" content=\"CE-zertifizierte Produkte, entwickelt und hergestellt nach UNI EN ISO 14120, UNI EN ISO 13857.\" \/>\n<meta name=\"robots\" content=\"index, follow, max-snippet:-1, max-image-preview:large, max-video-preview:-1\" \/>\n<link rel=\"canonical\" href=\"https:\/\/www.accessafe.eu\/de\/zertifizierungen\/\" \/>\n<meta property=\"og:locale\" content=\"de_DE\" \/>\n<meta property=\"og:type\" content=\"article\" \/>\n<meta property=\"og:title\" content=\"Zertifizierungen\" \/>\n<meta property=\"og:description\" content=\"CE-zertifizierte Produkte, entwickelt und hergestellt nach UNI EN ISO 14120, UNI EN ISO 13857.\" \/>\n<meta property=\"og:url\" content=\"https:\/\/www.accessafe.eu\/de\/zertifizierungen\/\" \/>\n<meta property=\"og:site_name\" content=\"Accessafe\" \/>\n<meta property=\"article:modified_time\" content=\"2026-01-23T13:00:16+00:00\" \/>\n<meta property=\"og:image\" content=\"https:\/\/www.accessafe.eu\/wp-content\/uploads\/2023\/01\/Prodotti-Access-certificati-CE.jpg\" \/>\n\t<meta property=\"og:image:width\" content=\"600\" \/>\n\t<meta property=\"og:image:height\" content=\"600\" \/>\n\t<meta property=\"og:image:type\" content=\"image\/jpeg\" \/>\n<meta name=\"twitter:card\" content=\"summary_large_image\" \/>\n<meta name=\"twitter:label1\" content=\"Gesch\u00e4tzte Lesezeit\" \/>\n\t<meta name=\"twitter:data1\" content=\"1\u00a0Minute\" \/>\n<script type=\"application\/ld+json\" class=\"yoast-schema-graph\">{\"@context\":\"https:\\\/\\\/schema.org\",\"@graph\":[{\"@type\":\"WebPage\",\"@id\":\"https:\\\/\\\/www.accessafe.eu\\\/de\\\/zertifizierungen\\\/\",\"url\":\"https:\\\/\\\/www.accessafe.eu\\\/de\\\/zertifizierungen\\\/\",\"name\":\"Zertifizierungen | Access\",\"isPartOf\":{\"@id\":\"https:\\\/\\\/www.accessafe.eu\\\/de\\\/#website\"},\"primaryImageOfPage\":{\"@id\":\"https:\\\/\\\/www.accessafe.eu\\\/de\\\/zertifizierungen\\\/#primaryimage\"},\"image\":{\"@id\":\"https:\\\/\\\/www.accessafe.eu\\\/de\\\/zertifizierungen\\\/#primaryimage\"},\"thumbnailUrl\":\"https:\\\/\\\/www.accessafe.eu\\\/wp-content\\\/uploads\\\/2023\\\/01\\\/Prodotti-Access-certificati-CE.jpg\",\"datePublished\":\"2022-11-22T09:08:51+00:00\",\"dateModified\":\"2026-01-23T13:00:16+00:00\",\"description\":\"CE-zertifizierte Produkte, entwickelt und hergestellt nach UNI EN ISO 14120, UNI EN ISO 13857.\",\"breadcrumb\":{\"@id\":\"https:\\\/\\\/www.accessafe.eu\\\/de\\\/zertifizierungen\\\/#breadcrumb\"},\"inLanguage\":\"de\",\"potentialAction\":[{\"@type\":\"ReadAction\",\"target\":[\"https:\\\/\\\/www.accessafe.eu\\\/de\\\/zertifizierungen\\\/\"]}]},{\"@type\":\"ImageObject\",\"inLanguage\":\"de\",\"@id\":\"https:\\\/\\\/www.accessafe.eu\\\/de\\\/zertifizierungen\\\/#primaryimage\",\"url\":\"https:\\\/\\\/www.accessafe.eu\\\/wp-content\\\/uploads\\\/2023\\\/01\\\/Prodotti-Access-certificati-CE.jpg\",\"contentUrl\":\"https:\\\/\\\/www.accessafe.eu\\\/wp-content\\\/uploads\\\/2023\\\/01\\\/Prodotti-Access-certificati-CE.jpg\",\"width\":600,\"height\":600,\"caption\":\"Prodotti Accessafe certificati CE\"},{\"@type\":\"BreadcrumbList\",\"@id\":\"https:\\\/\\\/www.accessafe.eu\\\/de\\\/zertifizierungen\\\/#breadcrumb\",\"itemListElement\":[{\"@type\":\"ListItem\",\"position\":1,\"name\":\"Home\",\"item\":\"https:\\\/\\\/www.accessafe.eu\\\/de\\\/\"},{\"@type\":\"ListItem\",\"position\":2,\"name\":\"Zertifizierungen\"}]},{\"@type\":\"WebSite\",\"@id\":\"https:\\\/\\\/www.accessafe.eu\\\/de\\\/#website\",\"url\":\"https:\\\/\\\/www.accessafe.eu\\\/de\\\/\",\"name\":\"Accessafe\",\"description\":\"Accessafe partner globale per la sicurezza industriale\",\"publisher\":{\"@id\":\"https:\\\/\\\/www.accessafe.eu\\\/de\\\/#organization\"},\"alternateName\":\"Accessafe\",\"potentialAction\":[{\"@type\":\"SearchAction\",\"target\":{\"@type\":\"EntryPoint\",\"urlTemplate\":\"https:\\\/\\\/www.accessafe.eu\\\/de\\\/?s={search_term_string}\"},\"query-input\":{\"@type\":\"PropertyValueSpecification\",\"valueRequired\":true,\"valueName\":\"search_term_string\"}}],\"inLanguage\":\"de\"},{\"@type\":\"Organization\",\"@id\":\"https:\\\/\\\/www.accessafe.eu\\\/de\\\/#organization\",\"name\":\"Accessafe\",\"alternateName\":\"Accessafe\",\"url\":\"https:\\\/\\\/www.accessafe.eu\\\/de\\\/\",\"logo\":{\"@type\":\"ImageObject\",\"inLanguage\":\"de\",\"@id\":\"https:\\\/\\\/www.accessafe.eu\\\/de\\\/#\\\/schema\\\/logo\\\/image\\\/\",\"url\":\"https:\\\/\\\/www.accessafe.eu\\\/wp-content\\\/uploads\\\/2026\\\/03\\\/accessafe-logotipo.png\",\"contentUrl\":\"https:\\\/\\\/www.accessafe.eu\\\/wp-content\\\/uploads\\\/2026\\\/03\\\/accessafe-logotipo.png\",\"width\":400,\"height\":66,\"caption\":\"Accessafe\"},\"image\":{\"@id\":\"https:\\\/\\\/www.accessafe.eu\\\/de\\\/#\\\/schema\\\/logo\\\/image\\\/\"},\"description\":\"Accessafe \u00e8 il partner globale per la sicurezza industriale: con sistemi di protezione perimetrale, consulenze e soluzioni per la marcatura CE dei macchinari, trasformiamo gli ambienti produttivi in spazi sicuri, efficienti e rispettosi dell\u2019ambiente.\",\"email\":\"info@accessafe.eu\",\"telephone\":\"+390399515951\",\"legalName\":\"Access Srl\",\"vatID\":\"05718410961\",\"taxID\":\"05718410961\"}]}<\/script>\n<!-- \/ Yoast SEO Premium plugin. -->","yoast_head_json":{"title":"Zertifizierungen | Access","description":"CE-zertifizierte Produkte, entwickelt und hergestellt nach UNI EN ISO 14120, UNI EN ISO 13857.","robots":{"index":"index","follow":"follow","max-snippet":"max-snippet:-1","max-image-preview":"max-image-preview:large","max-video-preview":"max-video-preview:-1"},"canonical":"https:\/\/www.accessafe.eu\/de\/zertifizierungen\/","og_locale":"de_DE","og_type":"article","og_title":"Zertifizierungen","og_description":"CE-zertifizierte Produkte, entwickelt und hergestellt nach UNI EN ISO 14120, UNI EN ISO 13857.","og_url":"https:\/\/www.accessafe.eu\/de\/zertifizierungen\/","og_site_name":"Accessafe","article_modified_time":"2026-01-23T13:00:16+00:00","og_image":[{"width":600,"height":600,"url":"https:\/\/www.accessafe.eu\/wp-content\/uploads\/2023\/01\/Prodotti-Access-certificati-CE.jpg","type":"image\/jpeg"}],"twitter_card":"summary_large_image","twitter_misc":{"Gesch\u00e4tzte Lesezeit":"1\u00a0Minute"},"schema":{"@context":"https:\/\/schema.org","@graph":[{"@type":"WebPage","@id":"https:\/\/www.accessafe.eu\/de\/zertifizierungen\/","url":"https:\/\/www.accessafe.eu\/de\/zertifizierungen\/","name":"Zertifizierungen | Access","isPartOf":{"@id":"https:\/\/www.accessafe.eu\/de\/#website"},"primaryImageOfPage":{"@id":"https:\/\/www.accessafe.eu\/de\/zertifizierungen\/#primaryimage"},"image":{"@id":"https:\/\/www.accessafe.eu\/de\/zertifizierungen\/#primaryimage"},"thumbnailUrl":"https:\/\/www.accessafe.eu\/wp-content\/uploads\/2023\/01\/Prodotti-Access-certificati-CE.jpg","datePublished":"2022-11-22T09:08:51+00:00","dateModified":"2026-01-23T13:00:16+00:00","description":"CE-zertifizierte Produkte, entwickelt und hergestellt nach UNI EN ISO 14120, UNI EN ISO 13857.","breadcrumb":{"@id":"https:\/\/www.accessafe.eu\/de\/zertifizierungen\/#breadcrumb"},"inLanguage":"de","potentialAction":[{"@type":"ReadAction","target":["https:\/\/www.accessafe.eu\/de\/zertifizierungen\/"]}]},{"@type":"ImageObject","inLanguage":"de","@id":"https:\/\/www.accessafe.eu\/de\/zertifizierungen\/#primaryimage","url":"https:\/\/www.accessafe.eu\/wp-content\/uploads\/2023\/01\/Prodotti-Access-certificati-CE.jpg","contentUrl":"https:\/\/www.accessafe.eu\/wp-content\/uploads\/2023\/01\/Prodotti-Access-certificati-CE.jpg","width":600,"height":600,"caption":"Prodotti Accessafe certificati CE"},{"@type":"BreadcrumbList","@id":"https:\/\/www.accessafe.eu\/de\/zertifizierungen\/#breadcrumb","itemListElement":[{"@type":"ListItem","position":1,"name":"Home","item":"https:\/\/www.accessafe.eu\/de\/"},{"@type":"ListItem","position":2,"name":"Zertifizierungen"}]},{"@type":"WebSite","@id":"https:\/\/www.accessafe.eu\/de\/#website","url":"https:\/\/www.accessafe.eu\/de\/","name":"Accessafe","description":"Accessafe partner globale per la sicurezza industriale","publisher":{"@id":"https:\/\/www.accessafe.eu\/de\/#organization"},"alternateName":"Accessafe","potentialAction":[{"@type":"SearchAction","target":{"@type":"EntryPoint","urlTemplate":"https:\/\/www.accessafe.eu\/de\/?s={search_term_string}"},"query-input":{"@type":"PropertyValueSpecification","valueRequired":true,"valueName":"search_term_string"}}],"inLanguage":"de"},{"@type":"Organization","@id":"https:\/\/www.accessafe.eu\/de\/#organization","name":"Accessafe","alternateName":"Accessafe","url":"https:\/\/www.accessafe.eu\/de\/","logo":{"@type":"ImageObject","inLanguage":"de","@id":"https:\/\/www.accessafe.eu\/de\/#\/schema\/logo\/image\/","url":"https:\/\/www.accessafe.eu\/wp-content\/uploads\/2026\/03\/accessafe-logotipo.png","contentUrl":"https:\/\/www.accessafe.eu\/wp-content\/uploads\/2026\/03\/accessafe-logotipo.png","width":400,"height":66,"caption":"Accessafe"},"image":{"@id":"https:\/\/www.accessafe.eu\/de\/#\/schema\/logo\/image\/"},"description":"Accessafe \u00e8 il partner globale per la sicurezza industriale: con sistemi di protezione perimetrale, consulenze e soluzioni per la marcatura CE dei macchinari, trasformiamo gli ambienti produttivi in spazi sicuri, efficienti e rispettosi dell\u2019ambiente.","email":"info@accessafe.eu","telephone":"+390399515951","legalName":"Access Srl","vatID":"05718410961","taxID":"05718410961"}]}},"_links":{"self":[{"href":"https:\/\/www.accessafe.eu\/de\/wp-json\/wp\/v2\/pages\/11184","targetHints":{"allow":["GET"]}}],"collection":[{"href":"https:\/\/www.accessafe.eu\/de\/wp-json\/wp\/v2\/pages"}],"about":[{"href":"https:\/\/www.accessafe.eu\/de\/wp-json\/wp\/v2\/types\/page"}],"author":[{"embeddable":true,"href":"https:\/\/www.accessafe.eu\/de\/wp-json\/wp\/v2\/users\/2"}],"replies":[{"embeddable":true,"href":"https:\/\/www.accessafe.eu\/de\/wp-json\/wp\/v2\/comments?post=11184"}],"version-history":[{"count":7,"href":"https:\/\/www.accessafe.eu\/de\/wp-json\/wp\/v2\/pages\/11184\/revisions"}],"predecessor-version":[{"id":21733,"href":"https:\/\/www.accessafe.eu\/de\/wp-json\/wp\/v2\/pages\/11184\/revisions\/21733"}],"wp:featuredmedia":[{"embeddable":true,"href":"https:\/\/www.accessafe.eu\/de\/wp-json\/wp\/v2\/media\/5463"}],"wp:attachment":[{"href":"https:\/\/www.accessafe.eu\/de\/wp-json\/wp\/v2\/media?parent=11184"}],"curies":[{"name":"wp","href":"https:\/\/api.w.org\/{rel}","templated":true}]}}