{"id":8068,"date":"2022-11-22T10:08:10","date_gmt":"2022-11-22T09:08:10","guid":{"rendered":"https:\/\/www.accessafe.eu\/traceparts\/"},"modified":"2024-10-08T18:56:06","modified_gmt":"2024-10-08T16:56:06","slug":"traceparts","status":"publish","type":"page","link":"https:\/\/www.accessafe.eu\/de\/traceparts\/","title":{"rendered":"Traceparts"},"content":{"rendered":"\t\t<div data-elementor-type=\"wp-page\" data-elementor-id=\"8068\" class=\"elementor elementor-8068 elementor-1496\" data-elementor-post-type=\"page\">\n\t\t\t\t\t\t<section class=\"elementor-section elementor-top-section elementor-element elementor-element-45ca26e elementor-section-full_width elementor-section-height-default elementor-section-height-default\" data-id=\"45ca26e\" data-element_type=\"section\" data-e-type=\"section\">\n\t\t\t\t\t\t<div class=\"elementor-container elementor-column-gap-default\">\n\t\t\t\t\t<div class=\"elementor-column elementor-col-100 elementor-top-column elementor-element elementor-element-13e10b1\" data-id=\"13e10b1\" data-element_type=\"column\" data-e-type=\"column\">\n\t\t\t<div class=\"elementor-widget-wrap elementor-element-populated\">\n\t\t\t\t\t\t<div class=\"elementor-element elementor-element-088322e elementor--v-position-bottom elementor--h-position-center elementor-arrows-position-inside elementor-pagination-position-inside elementor-widget elementor-widget-slides\" data-id=\"088322e\" data-element_type=\"widget\" data-e-type=\"widget\" data-settings=\"{&quot;navigation&quot;:&quot;both&quot;,&quot;autoplay&quot;:&quot;yes&quot;,&quot;pause_on_hover&quot;:&quot;yes&quot;,&quot;pause_on_interaction&quot;:&quot;yes&quot;,&quot;autoplay_speed&quot;:5000,&quot;infinite&quot;:&quot;yes&quot;,&quot;transition&quot;:&quot;slide&quot;,&quot;transition_speed&quot;:500}\" data-widget_type=\"slides.default\">\n\t\t\t\t<div class=\"elementor-widget-container\">\n\t\t\t\t\t\t\t\t\t<div class=\"elementor-swiper\">\n\t\t\t\t\t<div class=\"elementor-slides-wrapper elementor-main-swiper swiper\" role=\"region\" aria-roledescription=\"carousel\" aria-label=\"Slider\" dir=\"ltr\" data-animation=\"fadeInUp\">\n\t\t\t\t<div class=\"swiper-wrapper elementor-slides\">\n\t\t\t\t\t\t\t\t\t\t<div class=\"elementor-repeater-item-24c6706 swiper-slide\" role=\"group\" aria-roledescription=\"slide\"><div class=\"swiper-slide-bg\" role=\"img\" aria-label=\"Visualizza da Traceparts - Access\"><\/div><div class=\"elementor-background-overlay\"><\/div><a class=\"swiper-slide-inner\" href=\"\/de\/schneller-kontakt\/\"><div class=\"swiper-slide-contents\"><div class=\"elementor-slide-heading\">Traceparts<\/div><div class=\"elementor-slide-description\"><p>Die vollst\u00e4ndige, aktuelle und jederzeit verf\u00fcgbare Accessafe 3D-Bibliothek<\/p>\n<\/div><div  class=\"elementor-button elementor-slide-button elementor-size-sm\">Kontaktieren Sie uns<\/div><\/div><\/a><\/div>\t\t\t\t<\/div>\n\t\t\t\t\t\t\t<\/div>\n\t\t\t\t<\/div>\n\t\t\t\t\t\t\t\t<\/div>\n\t\t\t\t<\/div>\n\t\t\t\t\t<\/div>\n\t\t<\/div>\n\t\t\t\t\t<\/div>\n\t\t<\/section>\n\t\t\t\t<section class=\"elementor-section elementor-top-section elementor-element elementor-element-f19ec24 elementor-section-boxed elementor-section-height-default elementor-section-height-default\" data-id=\"f19ec24\" data-element_type=\"section\" data-e-type=\"section\">\n\t\t\t\t\t\t<div class=\"elementor-container elementor-column-gap-default\">\n\t\t\t\t\t<div class=\"elementor-column elementor-col-100 elementor-top-column elementor-element elementor-element-1145127\" data-id=\"1145127\" data-element_type=\"column\" data-e-type=\"column\">\n\t\t\t<div class=\"elementor-widget-wrap elementor-element-populated\">\n\t\t\t\t\t\t<div class=\"elementor-element elementor-element-a388588 elementor-widget elementor-widget-text-editor\" data-id=\"a388588\" data-element_type=\"widget\" data-e-type=\"widget\" data-widget_type=\"text-editor.default\">\n\t\t\t\t<div class=\"elementor-widget-container\">\n\t\t\t\t\t\t\t\t\t<p>Sehen Sie sich mehr als 8.000 Access-Produkte in 3D an und laden Sie sie von <strong>Traceparts<\/strong> herunter, und erstellen Sie Ihre eigenen benutzerdefinierten Bibliotheken, um Ihr Projekt unabh\u00e4ngig zu kaufen, indem Sie es in myaccess e-commerce importieren. Unser Zugangskonfigurator f\u00fcr die optimale Auswahl des Zugangs steht Ihnen zur Verf\u00fcgung.<\/p>\n<p>Kostenlos, aktuell und immer verf\u00fcgbar.<\/p>\n<p style=\"text-align: center;\"><span style=\"color: #000000;\"><strong>Erstellen Sie direkt Ihre Zugangsdaten, um unsere Produkte im Format Ihrer Wahl herunterzuladen<\/strong><\/span><\/p>\n\t\t\t\t\t\t\t\t<\/div>\n\t\t\t\t<\/div>\n\t\t\t\t\t<\/div>\n\t\t<\/div>\n\t\t\t\t\t<\/div>\n\t\t<\/section>\n\t\t\t\t<section class=\"elementor-section elementor-top-section elementor-element elementor-element-df3fd18 elementor-hidden-mobile elementor-section-boxed elementor-section-height-default elementor-section-height-default\" data-id=\"df3fd18\" data-element_type=\"section\" data-e-type=\"section\">\n\t\t\t\t\t\t<div class=\"elementor-container elementor-column-gap-default\">\n\t\t\t\t\t<div class=\"elementor-column elementor-col-100 elementor-top-column elementor-element elementor-element-fc488a5\" data-id=\"fc488a5\" data-element_type=\"column\" data-e-type=\"column\" data-settings=\"{&quot;background_background&quot;:&quot;classic&quot;}\">\n\t\t\t<div class=\"elementor-widget-wrap elementor-element-populated\">\n\t\t\t\t\t\t<div class=\"elementor-element elementor-element-ed8bad9 elementor-widget elementor-widget-image\" data-id=\"ed8bad9\" data-element_type=\"widget\" data-e-type=\"widget\" data-widget_type=\"image.default\">\n\t\t\t\t<div class=\"elementor-widget-container\">\n\t\t\t\t\t\t\t\t\t\t\t\t\t\t\t<img fetchpriority=\"high\" decoding=\"async\" width=\"1600\" height=\"750\" src=\"https:\/\/www.accessafe.eu\/wp-content\/uploads\/2024\/07\/traceparts-tedesco.jpg\" class=\"attachment-full size-full wp-image-15588\" alt=\"\" srcset=\"https:\/\/www.accessafe.eu\/wp-content\/uploads\/2024\/07\/traceparts-tedesco.jpg 1600w, https:\/\/www.accessafe.eu\/wp-content\/uploads\/2024\/07\/traceparts-tedesco-300x141.jpg 300w, https:\/\/www.accessafe.eu\/wp-content\/uploads\/2024\/07\/traceparts-tedesco-1024x480.jpg 1024w, https:\/\/www.accessafe.eu\/wp-content\/uploads\/2024\/07\/traceparts-tedesco-768x360.jpg 768w, https:\/\/www.accessafe.eu\/wp-content\/uploads\/2024\/07\/traceparts-tedesco-1536x720.jpg 1536w, https:\/\/www.accessafe.eu\/wp-content\/uploads\/2024\/07\/traceparts-tedesco-600x281.jpg 600w\" sizes=\"(max-width: 1600px) 100vw, 1600px\" \/>\t\t\t\t\t\t\t\t\t\t\t\t\t\t\t<\/div>\n\t\t\t\t<\/div>\n\t\t\t\t<div class=\"elementor-element elementor-element-db597f9 elementor-align-center elementor-widget elementor-widget-button\" data-id=\"db597f9\" data-element_type=\"widget\" data-e-type=\"widget\" data-widget_type=\"button.default\">\n\t\t\t\t<div class=\"elementor-widget-container\">\n\t\t\t\t\t\t\t\t\t<div class=\"elementor-button-wrapper\">\n\t\t\t\t\t<a class=\"elementor-button elementor-button-link elementor-size-sm\" href=\"https:\/\/www.traceparts.com\/de\/search\/access?CatalogPath=ACCESS%3AF_ACCESS\" target=\"_blank\">\n\t\t\t\t\t\t<span class=\"elementor-button-content-wrapper\">\n\t\t\t\t\t\t\t\t\t<span class=\"elementor-button-text\">Zugriff auf den 3D-CAD-Katalog<\/span>\n\t\t\t\t\t<\/span>\n\t\t\t\t\t<\/a>\n\t\t\t\t<\/div>\n\t\t\t\t\t\t\t\t<\/div>\n\t\t\t\t<\/div>\n\t\t\t\t\t<\/div>\n\t\t<\/div>\n\t\t\t\t\t<\/div>\n\t\t<\/section>\n\t\t\t\t<section class=\"elementor-section elementor-top-section elementor-element elementor-element-37049de elementor-hidden-desktop elementor-hidden-tablet elementor-section-boxed elementor-section-height-default elementor-section-height-default\" data-id=\"37049de\" data-element_type=\"section\" data-e-type=\"section\">\n\t\t\t\t\t\t<div class=\"elementor-container elementor-column-gap-default\">\n\t\t\t\t\t<div class=\"elementor-column elementor-col-100 elementor-top-column elementor-element elementor-element-a791ca3\" data-id=\"a791ca3\" data-element_type=\"column\" data-e-type=\"column\" data-settings=\"{&quot;background_background&quot;:&quot;classic&quot;}\">\n\t\t\t<div class=\"elementor-widget-wrap elementor-element-populated\">\n\t\t\t\t\t\t<div class=\"elementor-element elementor-element-2573656 elementor-widget elementor-widget-image\" data-id=\"2573656\" data-element_type=\"widget\" data-e-type=\"widget\" data-widget_type=\"image.default\">\n\t\t\t\t<div class=\"elementor-widget-container\">\n\t\t\t\t\t\t\t\t\t\t\t\t\t\t\t<img fetchpriority=\"high\" decoding=\"async\" width=\"1600\" height=\"750\" src=\"https:\/\/www.accessafe.eu\/wp-content\/uploads\/2024\/07\/traceparts-tedesco.jpg\" class=\"attachment-full size-full wp-image-15588\" alt=\"\" srcset=\"https:\/\/www.accessafe.eu\/wp-content\/uploads\/2024\/07\/traceparts-tedesco.jpg 1600w, https:\/\/www.accessafe.eu\/wp-content\/uploads\/2024\/07\/traceparts-tedesco-300x141.jpg 300w, https:\/\/www.accessafe.eu\/wp-content\/uploads\/2024\/07\/traceparts-tedesco-1024x480.jpg 1024w, https:\/\/www.accessafe.eu\/wp-content\/uploads\/2024\/07\/traceparts-tedesco-768x360.jpg 768w, https:\/\/www.accessafe.eu\/wp-content\/uploads\/2024\/07\/traceparts-tedesco-1536x720.jpg 1536w, https:\/\/www.accessafe.eu\/wp-content\/uploads\/2024\/07\/traceparts-tedesco-600x281.jpg 600w\" sizes=\"(max-width: 1600px) 100vw, 1600px\" \/>\t\t\t\t\t\t\t\t\t\t\t\t\t\t\t<\/div>\n\t\t\t\t<\/div>\n\t\t\t\t<div class=\"elementor-element elementor-element-3fe9af7 elementor-align-center elementor-widget elementor-widget-button\" data-id=\"3fe9af7\" data-element_type=\"widget\" data-e-type=\"widget\" data-widget_type=\"button.default\">\n\t\t\t\t<div class=\"elementor-widget-container\">\n\t\t\t\t\t\t\t\t\t<div class=\"elementor-button-wrapper\">\n\t\t\t\t\t<a class=\"elementor-button elementor-button-link elementor-size-sm\" href=\"https:\/\/www.traceparts.com\/de\/search\/access?CatalogPath=ACCESS%3AF_ACCESS\" target=\"_blank\">\n\t\t\t\t\t\t<span class=\"elementor-button-content-wrapper\">\n\t\t\t\t\t\t\t\t\t<span class=\"elementor-button-text\">Zugriff auf den 3D-CAD-Katalog<\/span>\n\t\t\t\t\t<\/span>\n\t\t\t\t\t<\/a>\n\t\t\t\t<\/div>\n\t\t\t\t\t\t\t\t<\/div>\n\t\t\t\t<\/div>\n\t\t\t\t\t<\/div>\n\t\t<\/div>\n\t\t\t\t\t<\/div>\n\t\t<\/section>\n\t\t\t\t<section class=\"elementor-section elementor-top-section elementor-element elementor-element-2b21126f elementor-section-full_width elementor-hidden-desktop elementor-hidden-tablet elementor-hidden-mobile elementor-section-height-default elementor-section-height-default\" data-id=\"2b21126f\" data-element_type=\"section\" data-e-type=\"section\">\n\t\t\t\t\t\t<div class=\"elementor-container elementor-column-gap-default\">\n\t\t\t\t\t<div class=\"elementor-column elementor-col-100 elementor-top-column elementor-element elementor-element-191b93d8\" data-id=\"191b93d8\" data-element_type=\"column\" data-e-type=\"column\">\n\t\t\t<div class=\"elementor-widget-wrap elementor-element-populated\">\n\t\t\t\t\t\t<div class=\"elementor-element elementor-element-4e6e5299 elementor-widget elementor-widget-text-editor\" data-id=\"4e6e5299\" data-element_type=\"widget\" data-e-type=\"widget\" data-widget_type=\"text-editor.default\">\n\t\t\t\t<div class=\"elementor-widget-container\">\n\t\t\t\t\t\t\t\t\t<iframe src=\"https:\/\/www.traceparts.com\/els\/access\" name=\"W3C\" width=\"1600\" height=\"900\">Il browser in uso non supporta iframe\r\n\r\n&nbsp;\r\n\r\n<\/iframe>\t\t\t\t\t\t\t\t<\/div>\n\t\t\t\t<\/div>\n\t\t\t\t\t<\/div>\n\t\t<\/div>\n\t\t\t\t\t<\/div>\n\t\t<\/section>\n\t\t\t\t<\/div>\n\t\t","protected":false},"excerpt":{"rendered":"<p>Traceparts Die vollst\u00e4ndige, aktuelle und jederzeit verf\u00fcgbare Accessafe 3D-Bibliothek Kontaktieren Sie uns Sehen Sie sich mehr als 8.000 Access-Produkte in 3D an und laden Sie sie von Traceparts herunter, und erstellen Sie Ihre eigenen benutzerdefinierten Bibliotheken, um Ihr Projekt unabh\u00e4ngig zu kaufen, indem Sie es in myaccess e-commerce importieren. Unser Zugangskonfigurator f\u00fcr die optimale Auswahl [&hellip;]<\/p>\n","protected":false},"author":2,"featured_media":5485,"parent":0,"menu_order":0,"comment_status":"closed","ping_status":"closed","template":"","meta":{"site-sidebar-layout":"no-sidebar","site-content-layout":"page-builder","ast-site-content-layout":"default","site-content-style":"default","site-sidebar-style":"default","ast-global-header-display":"","ast-banner-title-visibility":"","ast-main-header-display":"","ast-hfb-above-header-display":"","ast-hfb-below-header-display":"","ast-hfb-mobile-header-display":"","site-post-title":"disabled","ast-breadcrumbs-content":"","ast-featured-img":"disabled","footer-sml-layout":"","ast-disable-related-posts":"","theme-transparent-header-meta":"","adv-header-id-meta":"","stick-header-meta":"","header-above-stick-meta":"","header-main-stick-meta":"","header-below-stick-meta":"","astra-migrate-meta-layouts":"default","ast-page-background-enabled":"default","ast-page-background-meta":{"desktop":{"background-color":"var(--ast-global-color-4)","background-image":"","background-repeat":"repeat","background-position":"center center","background-size":"auto","background-attachment":"scroll","background-type":"","background-media":"","overlay-type":"","overlay-color":"","overlay-opacity":"","overlay-gradient":""},"tablet":{"background-color":"","background-image":"","background-repeat":"repeat","background-position":"center center","background-size":"auto","background-attachment":"scroll","background-type":"","background-media":"","overlay-type":"","overlay-color":"","overlay-opacity":"","overlay-gradient":""},"mobile":{"background-color":"","background-image":"","background-repeat":"repeat","background-position":"center center","background-size":"auto","background-attachment":"scroll","background-type":"","background-media":"","overlay-type":"","overlay-color":"","overlay-opacity":"","overlay-gradient":""}},"ast-content-background-meta":{"desktop":{"background-color":"var(--ast-global-color-5)","background-image":"","background-repeat":"repeat","background-position":"center center","background-size":"auto","background-attachment":"scroll","background-type":"","background-media":"","overlay-type":"","overlay-color":"","overlay-opacity":"","overlay-gradient":""},"tablet":{"background-color":"var(--ast-global-color-5)","background-image":"","background-repeat":"repeat","background-position":"center center","background-size":"auto","background-attachment":"scroll","background-type":"","background-media":"","overlay-type":"","overlay-color":"","overlay-opacity":"","overlay-gradient":""},"mobile":{"background-color":"var(--ast-global-color-5)","background-image":"","background-repeat":"repeat","background-position":"center center","background-size":"auto","background-attachment":"scroll","background-type":"","background-media":"","overlay-type":"","overlay-color":"","overlay-opacity":"","overlay-gradient":""}},"footnotes":""},"class_list":["post-8068","page","type-page","status-publish","has-post-thumbnail","hentry"],"yoast_head":"<!-- This site is optimized with the Yoast SEO Premium plugin v27.4 (Yoast SEO v27.4) - https:\/\/yoast.com\/product\/yoast-seo-premium-wordpress\/ -->\n<title>TRACEPARTS | Access<\/title>\n<meta name=\"description\" content=\"Mit TRACEPARTS k\u00f6nnen Sie mehr als 8.000 3D-Modelle unserer Produkte ansehen und herunterladen, um v\u00f6llig autonom zu planen.\" \/>\n<meta name=\"robots\" content=\"index, follow, max-snippet:-1, max-image-preview:large, max-video-preview:-1\" \/>\n<link rel=\"canonical\" href=\"https:\/\/www.accessafe.eu\/de\/traceparts\/\" \/>\n<meta property=\"og:locale\" content=\"de_DE\" \/>\n<meta property=\"og:type\" content=\"article\" \/>\n<meta property=\"og:title\" content=\"Traceparts\" \/>\n<meta property=\"og:description\" content=\"Mit TRACEPARTS k\u00f6nnen Sie mehr als 8.000 3D-Modelle unserer Produkte ansehen und herunterladen, um v\u00f6llig autonom zu planen.\" \/>\n<meta property=\"og:url\" content=\"https:\/\/www.accessafe.eu\/de\/traceparts\/\" \/>\n<meta property=\"og:site_name\" content=\"Accessafe\" \/>\n<meta property=\"article:modified_time\" content=\"2024-10-08T16:56:06+00:00\" \/>\n<meta property=\"og:image\" content=\"https:\/\/www.accessafe.eu\/wp-content\/uploads\/2023\/01\/Visualizza-e-scarica-con-TRACEPARTS-piu-di-8.000-modelli-in-3D-dei-nostri-prodotti.jpg\" \/>\n\t<meta property=\"og:image:width\" content=\"600\" \/>\n\t<meta property=\"og:image:height\" content=\"600\" \/>\n\t<meta property=\"og:image:type\" content=\"image\/jpeg\" \/>\n<meta name=\"twitter:card\" content=\"summary_large_image\" \/>\n<meta name=\"twitter:label1\" content=\"Gesch\u00e4tzte Lesezeit\" \/>\n\t<meta name=\"twitter:data1\" content=\"1\u00a0Minute\" \/>\n<script type=\"application\/ld+json\" class=\"yoast-schema-graph\">{\"@context\":\"https:\\\/\\\/schema.org\",\"@graph\":[{\"@type\":\"WebPage\",\"@id\":\"https:\\\/\\\/www.accessafe.eu\\\/de\\\/traceparts\\\/\",\"url\":\"https:\\\/\\\/www.accessafe.eu\\\/de\\\/traceparts\\\/\",\"name\":\"TRACEPARTS | Access\",\"isPartOf\":{\"@id\":\"https:\\\/\\\/www.accessafe.eu\\\/de\\\/#website\"},\"primaryImageOfPage\":{\"@id\":\"https:\\\/\\\/www.accessafe.eu\\\/de\\\/traceparts\\\/#primaryimage\"},\"image\":{\"@id\":\"https:\\\/\\\/www.accessafe.eu\\\/de\\\/traceparts\\\/#primaryimage\"},\"thumbnailUrl\":\"https:\\\/\\\/www.accessafe.eu\\\/wp-content\\\/uploads\\\/2023\\\/01\\\/Visualizza-e-scarica-con-TRACEPARTS-piu-di-8.000-modelli-in-3D-dei-nostri-prodotti.jpg\",\"datePublished\":\"2022-11-22T09:08:10+00:00\",\"dateModified\":\"2024-10-08T16:56:06+00:00\",\"description\":\"Mit TRACEPARTS k\u00f6nnen Sie mehr als 8.000 3D-Modelle unserer Produkte ansehen und herunterladen, um v\u00f6llig autonom zu planen.\",\"breadcrumb\":{\"@id\":\"https:\\\/\\\/www.accessafe.eu\\\/de\\\/traceparts\\\/#breadcrumb\"},\"inLanguage\":\"de\",\"potentialAction\":[{\"@type\":\"ReadAction\",\"target\":[\"https:\\\/\\\/www.accessafe.eu\\\/de\\\/traceparts\\\/\"]}]},{\"@type\":\"ImageObject\",\"inLanguage\":\"de\",\"@id\":\"https:\\\/\\\/www.accessafe.eu\\\/de\\\/traceparts\\\/#primaryimage\",\"url\":\"https:\\\/\\\/www.accessafe.eu\\\/wp-content\\\/uploads\\\/2023\\\/01\\\/Visualizza-e-scarica-con-TRACEPARTS-piu-di-8.000-modelli-in-3D-dei-nostri-prodotti.jpg\",\"contentUrl\":\"https:\\\/\\\/www.accessafe.eu\\\/wp-content\\\/uploads\\\/2023\\\/01\\\/Visualizza-e-scarica-con-TRACEPARTS-piu-di-8.000-modelli-in-3D-dei-nostri-prodotti.jpg\",\"width\":600,\"height\":600,\"caption\":\"Visualizza e scarica con TRACEPARTS pi\u00f9 di 8.000 modelli in 3D dei nostri prodotti\"},{\"@type\":\"BreadcrumbList\",\"@id\":\"https:\\\/\\\/www.accessafe.eu\\\/de\\\/traceparts\\\/#breadcrumb\",\"itemListElement\":[{\"@type\":\"ListItem\",\"position\":1,\"name\":\"Home\",\"item\":\"https:\\\/\\\/www.accessafe.eu\\\/de\\\/\"},{\"@type\":\"ListItem\",\"position\":2,\"name\":\"Traceparts\"}]},{\"@type\":\"WebSite\",\"@id\":\"https:\\\/\\\/www.accessafe.eu\\\/de\\\/#website\",\"url\":\"https:\\\/\\\/www.accessafe.eu\\\/de\\\/\",\"name\":\"Accessafe\",\"description\":\"Accessafe partner globale per la sicurezza industriale\",\"publisher\":{\"@id\":\"https:\\\/\\\/www.accessafe.eu\\\/de\\\/#organization\"},\"alternateName\":\"Accessafe\",\"potentialAction\":[{\"@type\":\"SearchAction\",\"target\":{\"@type\":\"EntryPoint\",\"urlTemplate\":\"https:\\\/\\\/www.accessafe.eu\\\/de\\\/?s={search_term_string}\"},\"query-input\":{\"@type\":\"PropertyValueSpecification\",\"valueRequired\":true,\"valueName\":\"search_term_string\"}}],\"inLanguage\":\"de\"},{\"@type\":\"Organization\",\"@id\":\"https:\\\/\\\/www.accessafe.eu\\\/de\\\/#organization\",\"name\":\"Accessafe\",\"alternateName\":\"Accessafe\",\"url\":\"https:\\\/\\\/www.accessafe.eu\\\/de\\\/\",\"logo\":{\"@type\":\"ImageObject\",\"inLanguage\":\"de\",\"@id\":\"https:\\\/\\\/www.accessafe.eu\\\/de\\\/#\\\/schema\\\/logo\\\/image\\\/\",\"url\":\"https:\\\/\\\/www.accessafe.eu\\\/wp-content\\\/uploads\\\/2026\\\/03\\\/accessafe-logotipo.png\",\"contentUrl\":\"https:\\\/\\\/www.accessafe.eu\\\/wp-content\\\/uploads\\\/2026\\\/03\\\/accessafe-logotipo.png\",\"width\":400,\"height\":66,\"caption\":\"Accessafe\"},\"image\":{\"@id\":\"https:\\\/\\\/www.accessafe.eu\\\/de\\\/#\\\/schema\\\/logo\\\/image\\\/\"},\"description\":\"Accessafe \u00e8 il partner globale per la sicurezza industriale: con sistemi di protezione perimetrale, consulenze e soluzioni per la marcatura CE dei macchinari, trasformiamo gli ambienti produttivi in spazi sicuri, efficienti e rispettosi dell\u2019ambiente.\",\"email\":\"info@accessafe.eu\",\"telephone\":\"+390399515951\",\"legalName\":\"Access Srl\",\"vatID\":\"05718410961\",\"taxID\":\"05718410961\"}]}<\/script>\n<!-- \/ Yoast SEO Premium plugin. -->","yoast_head_json":{"title":"TRACEPARTS | Access","description":"Mit TRACEPARTS k\u00f6nnen Sie mehr als 8.000 3D-Modelle unserer Produkte ansehen und herunterladen, um v\u00f6llig autonom zu planen.","robots":{"index":"index","follow":"follow","max-snippet":"max-snippet:-1","max-image-preview":"max-image-preview:large","max-video-preview":"max-video-preview:-1"},"canonical":"https:\/\/www.accessafe.eu\/de\/traceparts\/","og_locale":"de_DE","og_type":"article","og_title":"Traceparts","og_description":"Mit TRACEPARTS k\u00f6nnen Sie mehr als 8.000 3D-Modelle unserer Produkte ansehen und herunterladen, um v\u00f6llig autonom zu planen.","og_url":"https:\/\/www.accessafe.eu\/de\/traceparts\/","og_site_name":"Accessafe","article_modified_time":"2024-10-08T16:56:06+00:00","og_image":[{"width":600,"height":600,"url":"https:\/\/www.accessafe.eu\/wp-content\/uploads\/2023\/01\/Visualizza-e-scarica-con-TRACEPARTS-piu-di-8.000-modelli-in-3D-dei-nostri-prodotti.jpg","type":"image\/jpeg"}],"twitter_card":"summary_large_image","twitter_misc":{"Gesch\u00e4tzte Lesezeit":"1\u00a0Minute"},"schema":{"@context":"https:\/\/schema.org","@graph":[{"@type":"WebPage","@id":"https:\/\/www.accessafe.eu\/de\/traceparts\/","url":"https:\/\/www.accessafe.eu\/de\/traceparts\/","name":"TRACEPARTS | Access","isPartOf":{"@id":"https:\/\/www.accessafe.eu\/de\/#website"},"primaryImageOfPage":{"@id":"https:\/\/www.accessafe.eu\/de\/traceparts\/#primaryimage"},"image":{"@id":"https:\/\/www.accessafe.eu\/de\/traceparts\/#primaryimage"},"thumbnailUrl":"https:\/\/www.accessafe.eu\/wp-content\/uploads\/2023\/01\/Visualizza-e-scarica-con-TRACEPARTS-piu-di-8.000-modelli-in-3D-dei-nostri-prodotti.jpg","datePublished":"2022-11-22T09:08:10+00:00","dateModified":"2024-10-08T16:56:06+00:00","description":"Mit TRACEPARTS k\u00f6nnen Sie mehr als 8.000 3D-Modelle unserer Produkte ansehen und herunterladen, um v\u00f6llig autonom zu planen.","breadcrumb":{"@id":"https:\/\/www.accessafe.eu\/de\/traceparts\/#breadcrumb"},"inLanguage":"de","potentialAction":[{"@type":"ReadAction","target":["https:\/\/www.accessafe.eu\/de\/traceparts\/"]}]},{"@type":"ImageObject","inLanguage":"de","@id":"https:\/\/www.accessafe.eu\/de\/traceparts\/#primaryimage","url":"https:\/\/www.accessafe.eu\/wp-content\/uploads\/2023\/01\/Visualizza-e-scarica-con-TRACEPARTS-piu-di-8.000-modelli-in-3D-dei-nostri-prodotti.jpg","contentUrl":"https:\/\/www.accessafe.eu\/wp-content\/uploads\/2023\/01\/Visualizza-e-scarica-con-TRACEPARTS-piu-di-8.000-modelli-in-3D-dei-nostri-prodotti.jpg","width":600,"height":600,"caption":"Visualizza e scarica con TRACEPARTS pi\u00f9 di 8.000 modelli in 3D dei nostri prodotti"},{"@type":"BreadcrumbList","@id":"https:\/\/www.accessafe.eu\/de\/traceparts\/#breadcrumb","itemListElement":[{"@type":"ListItem","position":1,"name":"Home","item":"https:\/\/www.accessafe.eu\/de\/"},{"@type":"ListItem","position":2,"name":"Traceparts"}]},{"@type":"WebSite","@id":"https:\/\/www.accessafe.eu\/de\/#website","url":"https:\/\/www.accessafe.eu\/de\/","name":"Accessafe","description":"Accessafe partner globale per la sicurezza industriale","publisher":{"@id":"https:\/\/www.accessafe.eu\/de\/#organization"},"alternateName":"Accessafe","potentialAction":[{"@type":"SearchAction","target":{"@type":"EntryPoint","urlTemplate":"https:\/\/www.accessafe.eu\/de\/?s={search_term_string}"},"query-input":{"@type":"PropertyValueSpecification","valueRequired":true,"valueName":"search_term_string"}}],"inLanguage":"de"},{"@type":"Organization","@id":"https:\/\/www.accessafe.eu\/de\/#organization","name":"Accessafe","alternateName":"Accessafe","url":"https:\/\/www.accessafe.eu\/de\/","logo":{"@type":"ImageObject","inLanguage":"de","@id":"https:\/\/www.accessafe.eu\/de\/#\/schema\/logo\/image\/","url":"https:\/\/www.accessafe.eu\/wp-content\/uploads\/2026\/03\/accessafe-logotipo.png","contentUrl":"https:\/\/www.accessafe.eu\/wp-content\/uploads\/2026\/03\/accessafe-logotipo.png","width":400,"height":66,"caption":"Accessafe"},"image":{"@id":"https:\/\/www.accessafe.eu\/de\/#\/schema\/logo\/image\/"},"description":"Accessafe \u00e8 il partner globale per la sicurezza industriale: con sistemi di protezione perimetrale, consulenze e soluzioni per la marcatura CE dei macchinari, trasformiamo gli ambienti produttivi in spazi sicuri, efficienti e rispettosi dell\u2019ambiente.","email":"info@accessafe.eu","telephone":"+390399515951","legalName":"Access Srl","vatID":"05718410961","taxID":"05718410961"}]}},"_links":{"self":[{"href":"https:\/\/www.accessafe.eu\/de\/wp-json\/wp\/v2\/pages\/8068","targetHints":{"allow":["GET"]}}],"collection":[{"href":"https:\/\/www.accessafe.eu\/de\/wp-json\/wp\/v2\/pages"}],"about":[{"href":"https:\/\/www.accessafe.eu\/de\/wp-json\/wp\/v2\/types\/page"}],"author":[{"embeddable":true,"href":"https:\/\/www.accessafe.eu\/de\/wp-json\/wp\/v2\/users\/2"}],"replies":[{"embeddable":true,"href":"https:\/\/www.accessafe.eu\/de\/wp-json\/wp\/v2\/comments?post=8068"}],"version-history":[{"count":5,"href":"https:\/\/www.accessafe.eu\/de\/wp-json\/wp\/v2\/pages\/8068\/revisions"}],"predecessor-version":[{"id":15596,"href":"https:\/\/www.accessafe.eu\/de\/wp-json\/wp\/v2\/pages\/8068\/revisions\/15596"}],"wp:featuredmedia":[{"embeddable":true,"href":"https:\/\/www.accessafe.eu\/de\/wp-json\/wp\/v2\/media\/5485"}],"wp:attachment":[{"href":"https:\/\/www.accessafe.eu\/de\/wp-json\/wp\/v2\/media?parent=8068"}],"curies":[{"name":"wp","href":"https:\/\/api.w.org\/{rel}","templated":true}]}}