{"id":13630,"date":"2022-12-27T09:00:28","date_gmt":"2022-12-27T08:00:28","guid":{"rendered":"https:\/\/www.accessafe.eu\/prodotto\/linea\/"},"modified":"2025-05-30T12:28:39","modified_gmt":"2025-05-30T10:28:39","slug":"linea","status":"publish","type":"product","link":"https:\/\/www.accessafe.eu\/de\/produkt\/linea\/","title":{"rendered":"Linie ZA Modula"},"content":{"rendered":"\t\t<div data-elementor-type=\"product-post\" data-elementor-id=\"13630\" class=\"elementor elementor-13630 elementor-13421\" data-elementor-post-type=\"product\">\n\t\t\t\t\t\t<section class=\"elementor-section elementor-top-section elementor-element elementor-element-d147574 elementor-section-boxed elementor-section-height-default elementor-section-height-default\" data-id=\"d147574\" data-element_type=\"section\" data-e-type=\"section\">\n\t\t\t\t\t\t<div class=\"elementor-container elementor-column-gap-default\">\n\t\t\t\t\t<div class=\"elementor-column elementor-col-50 elementor-top-column elementor-element elementor-element-cd70152\" data-id=\"cd70152\" data-element_type=\"column\" data-e-type=\"column\">\n\t\t\t<div class=\"elementor-widget-wrap elementor-element-populated\">\n\t\t\t\t\t\t<div class=\"elementor-element elementor-element-0776c03 elementor-widget elementor-widget-heading\" data-id=\"0776c03\" data-element_type=\"widget\" data-e-type=\"widget\" data-widget_type=\"heading.default\">\n\t\t\t\t<div class=\"elementor-widget-container\">\n\t\t\t\t\t<h3 class=\"elementor-heading-title elementor-size-default\">BEFESTIGUNGSSYSTEM<\/h3>\t\t\t\t<\/div>\n\t\t\t\t<\/div>\n\t\t\t\t<div class=\"elementor-element elementor-element-0d984b8 elementor-widget elementor-widget-text-editor\" data-id=\"0d984b8\" data-element_type=\"widget\" data-e-type=\"widget\" data-widget_type=\"text-editor.default\">\n\t\t\t\t<div class=\"elementor-widget-container\">\n\t\t\t\t\t\t\t\t\t<p><strong>EUROP\u00c4ISCHES PATENT Nr. 3708742<\/strong> &#8211; Kunststoffplatten mit unverlierbaren Schrauben zur Befestigung an Pfosten, die mit dem Paneel geliefert werden, erm\u00f6glichen eine H\u00f6heneinstellung von 23 mm.<\/p>\n\t\t\t\t\t\t\t\t<\/div>\n\t\t\t\t<\/div>\n\t\t\t\t<div class=\"elementor-element elementor-element-94f7c33 elementor-widget elementor-widget-global elementor-global-7169 elementor-global-2788 elementor-widget-heading\" data-id=\"94f7c33\" data-element_type=\"widget\" data-e-type=\"widget\" data-widget_type=\"heading.default\">\n\t\t\t\t<div class=\"elementor-widget-container\">\n\t\t\t\t\t<h3 class=\"elementor-heading-title elementor-size-default\">KOMPATIBILIT\u00c4T<\/h3>\t\t\t\t<\/div>\n\t\t\t\t<\/div>\n\t\t\t\t<div class=\"elementor-element elementor-element-b57cc25 elementor-widget elementor-widget-text-editor\" data-id=\"b57cc25\" data-element_type=\"widget\" data-e-type=\"widget\" data-widget_type=\"text-editor.default\">\n\t\t\t\t<div class=\"elementor-widget-container\">\n\t\t\t\t\t\t\t\t\t<p>Befestigungssystem Paneel \u2013 Pfosten MODULA<\/p>\n<p>Pfostentyp MODULA:<\/p>\n<ul>\n<li>Vorverzinkt und lackiert (elektrolytische Verzinkung und Pulverbeschichtung);<\/li>\n<li>Feuerverzinkt (in Kombination mit unlackiertem Modula ZA)<\/li>\n<\/ul>\n\t\t\t\t\t\t\t\t<\/div>\n\t\t\t\t<\/div>\n\t\t\t\t<div class=\"elementor-element elementor-element-9e29217 elementor-widget elementor-widget-global elementor-global-7167 elementor-global-2791 elementor-widget-heading\" data-id=\"9e29217\" data-element_type=\"widget\" data-e-type=\"widget\" data-widget_type=\"heading.default\">\n\t\t\t\t<div class=\"elementor-widget-container\">\n\t\t\t\t\t<h3 class=\"elementor-heading-title elementor-size-default\">FARBEN (RAL)<\/h3>\t\t\t\t<\/div>\n\t\t\t\t<\/div>\n\t\t\t\t<div class=\"elementor-element elementor-element-6efece8 elementor-widget elementor-widget-global elementor-global-7559 elementor-global-2799 elementor-widget-text-editor\" data-id=\"6efece8\" data-element_type=\"widget\" data-e-type=\"widget\" data-widget_type=\"text-editor.default\">\n\t\t\t\t<div class=\"elementor-widget-container\">\n\t\t\t\t\t\t\t\t\tDie Wandelemente erhalten eine Epoxidbeschichtung \t\t\t\t\t\t\t\t<\/div>\n\t\t\t\t<\/div>\n\t\t\t\t<div class=\"elementor-element elementor-element-3ffce79 elementor-widget elementor-widget-global elementor-global-7175 elementor-global-2808 elementor-widget-image-carousel\" data-id=\"3ffce79\" data-element_type=\"widget\" data-e-type=\"widget\" data-settings=\"{&quot;navigation&quot;:&quot;none&quot;,&quot;slides_to_show&quot;:&quot;9&quot;,&quot;slides_to_scroll&quot;:&quot;1&quot;,&quot;autoplay&quot;:&quot;no&quot;,&quot;infinite&quot;:&quot;no&quot;,&quot;slides_to_show_tablet&quot;:&quot;7&quot;,&quot;slides_to_show_mobile&quot;:&quot;5&quot;,&quot;speed&quot;:500,&quot;image_spacing_custom&quot;:{&quot;unit&quot;:&quot;px&quot;,&quot;size&quot;:20,&quot;sizes&quot;:[]},&quot;image_spacing_custom_tablet&quot;:{&quot;unit&quot;:&quot;px&quot;,&quot;size&quot;:&quot;&quot;,&quot;sizes&quot;:[]},&quot;image_spacing_custom_mobile&quot;:{&quot;unit&quot;:&quot;px&quot;,&quot;size&quot;:&quot;&quot;,&quot;sizes&quot;:[]}}\" data-widget_type=\"image-carousel.default\">\n\t\t\t\t<div class=\"elementor-widget-container\">\n\t\t\t\t\t\t\t<div class=\"elementor-image-carousel-wrapper swiper\" role=\"region\" aria-roledescription=\"carousel\" aria-label=\"Bild Karussell\" dir=\"ltr\">\n\t\t\t<div class=\"elementor-image-carousel swiper-wrapper\" aria-live=\"polite\">\n\t\t\t\t\t\t\t\t<div class=\"swiper-slide\" role=\"group\" aria-roledescription=\"slide\" aria-label=\"1 von 3\"><figure class=\"swiper-slide-inner\"><img decoding=\"async\" class=\"swiper-slide-image\" src=\"https:\/\/www.accessafe.eu\/wp-content\/uploads\/2022\/10\/Colorazione-nera.svg\" alt=\"9005\" \/><figcaption class=\"elementor-image-carousel-caption\">9005<\/figcaption><\/figure><\/div><div class=\"swiper-slide\" role=\"group\" aria-roledescription=\"slide\" aria-label=\"2 von 3\"><figure class=\"swiper-slide-inner\"><img decoding=\"async\" class=\"swiper-slide-image\" src=\"https:\/\/www.accessafe.eu\/wp-content\/uploads\/2022\/10\/Colorazione-gialla.svg\" alt=\"Colorazione RAL gialla\" \/><figcaption class=\"elementor-image-carousel-caption\">1018<\/figcaption><\/figure><\/div><div class=\"swiper-slide\" role=\"group\" aria-roledescription=\"slide\" aria-label=\"3 von 3\"><figure class=\"swiper-slide-inner\"><img decoding=\"async\" class=\"swiper-slide-image\" src=\"https:\/\/www.accessafe.eu\/wp-content\/uploads\/2022\/10\/Colorazione-grigia.svg\" alt=\"7035\" \/><figcaption class=\"elementor-image-carousel-caption\">7035<\/figcaption><\/figure><\/div>\t\t\t<\/div>\n\t\t\t\t\t\t\t\n\t\t\t\t\t\t\t\t\t<\/div>\n\t\t\t\t\t\t<\/div>\n\t\t\t\t<\/div>\n\t\t\t\t<div class=\"elementor-element elementor-element-874eb3a elementor-widget elementor-widget-global elementor-global-7758 elementor-global-2802 elementor-widget-text-editor\" data-id=\"874eb3a\" data-element_type=\"widget\" data-e-type=\"widget\" data-widget_type=\"text-editor.default\">\n\t\t\t\t<div class=\"elementor-widget-container\">\n\t\t\t\t\t\t\t\t\tAndere Farben auf Anfrage \t\t\t\t\t\t\t\t<\/div>\n\t\t\t\t<\/div>\n\t\t\t\t<div class=\"elementor-element elementor-element-f2dd4e9 elementor-widget elementor-widget-text-editor\" data-id=\"f2dd4e9\" data-element_type=\"widget\" data-e-type=\"widget\" data-widget_type=\"text-editor.default\">\n\t\t\t\t<div class=\"elementor-widget-container\">\n\t\t\t\t\t\t\t\t\t<p><strong>* nur f\u00fcr die H\u00f6he 1887 verf\u00fcgbar<\/strong><\/p>\n\t\t\t\t\t\t\t\t<\/div>\n\t\t\t\t<\/div>\n\t\t\t\t\t<\/div>\n\t\t<\/div>\n\t\t\t\t<div class=\"elementor-column elementor-col-50 elementor-top-column elementor-element elementor-element-acec69b\" data-id=\"acec69b\" data-element_type=\"column\" data-e-type=\"column\">\n\t\t\t<div class=\"elementor-widget-wrap elementor-element-populated\">\n\t\t\t\t\t\t<div class=\"elementor-element elementor-element-2c9ce8e elementor-widget elementor-widget-image\" data-id=\"2c9ce8e\" data-element_type=\"widget\" data-e-type=\"widget\" data-widget_type=\"image.default\">\n\t\t\t\t<div class=\"elementor-widget-container\">\n\t\t\t\t\t\t\t\t\t\t\t\t\t\t\t<img fetchpriority=\"high\" decoding=\"async\" width=\"500\" height=\"860\" src=\"https:\/\/www.accessafe.eu\/wp-content\/uploads\/2022\/12\/Serie-modula-ZA-Access.jpg\" class=\"attachment-full size-full wp-image-14654\" alt=\"\" srcset=\"https:\/\/www.accessafe.eu\/wp-content\/uploads\/2022\/12\/Serie-modula-ZA-Access.jpg 500w, https:\/\/www.accessafe.eu\/wp-content\/uploads\/2022\/12\/Serie-modula-ZA-Access-174x300.jpg 174w\" sizes=\"(max-width: 500px) 100vw, 500px\" \/>\t\t\t\t\t\t\t\t\t\t\t\t\t\t\t<\/div>\n\t\t\t\t<\/div>\n\t\t\t\t\t<\/div>\n\t\t<\/div>\n\t\t\t\t\t<\/div>\n\t\t<\/section>\n\t\t\t\t<\/div>\n\t\t","protected":false},"excerpt":{"rendered":"<p>Die Abk\u00fcrzung ZA bezieht sich auf Stahl mit einer Zink-Aluminium-Beschichtung von 95 % bzw. 5 %. Diese Beschichtung verleiht dem Stahl bessere Formgebungs- und Schwei\u00dfeigenschaften und tr\u00e4gt zu einer l\u00e4ngeren Lebensdauer bei, indem sie eine etwa doppelt so hohe Korrosionsbest\u00e4ndigkeit wie ein entsprechendes feuerverzinktes St\u00fcck aus Kohlenstoffstahl garantiert (ISO 1461). &amp;quot;Galfan&amp;quot; ist eines der am h\u00e4ufigsten verwendeten Markenzeichen f\u00fcr diese Art von Legierung, die Bezugsnorm ist EN 10346:2015.<\/p>\n<p>Die Serie Modula ZA von Accessafe umfasst modulare Gitterwandelemente mit einer Zink-Aluminium-Beschichtung. Alle Wandelemente der Serie Modula ZA von Accessafe haben eine Maschenweite von 44 x 44 mm und 4 mm Draht und sind mit horizontalen Falten versehen, um dem Paneel ohne Rahmen eine bessere Stabilit\u00e4t und Steifigkeit zu verleihen.<\/p>\n<p>Diese Schutzvorrichtungen f\u00fcr Maschinen werden im Au\u00dfenbereich eingesetzt, d. h. in Arbeitsbereichen, in denen L\u00f6sungsmittel oder abrasive L\u00f6sungen vorhanden sind, wie z. B. bei Steinschneidemaschinen, Maschinen zur Oberfl\u00e4chenbehandlung oder Anlagen f\u00fcr die chemische Industrie.<\/p>\n<p>Die Wandelemente der Serie Modula ZA k\u00f6nnen auch pulverbeschichtet nach unseren Standard- RAL-Farben oder auf Anfrage geliefert werden. Auf diese Weise wird ein \u00e4sthetisches Ergebnis erzielt, das mit dem eines Produkts f\u00fcr den Innenbereich identisch ist, jedoch \u00fcber eine enorm hohe Oxidationsbest\u00e4ndigkeit verf\u00fcgt.<\/p>\n<h3>REFERENZNORMEN<\/h3>\n<p><strong>Die Linie Modula ZA von Accessafe erf\u00fcllt die folgenden Normen:<\/strong><\/p>\n<ul>\n<li>UNI EN ISO 13857:2020 Mindestabstand zur Gefahr 200mm<\/li>\n<\/ul>\n<h3>ANWENDUNGSBEREICH<\/h3>\n<ul>\n<li>Anwendungen im Au\u00dfenbereich;<\/li>\n<li>Arbeitsbereiche, in denen Wasser, L\u00f6sungsmittel oder abrasive L\u00f6sungen vorhanden sind;<\/li>\n<li>Steinbearbeitungsmaschinen, Oberfl\u00e4chenbehandlungsanlagen und in der chemischen Industrie.<\/li>\n<\/ul>\n","protected":false},"featured_media":3242,"template":"","meta":{"site-sidebar-layout":"no-sidebar","site-content-layout":"page-builder","ast-site-content-layout":"full-width-container","site-content-style":"unboxed","site-sidebar-style":"unboxed","ast-global-header-display":"","ast-banner-title-visibility":"","ast-main-header-display":"","ast-hfb-above-header-display":"","ast-hfb-below-header-display":"","ast-hfb-mobile-header-display":"","site-post-title":"disabled","ast-breadcrumbs-content":"","ast-featured-img":"disabled","footer-sml-layout":"","ast-disable-related-posts":"","theme-transparent-header-meta":"default","adv-header-id-meta":"","stick-header-meta":"","header-above-stick-meta":"","header-main-stick-meta":"","header-below-stick-meta":"","astra-migrate-meta-layouts":"default","ast-page-background-enabled":"default","ast-page-background-meta":{"desktop":{"background-color":"var(--ast-global-color-4)","background-image":"","background-repeat":"repeat","background-position":"center center","background-size":"auto","background-attachment":"scroll","background-type":"","background-media":"","overlay-type":"","overlay-color":"","overlay-opacity":"","overlay-gradient":""},"tablet":{"background-color":"","background-image":"","background-repeat":"repeat","background-position":"center center","background-size":"auto","background-attachment":"scroll","background-type":"","background-media":"","overlay-type":"","overlay-color":"","overlay-opacity":"","overlay-gradient":""},"mobile":{"background-color":"","background-image":"","background-repeat":"repeat","background-position":"center center","background-size":"auto","background-attachment":"scroll","background-type":"","background-media":"","overlay-type":"","overlay-color":"","overlay-opacity":"","overlay-gradient":""}},"ast-content-background-meta":{"desktop":{"background-color":"var(--ast-global-color-5)","background-image":"","background-repeat":"repeat","background-position":"center center","background-size":"auto","background-attachment":"scroll","background-type":"","background-media":"","overlay-type":"","overlay-color":"","overlay-opacity":"","overlay-gradient":""},"tablet":{"background-color":"var(--ast-global-color-5)","background-image":"","background-repeat":"repeat","background-position":"center center","background-size":"auto","background-attachment":"scroll","background-type":"","background-media":"","overlay-type":"","overlay-color":"","overlay-opacity":"","overlay-gradient":""},"mobile":{"background-color":"var(--ast-global-color-5)","background-image":"","background-repeat":"repeat","background-position":"center center","background-size":"auto","background-attachment":"scroll","background-type":"","background-media":"","overlay-type":"","overlay-color":"","overlay-opacity":"","overlay-gradient":""}}},"product_brand":[],"product_cat":[165,171],"product_tag":[298,250],"class_list":{"0":"post-13630","1":"product","2":"type-product","3":"status-publish","4":"has-post-thumbnail","6":"product_cat-maschinenschutz","7":"product_cat-paneele","8":"product_tag-aluminiumverzinkung","9":"product_tag-wandelemente-ohne-rahmen","10":"desktop-align-left","11":"tablet-align-left","12":"mobile-align-left","13":"ast-product-gallery-layout-horizontal-slider","14":"ast-product-gallery-with-no-image","15":"ast-magnify-disabled","16":"ast-product-tabs-layout-horizontal","18":"first","19":"instock","20":"shipping-taxable","21":"product-type-simple"},"yoast_head":"<!-- This site is optimized with the Yoast SEO Premium plugin v27.5 (Yoast SEO v27.5) - https:\/\/yoast.com\/product\/yoast-seo-premium-wordpress\/ -->\n<title>Linie ZA Modula | Access<\/title>\n<meta name=\"description\" content=\"Die Serie Modula ZA von Accessafe umfasst modulare Gitterwandelemente mit einer Zink-Aluminium-Beschichtung.\" \/>\n<meta name=\"robots\" content=\"index, follow, max-snippet:-1, max-image-preview:large, max-video-preview:-1\" \/>\n<link rel=\"canonical\" href=\"https:\/\/www.accessafe.eu\/de\/produkt\/linea\/\" \/>\n<meta property=\"og:locale\" content=\"de_DE\" \/>\n<meta property=\"og:type\" content=\"article\" \/>\n<meta property=\"og:title\" content=\"Linie ZA Modula\" \/>\n<meta property=\"og:description\" content=\"Die Serie Modula ZA von Accessafe umfasst modulare Gitterwandelemente mit einer Zink-Aluminium-Beschichtung.\" \/>\n<meta property=\"og:url\" content=\"https:\/\/www.accessafe.eu\/de\/produkt\/linea\/\" \/>\n<meta property=\"og:site_name\" content=\"Accessafe\" \/>\n<meta property=\"article:modified_time\" content=\"2025-05-30T10:28:39+00:00\" \/>\n<meta property=\"og:image\" content=\"https:\/\/www.accessafe.eu\/wp-content\/uploads\/2022\/12\/Serie-Modula-Access.jpg\" \/>\n\t<meta property=\"og:image:width\" content=\"330\" \/>\n\t<meta property=\"og:image:height\" content=\"780\" \/>\n\t<meta property=\"og:image:type\" content=\"image\/jpeg\" \/>\n<meta name=\"twitter:card\" content=\"summary_large_image\" \/>\n<script type=\"application\/ld+json\" class=\"yoast-schema-graph\">{\"@context\":\"https:\\\/\\\/schema.org\",\"@graph\":[{\"@type\":\"WebPage\",\"@id\":\"https:\\\/\\\/www.accessafe.eu\\\/de\\\/produkt\\\/linea\\\/\",\"url\":\"https:\\\/\\\/www.accessafe.eu\\\/de\\\/produkt\\\/linea\\\/\",\"name\":\"Linie ZA Modula | Access\",\"isPartOf\":{\"@id\":\"https:\\\/\\\/www.accessafe.eu\\\/de\\\/#website\"},\"primaryImageOfPage\":{\"@id\":\"https:\\\/\\\/www.accessafe.eu\\\/de\\\/produkt\\\/linea\\\/#primaryimage\"},\"image\":{\"@id\":\"https:\\\/\\\/www.accessafe.eu\\\/de\\\/produkt\\\/linea\\\/#primaryimage\"},\"thumbnailUrl\":\"https:\\\/\\\/www.accessafe.eu\\\/wp-content\\\/uploads\\\/2022\\\/12\\\/Serie-Modula-Access.jpg\",\"datePublished\":\"2022-12-27T08:00:28+00:00\",\"dateModified\":\"2025-05-30T10:28:39+00:00\",\"description\":\"Die Serie Modula ZA von Accessafe umfasst modulare Gitterwandelemente mit einer Zink-Aluminium-Beschichtung.\",\"breadcrumb\":{\"@id\":\"https:\\\/\\\/www.accessafe.eu\\\/de\\\/produkt\\\/linea\\\/#breadcrumb\"},\"inLanguage\":\"de\",\"potentialAction\":[{\"@type\":\"ReadAction\",\"target\":[\"https:\\\/\\\/www.accessafe.eu\\\/de\\\/produkt\\\/linea\\\/\"]}]},{\"@type\":\"ImageObject\",\"inLanguage\":\"de\",\"@id\":\"https:\\\/\\\/www.accessafe.eu\\\/de\\\/produkt\\\/linea\\\/#primaryimage\",\"url\":\"https:\\\/\\\/www.accessafe.eu\\\/wp-content\\\/uploads\\\/2022\\\/12\\\/Serie-Modula-Access.jpg\",\"contentUrl\":\"https:\\\/\\\/www.accessafe.eu\\\/wp-content\\\/uploads\\\/2022\\\/12\\\/Serie-Modula-Access.jpg\",\"width\":330,\"height\":780,\"caption\":\"Linie Modula Access\"},{\"@type\":\"BreadcrumbList\",\"@id\":\"https:\\\/\\\/www.accessafe.eu\\\/de\\\/produkt\\\/linea\\\/#breadcrumb\",\"itemListElement\":[{\"@type\":\"ListItem\",\"position\":1,\"name\":\"Home\",\"item\":\"https:\\\/\\\/www.accessafe.eu\\\/de\\\/\"},{\"@type\":\"ListItem\",\"position\":2,\"name\":\"Shop\",\"item\":\"https:\\\/\\\/www.accessafe.eu\\\/?page_id=11\"},{\"@type\":\"ListItem\",\"position\":3,\"name\":\"Linie ZA Modula\"}]},{\"@type\":\"WebSite\",\"@id\":\"https:\\\/\\\/www.accessafe.eu\\\/de\\\/#website\",\"url\":\"https:\\\/\\\/www.accessafe.eu\\\/de\\\/\",\"name\":\"Accessafe\",\"description\":\"Accessafe partner globale per la sicurezza industriale\",\"publisher\":{\"@id\":\"https:\\\/\\\/www.accessafe.eu\\\/de\\\/#organization\"},\"alternateName\":\"Accessafe\",\"potentialAction\":[{\"@type\":\"SearchAction\",\"target\":{\"@type\":\"EntryPoint\",\"urlTemplate\":\"https:\\\/\\\/www.accessafe.eu\\\/de\\\/?s={search_term_string}\"},\"query-input\":{\"@type\":\"PropertyValueSpecification\",\"valueRequired\":true,\"valueName\":\"search_term_string\"}}],\"inLanguage\":\"de\"},{\"@type\":\"Organization\",\"@id\":\"https:\\\/\\\/www.accessafe.eu\\\/de\\\/#organization\",\"name\":\"Accessafe\",\"alternateName\":\"Accessafe\",\"url\":\"https:\\\/\\\/www.accessafe.eu\\\/de\\\/\",\"logo\":{\"@type\":\"ImageObject\",\"inLanguage\":\"de\",\"@id\":\"https:\\\/\\\/www.accessafe.eu\\\/de\\\/#\\\/schema\\\/logo\\\/image\\\/\",\"url\":\"https:\\\/\\\/www.accessafe.eu\\\/wp-content\\\/uploads\\\/2026\\\/03\\\/accessafe-logotipo.png\",\"contentUrl\":\"https:\\\/\\\/www.accessafe.eu\\\/wp-content\\\/uploads\\\/2026\\\/03\\\/accessafe-logotipo.png\",\"width\":400,\"height\":66,\"caption\":\"Accessafe\"},\"image\":{\"@id\":\"https:\\\/\\\/www.accessafe.eu\\\/de\\\/#\\\/schema\\\/logo\\\/image\\\/\"},\"description\":\"Accessafe \u00e8 il partner globale per la sicurezza industriale: con sistemi di protezione perimetrale, consulenze e soluzioni per la marcatura CE dei macchinari, trasformiamo gli ambienti produttivi in spazi sicuri, efficienti e rispettosi dell\u2019ambiente.\",\"email\":\"info@accessafe.eu\",\"telephone\":\"+390399515951\",\"legalName\":\"Access Srl\",\"vatID\":\"05718410961\",\"taxID\":\"05718410961\"}]}<\/script>\n<!-- \/ Yoast SEO Premium plugin. -->","yoast_head_json":{"title":"Linie ZA Modula | Access","description":"Die Serie Modula ZA von Accessafe umfasst modulare Gitterwandelemente mit einer Zink-Aluminium-Beschichtung.","robots":{"index":"index","follow":"follow","max-snippet":"max-snippet:-1","max-image-preview":"max-image-preview:large","max-video-preview":"max-video-preview:-1"},"canonical":"https:\/\/www.accessafe.eu\/de\/produkt\/linea\/","og_locale":"de_DE","og_type":"article","og_title":"Linie ZA Modula","og_description":"Die Serie Modula ZA von Accessafe umfasst modulare Gitterwandelemente mit einer Zink-Aluminium-Beschichtung.","og_url":"https:\/\/www.accessafe.eu\/de\/produkt\/linea\/","og_site_name":"Accessafe","article_modified_time":"2025-05-30T10:28:39+00:00","og_image":[{"width":330,"height":780,"url":"https:\/\/www.accessafe.eu\/wp-content\/uploads\/2022\/12\/Serie-Modula-Access.jpg","type":"image\/jpeg"}],"twitter_card":"summary_large_image","schema":{"@context":"https:\/\/schema.org","@graph":[{"@type":"WebPage","@id":"https:\/\/www.accessafe.eu\/de\/produkt\/linea\/","url":"https:\/\/www.accessafe.eu\/de\/produkt\/linea\/","name":"Linie ZA Modula | Access","isPartOf":{"@id":"https:\/\/www.accessafe.eu\/de\/#website"},"primaryImageOfPage":{"@id":"https:\/\/www.accessafe.eu\/de\/produkt\/linea\/#primaryimage"},"image":{"@id":"https:\/\/www.accessafe.eu\/de\/produkt\/linea\/#primaryimage"},"thumbnailUrl":"https:\/\/www.accessafe.eu\/wp-content\/uploads\/2022\/12\/Serie-Modula-Access.jpg","datePublished":"2022-12-27T08:00:28+00:00","dateModified":"2025-05-30T10:28:39+00:00","description":"Die Serie Modula ZA von Accessafe umfasst modulare Gitterwandelemente mit einer Zink-Aluminium-Beschichtung.","breadcrumb":{"@id":"https:\/\/www.accessafe.eu\/de\/produkt\/linea\/#breadcrumb"},"inLanguage":"de","potentialAction":[{"@type":"ReadAction","target":["https:\/\/www.accessafe.eu\/de\/produkt\/linea\/"]}]},{"@type":"ImageObject","inLanguage":"de","@id":"https:\/\/www.accessafe.eu\/de\/produkt\/linea\/#primaryimage","url":"https:\/\/www.accessafe.eu\/wp-content\/uploads\/2022\/12\/Serie-Modula-Access.jpg","contentUrl":"https:\/\/www.accessafe.eu\/wp-content\/uploads\/2022\/12\/Serie-Modula-Access.jpg","width":330,"height":780,"caption":"Linie Modula Access"},{"@type":"BreadcrumbList","@id":"https:\/\/www.accessafe.eu\/de\/produkt\/linea\/#breadcrumb","itemListElement":[{"@type":"ListItem","position":1,"name":"Home","item":"https:\/\/www.accessafe.eu\/de\/"},{"@type":"ListItem","position":2,"name":"Shop","item":"https:\/\/www.accessafe.eu\/?page_id=11"},{"@type":"ListItem","position":3,"name":"Linie ZA Modula"}]},{"@type":"WebSite","@id":"https:\/\/www.accessafe.eu\/de\/#website","url":"https:\/\/www.accessafe.eu\/de\/","name":"Accessafe","description":"Accessafe partner globale per la sicurezza industriale","publisher":{"@id":"https:\/\/www.accessafe.eu\/de\/#organization"},"alternateName":"Accessafe","potentialAction":[{"@type":"SearchAction","target":{"@type":"EntryPoint","urlTemplate":"https:\/\/www.accessafe.eu\/de\/?s={search_term_string}"},"query-input":{"@type":"PropertyValueSpecification","valueRequired":true,"valueName":"search_term_string"}}],"inLanguage":"de"},{"@type":"Organization","@id":"https:\/\/www.accessafe.eu\/de\/#organization","name":"Accessafe","alternateName":"Accessafe","url":"https:\/\/www.accessafe.eu\/de\/","logo":{"@type":"ImageObject","inLanguage":"de","@id":"https:\/\/www.accessafe.eu\/de\/#\/schema\/logo\/image\/","url":"https:\/\/www.accessafe.eu\/wp-content\/uploads\/2026\/03\/accessafe-logotipo.png","contentUrl":"https:\/\/www.accessafe.eu\/wp-content\/uploads\/2026\/03\/accessafe-logotipo.png","width":400,"height":66,"caption":"Accessafe"},"image":{"@id":"https:\/\/www.accessafe.eu\/de\/#\/schema\/logo\/image\/"},"description":"Accessafe \u00e8 il partner globale per la sicurezza industriale: con sistemi di protezione perimetrale, consulenze e soluzioni per la marcatura CE dei macchinari, trasformiamo gli ambienti produttivi in spazi sicuri, efficienti e rispettosi dell\u2019ambiente.","email":"info@accessafe.eu","telephone":"+390399515951","legalName":"Access Srl","vatID":"05718410961","taxID":"05718410961"}]}},"_links":{"self":[{"href":"https:\/\/www.accessafe.eu\/de\/wp-json\/wp\/v2\/product\/13630","targetHints":{"allow":["GET"]}}],"collection":[{"href":"https:\/\/www.accessafe.eu\/de\/wp-json\/wp\/v2\/product"}],"about":[{"href":"https:\/\/www.accessafe.eu\/de\/wp-json\/wp\/v2\/types\/product"}],"version-history":[{"count":4,"href":"https:\/\/www.accessafe.eu\/de\/wp-json\/wp\/v2\/product\/13630\/revisions"}],"predecessor-version":[{"id":20161,"href":"https:\/\/www.accessafe.eu\/de\/wp-json\/wp\/v2\/product\/13630\/revisions\/20161"}],"wp:featuredmedia":[{"embeddable":true,"href":"https:\/\/www.accessafe.eu\/de\/wp-json\/wp\/v2\/media\/3242"}],"wp:attachment":[{"href":"https:\/\/www.accessafe.eu\/de\/wp-json\/wp\/v2\/media?parent=13630"}],"wp:term":[{"taxonomy":"product_brand","embeddable":true,"href":"https:\/\/www.accessafe.eu\/de\/wp-json\/wp\/v2\/product_brand?post=13630"},{"taxonomy":"product_cat","embeddable":true,"href":"https:\/\/www.accessafe.eu\/de\/wp-json\/wp\/v2\/product_cat?post=13630"},{"taxonomy":"product_tag","embeddable":true,"href":"https:\/\/www.accessafe.eu\/de\/wp-json\/wp\/v2\/product_tag?post=13630"}],"curies":[{"name":"wp","href":"https:\/\/api.w.org\/{rel}","templated":true}]}}