{"id":11023,"date":"2022-11-22T10:23:23","date_gmt":"2022-11-22T09:23:23","guid":{"rendered":"https:\/\/www.accessafe.eu\/access-centro-de-experiencias-y-academia\/"},"modified":"2025-02-07T09:17:29","modified_gmt":"2025-02-07T08:17:29","slug":"access-centro-de-experiencias-y-academia","status":"publish","type":"page","link":"https:\/\/www.accessafe.eu\/es\/access-centro-de-experiencias-y-academia\/","title":{"rendered":"Accessafe centro de experiencias y academia"},"content":{"rendered":"\t\t<div data-elementor-type=\"wp-page\" data-elementor-id=\"11023\" class=\"elementor elementor-11023 elementor-1519\" data-elementor-post-type=\"page\">\n\t\t\t\t\t\t<section class=\"elementor-section elementor-top-section elementor-element elementor-element-fecccea elementor-section-full_width elementor-section-height-default elementor-section-height-default wpr-particle-no wpr-jarallax-no wpr-parallax-no wpr-sticky-section-no\" data-id=\"fecccea\" data-element_type=\"section\" data-e-type=\"section\">\n\t\t\t\t\t\t<div class=\"elementor-container elementor-column-gap-default\">\n\t\t\t\t\t<div class=\"elementor-column elementor-col-100 elementor-top-column elementor-element elementor-element-dd7695e\" data-id=\"dd7695e\" data-element_type=\"column\" data-e-type=\"column\">\n\t\t\t<div class=\"elementor-widget-wrap elementor-element-populated\">\n\t\t\t\t\t\t<div class=\"elementor-element elementor-element-ae7c56d elementor--v-position-bottom elementor--h-position-center elementor-arrows-position-inside elementor-pagination-position-inside elementor-widget elementor-widget-slides\" data-id=\"ae7c56d\" data-element_type=\"widget\" data-e-type=\"widget\" data-settings=\"{&quot;navigation&quot;:&quot;both&quot;,&quot;autoplay&quot;:&quot;yes&quot;,&quot;pause_on_hover&quot;:&quot;yes&quot;,&quot;pause_on_interaction&quot;:&quot;yes&quot;,&quot;autoplay_speed&quot;:5000,&quot;infinite&quot;:&quot;yes&quot;,&quot;transition&quot;:&quot;slide&quot;,&quot;transition_speed&quot;:500}\" data-widget_type=\"slides.default\">\n\t\t\t\t<div class=\"elementor-widget-container\">\n\t\t\t\t\t\t\t\t\t<div class=\"elementor-swiper\">\n\t\t\t\t\t<div class=\"elementor-slides-wrapper elementor-main-swiper swiper\" role=\"region\" aria-roledescription=\"carousel\" aria-label=\"Slides\" dir=\"ltr\" data-animation=\"fadeInUp\">\n\t\t\t\t<div class=\"swiper-wrapper elementor-slides\">\n\t\t\t\t\t\t\t\t\t\t<div class=\"elementor-repeater-item-24c6706 swiper-slide\" role=\"group\" aria-roledescription=\"slide\"><div class=\"swiper-slide-bg\" role=\"img\" aria-label=\"Miglioramento del design e della sostenibilit\u00e0 dei prodotti\"><\/div><div class=\"elementor-background-overlay\"><\/div><a class=\"swiper-slide-inner\" href=\"https:\/\/www.accessafe.eu\/es\/contacto-rapido\/\"><div class=\"swiper-slide-contents\"><h1 class=\"elementor-slide-heading\">Access centro de experiencias y academia<\/h1><div class=\"elementor-slide-description\"><p>Mejorar el dise\u00f1o y la sostenibilidad de los productos <\/p>\n<\/div><div  class=\"elementor-button elementor-slide-button elementor-size-sm\">Cont\u00e1ctanos<\/div><\/div><\/a><\/div>\t\t\t\t<\/div>\n\t\t\t\t\t\t\t<\/div>\n\t\t\t\t<\/div>\n\t\t\t\t\t\t\t\t<\/div>\n\t\t\t\t<\/div>\n\t\t\t\t\t<\/div>\n\t\t<\/div>\n\t\t\t\t\t<\/div>\n\t\t<\/section>\n\t\t\t\t<section class=\"elementor-section elementor-top-section elementor-element elementor-element-f734f5d elementor-section-boxed elementor-section-height-default elementor-section-height-default wpr-particle-no wpr-jarallax-no wpr-parallax-no wpr-sticky-section-no\" data-id=\"f734f5d\" data-element_type=\"section\" data-e-type=\"section\" data-settings=\"{&quot;background_background&quot;:&quot;classic&quot;}\">\n\t\t\t\t\t\t<div class=\"elementor-container elementor-column-gap-default\">\n\t\t\t\t\t<div class=\"elementor-column elementor-col-100 elementor-top-column elementor-element elementor-element-1a57256\" data-id=\"1a57256\" data-element_type=\"column\" data-e-type=\"column\">\n\t\t\t<div class=\"elementor-widget-wrap elementor-element-populated\">\n\t\t\t\t\t\t<div class=\"elementor-element elementor-element-83b4e42 elementor-widget elementor-widget-text-editor\" data-id=\"83b4e42\" data-element_type=\"widget\" data-e-type=\"widget\" data-widget_type=\"text-editor.default\">\n\t\t\t\t<div class=\"elementor-widget-container\">\n\t\t\t\t\t\t\t\t\t<p>El Centro de Experiencias es un espacio dedicado a probar y mejorar el dise\u00f1o y la sostenibilidad de los productos Access. En \u00e9l se ensayan nuevas tecnolog\u00edas aplicables a componentes de seguridad para automatizaci\u00f3n industrial y se eval\u00faan proyectos de integraci\u00f3n con la participaci\u00f3n de todos los agentes t\u00e9cnicos de Access.<\/p>\n\t\t\t\t\t\t\t\t<\/div>\n\t\t\t\t<\/div>\n\t\t\t\t<section class=\"elementor-section elementor-inner-section elementor-element elementor-element-71b5723 elementor-section-boxed elementor-section-height-default elementor-section-height-default wpr-particle-no wpr-jarallax-no wpr-parallax-no wpr-sticky-section-no\" data-id=\"71b5723\" data-element_type=\"section\" data-e-type=\"section\">\n\t\t\t\t\t\t<div class=\"elementor-container elementor-column-gap-default\">\n\t\t\t\t\t<div class=\"elementor-column elementor-col-100 elementor-inner-column elementor-element elementor-element-45f0a4b\" data-id=\"45f0a4b\" data-element_type=\"column\" data-e-type=\"column\">\n\t\t\t<div class=\"elementor-widget-wrap elementor-element-populated\">\n\t\t\t\t\t\t<div class=\"elementor-element elementor-element-5ff154c elementor-widget elementor-widget-text-editor\" data-id=\"5ff154c\" data-element_type=\"widget\" data-e-type=\"widget\" data-widget_type=\"text-editor.default\">\n\t\t\t\t<div class=\"elementor-widget-container\">\n\t\t\t\t\t\t\t\t\t<p><em>\u00abQueremos hacer que las m\u00e1quinas y los lugares de trabajo sean cada vez m\u00e1s seguros gracias a nuestros conocimientos t\u00e9cnicos y a la calidad de nuestro dise\u00f1o. El Centro de Experiencias toma su nombre del nombre hist\u00f3rico de Alfa Romeo precisamente para reunir idealmente nuestras actividades de investigaci\u00f3n con los conceptos tan bien expresados en el mundo por la empresa milanesa, desde hace a\u00f1os a la vanguardia de la tecnolog\u00eda y el estilo aplicados a los productos industriales.\u00bb<\/em><\/p>\n<p style=\"text-align: center;\"><strong>Guido Citterio CEO ACCESS<\/strong><\/p>\n\t\t\t\t\t\t\t\t<\/div>\n\t\t\t\t<\/div>\n\t\t\t\t\t<\/div>\n\t\t<\/div>\n\t\t\t\t\t<\/div>\n\t\t<\/section>\n\t\t\t\t\t<\/div>\n\t\t<\/div>\n\t\t\t\t\t<\/div>\n\t\t<\/section>\n\t\t\t\t<\/div>\n\t\t","protected":false},"excerpt":{"rendered":"<p>Access centro de experiencias y academia Mejorar el dise\u00f1o y la sostenibilidad de los productos Cont\u00e1ctanos El Centro de Experiencias es un espacio dedicado a probar y mejorar el dise\u00f1o y la sostenibilidad de los productos Access. En \u00e9l se ensayan nuevas tecnolog\u00edas aplicables a componentes de seguridad para automatizaci\u00f3n industrial y se eval\u00faan proyectos<\/p>\n","protected":false},"author":2,"featured_media":7032,"parent":0,"menu_order":0,"comment_status":"closed","ping_status":"closed","template":"","meta":{"site-sidebar-layout":"no-sidebar","site-content-layout":"page-builder","ast-site-content-layout":"default","site-content-style":"default","site-sidebar-style":"default","ast-global-header-display":"","ast-banner-title-visibility":"","ast-main-header-display":"","ast-hfb-above-header-display":"","ast-hfb-below-header-display":"","ast-hfb-mobile-header-display":"","site-post-title":"disabled","ast-breadcrumbs-content":"","ast-featured-img":"disabled","footer-sml-layout":"","ast-disable-related-posts":"","theme-transparent-header-meta":"","adv-header-id-meta":"","stick-header-meta":"","header-above-stick-meta":"","header-main-stick-meta":"","header-below-stick-meta":"","astra-migrate-meta-layouts":"default","ast-page-background-enabled":"default","ast-page-background-meta":{"desktop":{"background-color":"var(--ast-global-color-4)","background-image":"","background-repeat":"repeat","background-position":"center center","background-size":"auto","background-attachment":"scroll","background-type":"","background-media":"","overlay-type":"","overlay-color":"","overlay-opacity":"","overlay-gradient":""},"tablet":{"background-color":"","background-image":"","background-repeat":"repeat","background-position":"center center","background-size":"auto","background-attachment":"scroll","background-type":"","background-media":"","overlay-type":"","overlay-color":"","overlay-opacity":"","overlay-gradient":""},"mobile":{"background-color":"","background-image":"","background-repeat":"repeat","background-position":"center center","background-size":"auto","background-attachment":"scroll","background-type":"","background-media":"","overlay-type":"","overlay-color":"","overlay-opacity":"","overlay-gradient":""}},"ast-content-background-meta":{"desktop":{"background-color":"var(--ast-global-color-5)","background-image":"","background-repeat":"repeat","background-position":"center center","background-size":"auto","background-attachment":"scroll","background-type":"","background-media":"","overlay-type":"","overlay-color":"","overlay-opacity":"","overlay-gradient":""},"tablet":{"background-color":"var(--ast-global-color-5)","background-image":"","background-repeat":"repeat","background-position":"center center","background-size":"auto","background-attachment":"scroll","background-type":"","background-media":"","overlay-type":"","overlay-color":"","overlay-opacity":"","overlay-gradient":""},"mobile":{"background-color":"var(--ast-global-color-5)","background-image":"","background-repeat":"repeat","background-position":"center center","background-size":"auto","background-attachment":"scroll","background-type":"","background-media":"","overlay-type":"","overlay-color":"","overlay-opacity":"","overlay-gradient":""}},"footnotes":""},"class_list":["post-11023","page","type-page","status-publish","has-post-thumbnail","hentry"],"yoast_head":"<!-- This site is optimized with the Yoast SEO Premium plugin v27.3 (Yoast SEO v27.3) - https:\/\/yoast.com\/product\/yoast-seo-premium-wordpress\/ -->\n<title>Access centro de experiencias y academia | Access<\/title>\n<meta name=\"description\" content=\"\u00c1rea dedicada a la mejora de productos y al estudio de nuevas tecnolog\u00edas para la reducci\u00f3n de riesgos asociados a la maquinaria industrial.\" \/>\n<meta name=\"robots\" content=\"index, follow, max-snippet:-1, max-image-preview:large, max-video-preview:-1\" \/>\n<link rel=\"canonical\" href=\"https:\/\/www.accessafe.eu\/es\/access-centro-de-experiencias-y-academia\/\" \/>\n<meta property=\"og:locale\" content=\"es_ES\" \/>\n<meta property=\"og:type\" content=\"article\" \/>\n<meta property=\"og:title\" content=\"Accessafe centro de experiencias y academia\" \/>\n<meta property=\"og:description\" content=\"\u00c1rea dedicada a la mejora de productos y al estudio de nuevas tecnolog\u00edas para la reducci\u00f3n de riesgos asociados a la maquinaria industrial.\" \/>\n<meta property=\"og:url\" content=\"https:\/\/www.accessafe.eu\/es\/access-centro-de-experiencias-y-academia\/\" \/>\n<meta property=\"og:site_name\" content=\"Accessafe\" \/>\n<meta property=\"article:modified_time\" content=\"2025-02-07T08:17:29+00:00\" \/>\n<meta property=\"og:image\" content=\"https:\/\/www.accessafe.eu\/wp-content\/uploads\/2023\/01\/Access-Il-nuovo-laboratorio-RD-e-unarea-dedicata-al-miglioramento-dei-prodotti.jpg\" \/>\n\t<meta property=\"og:image:width\" content=\"600\" \/>\n\t<meta property=\"og:image:height\" content=\"600\" \/>\n\t<meta property=\"og:image:type\" content=\"image\/jpeg\" \/>\n<meta name=\"twitter:card\" content=\"summary_large_image\" \/>\n<meta name=\"twitter:label1\" content=\"Tiempo de lectura\" \/>\n\t<meta name=\"twitter:data1\" content=\"1 minuto\" \/>\n<script type=\"application\/ld+json\" class=\"yoast-schema-graph\">{\"@context\":\"https:\\\/\\\/schema.org\",\"@graph\":[{\"@type\":\"WebPage\",\"@id\":\"https:\\\/\\\/www.accessafe.eu\\\/es\\\/access-centro-de-experiencias-y-academia\\\/\",\"url\":\"https:\\\/\\\/www.accessafe.eu\\\/es\\\/access-centro-de-experiencias-y-academia\\\/\",\"name\":\"Access centro de experiencias y academia | Access\",\"isPartOf\":{\"@id\":\"https:\\\/\\\/www.accessafe.eu\\\/es\\\/#website\"},\"primaryImageOfPage\":{\"@id\":\"https:\\\/\\\/www.accessafe.eu\\\/es\\\/access-centro-de-experiencias-y-academia\\\/#primaryimage\"},\"image\":{\"@id\":\"https:\\\/\\\/www.accessafe.eu\\\/es\\\/access-centro-de-experiencias-y-academia\\\/#primaryimage\"},\"thumbnailUrl\":\"https:\\\/\\\/www.accessafe.eu\\\/wp-content\\\/uploads\\\/2023\\\/01\\\/Access-Il-nuovo-laboratorio-RD-e-unarea-dedicata-al-miglioramento-dei-prodotti.jpg\",\"datePublished\":\"2022-11-22T09:23:23+00:00\",\"dateModified\":\"2025-02-07T08:17:29+00:00\",\"description\":\"\u00c1rea dedicada a la mejora de productos y al estudio de nuevas tecnolog\u00edas para la reducci\u00f3n de riesgos asociados a la maquinaria industrial.\",\"breadcrumb\":{\"@id\":\"https:\\\/\\\/www.accessafe.eu\\\/es\\\/access-centro-de-experiencias-y-academia\\\/#breadcrumb\"},\"inLanguage\":\"es\",\"potentialAction\":[{\"@type\":\"ReadAction\",\"target\":[\"https:\\\/\\\/www.accessafe.eu\\\/es\\\/access-centro-de-experiencias-y-academia\\\/\"]}]},{\"@type\":\"ImageObject\",\"inLanguage\":\"es\",\"@id\":\"https:\\\/\\\/www.accessafe.eu\\\/es\\\/access-centro-de-experiencias-y-academia\\\/#primaryimage\",\"url\":\"https:\\\/\\\/www.accessafe.eu\\\/wp-content\\\/uploads\\\/2023\\\/01\\\/Access-Il-nuovo-laboratorio-RD-e-unarea-dedicata-al-miglioramento-dei-prodotti.jpg\",\"contentUrl\":\"https:\\\/\\\/www.accessafe.eu\\\/wp-content\\\/uploads\\\/2023\\\/01\\\/Access-Il-nuovo-laboratorio-RD-e-unarea-dedicata-al-miglioramento-dei-prodotti.jpg\",\"width\":600,\"height\":600},{\"@type\":\"BreadcrumbList\",\"@id\":\"https:\\\/\\\/www.accessafe.eu\\\/es\\\/access-centro-de-experiencias-y-academia\\\/#breadcrumb\",\"itemListElement\":[{\"@type\":\"ListItem\",\"position\":1,\"name\":\"Home\",\"item\":\"https:\\\/\\\/www.accessafe.eu\\\/es\\\/\"},{\"@type\":\"ListItem\",\"position\":2,\"name\":\"Accessafe centro de experiencias y academia\"}]},{\"@type\":\"WebSite\",\"@id\":\"https:\\\/\\\/www.accessafe.eu\\\/es\\\/#website\",\"url\":\"https:\\\/\\\/www.accessafe.eu\\\/es\\\/\",\"name\":\"Accessafe\",\"description\":\"Accessafe partner globale per la sicurezza industriale\",\"publisher\":{\"@id\":\"https:\\\/\\\/www.accessafe.eu\\\/es\\\/#organization\"},\"alternateName\":\"Accessafe\",\"potentialAction\":[{\"@type\":\"SearchAction\",\"target\":{\"@type\":\"EntryPoint\",\"urlTemplate\":\"https:\\\/\\\/www.accessafe.eu\\\/es\\\/?s={search_term_string}\"},\"query-input\":{\"@type\":\"PropertyValueSpecification\",\"valueRequired\":true,\"valueName\":\"search_term_string\"}}],\"inLanguage\":\"es\"},{\"@type\":\"Organization\",\"@id\":\"https:\\\/\\\/www.accessafe.eu\\\/es\\\/#organization\",\"name\":\"Accessafe\",\"alternateName\":\"Accessafe\",\"url\":\"https:\\\/\\\/www.accessafe.eu\\\/es\\\/\",\"logo\":{\"@type\":\"ImageObject\",\"inLanguage\":\"es\",\"@id\":\"https:\\\/\\\/www.accessafe.eu\\\/es\\\/#\\\/schema\\\/logo\\\/image\\\/\",\"url\":\"https:\\\/\\\/www.accessafe.eu\\\/wp-content\\\/uploads\\\/2024\\\/06\\\/accessafe-logotipo-colori.png\",\"contentUrl\":\"https:\\\/\\\/www.accessafe.eu\\\/wp-content\\\/uploads\\\/2024\\\/06\\\/accessafe-logotipo-colori.png\",\"width\":320,\"height\":43,\"caption\":\"Accessafe\"},\"image\":{\"@id\":\"https:\\\/\\\/www.accessafe.eu\\\/es\\\/#\\\/schema\\\/logo\\\/image\\\/\"},\"description\":\"Accessafe \u00e8 il partner globale per la sicurezza industriale: con sistemi di protezione perimetrale, consulenze e soluzioni per la marcatura CE dei macchinari, trasformiamo gli ambienti produttivi in spazi sicuri, efficienti e rispettosi dell\u2019ambiente.\",\"email\":\"info@accessafe.eu\",\"telephone\":\"+390399515951\",\"legalName\":\"Access Srl\",\"vatID\":\"05718410961\",\"taxID\":\"05718410961\"}]}<\/script>\n<!-- \/ Yoast SEO Premium plugin. -->","yoast_head_json":{"title":"Access centro de experiencias y academia | Access","description":"\u00c1rea dedicada a la mejora de productos y al estudio de nuevas tecnolog\u00edas para la reducci\u00f3n de riesgos asociados a la maquinaria industrial.","robots":{"index":"index","follow":"follow","max-snippet":"max-snippet:-1","max-image-preview":"max-image-preview:large","max-video-preview":"max-video-preview:-1"},"canonical":"https:\/\/www.accessafe.eu\/es\/access-centro-de-experiencias-y-academia\/","og_locale":"es_ES","og_type":"article","og_title":"Accessafe centro de experiencias y academia","og_description":"\u00c1rea dedicada a la mejora de productos y al estudio de nuevas tecnolog\u00edas para la reducci\u00f3n de riesgos asociados a la maquinaria industrial.","og_url":"https:\/\/www.accessafe.eu\/es\/access-centro-de-experiencias-y-academia\/","og_site_name":"Accessafe","article_modified_time":"2025-02-07T08:17:29+00:00","og_image":[{"width":600,"height":600,"url":"https:\/\/www.accessafe.eu\/wp-content\/uploads\/2023\/01\/Access-Il-nuovo-laboratorio-RD-e-unarea-dedicata-al-miglioramento-dei-prodotti.jpg","type":"image\/jpeg"}],"twitter_card":"summary_large_image","twitter_misc":{"Tiempo de lectura":"1 minuto"},"schema":{"@context":"https:\/\/schema.org","@graph":[{"@type":"WebPage","@id":"https:\/\/www.accessafe.eu\/es\/access-centro-de-experiencias-y-academia\/","url":"https:\/\/www.accessafe.eu\/es\/access-centro-de-experiencias-y-academia\/","name":"Access centro de experiencias y academia | Access","isPartOf":{"@id":"https:\/\/www.accessafe.eu\/es\/#website"},"primaryImageOfPage":{"@id":"https:\/\/www.accessafe.eu\/es\/access-centro-de-experiencias-y-academia\/#primaryimage"},"image":{"@id":"https:\/\/www.accessafe.eu\/es\/access-centro-de-experiencias-y-academia\/#primaryimage"},"thumbnailUrl":"https:\/\/www.accessafe.eu\/wp-content\/uploads\/2023\/01\/Access-Il-nuovo-laboratorio-RD-e-unarea-dedicata-al-miglioramento-dei-prodotti.jpg","datePublished":"2022-11-22T09:23:23+00:00","dateModified":"2025-02-07T08:17:29+00:00","description":"\u00c1rea dedicada a la mejora de productos y al estudio de nuevas tecnolog\u00edas para la reducci\u00f3n de riesgos asociados a la maquinaria industrial.","breadcrumb":{"@id":"https:\/\/www.accessafe.eu\/es\/access-centro-de-experiencias-y-academia\/#breadcrumb"},"inLanguage":"es","potentialAction":[{"@type":"ReadAction","target":["https:\/\/www.accessafe.eu\/es\/access-centro-de-experiencias-y-academia\/"]}]},{"@type":"ImageObject","inLanguage":"es","@id":"https:\/\/www.accessafe.eu\/es\/access-centro-de-experiencias-y-academia\/#primaryimage","url":"https:\/\/www.accessafe.eu\/wp-content\/uploads\/2023\/01\/Access-Il-nuovo-laboratorio-RD-e-unarea-dedicata-al-miglioramento-dei-prodotti.jpg","contentUrl":"https:\/\/www.accessafe.eu\/wp-content\/uploads\/2023\/01\/Access-Il-nuovo-laboratorio-RD-e-unarea-dedicata-al-miglioramento-dei-prodotti.jpg","width":600,"height":600},{"@type":"BreadcrumbList","@id":"https:\/\/www.accessafe.eu\/es\/access-centro-de-experiencias-y-academia\/#breadcrumb","itemListElement":[{"@type":"ListItem","position":1,"name":"Home","item":"https:\/\/www.accessafe.eu\/es\/"},{"@type":"ListItem","position":2,"name":"Accessafe centro de experiencias y academia"}]},{"@type":"WebSite","@id":"https:\/\/www.accessafe.eu\/es\/#website","url":"https:\/\/www.accessafe.eu\/es\/","name":"Accessafe","description":"Accessafe partner globale per la sicurezza industriale","publisher":{"@id":"https:\/\/www.accessafe.eu\/es\/#organization"},"alternateName":"Accessafe","potentialAction":[{"@type":"SearchAction","target":{"@type":"EntryPoint","urlTemplate":"https:\/\/www.accessafe.eu\/es\/?s={search_term_string}"},"query-input":{"@type":"PropertyValueSpecification","valueRequired":true,"valueName":"search_term_string"}}],"inLanguage":"es"},{"@type":"Organization","@id":"https:\/\/www.accessafe.eu\/es\/#organization","name":"Accessafe","alternateName":"Accessafe","url":"https:\/\/www.accessafe.eu\/es\/","logo":{"@type":"ImageObject","inLanguage":"es","@id":"https:\/\/www.accessafe.eu\/es\/#\/schema\/logo\/image\/","url":"https:\/\/www.accessafe.eu\/wp-content\/uploads\/2024\/06\/accessafe-logotipo-colori.png","contentUrl":"https:\/\/www.accessafe.eu\/wp-content\/uploads\/2024\/06\/accessafe-logotipo-colori.png","width":320,"height":43,"caption":"Accessafe"},"image":{"@id":"https:\/\/www.accessafe.eu\/es\/#\/schema\/logo\/image\/"},"description":"Accessafe \u00e8 il partner globale per la sicurezza industriale: con sistemi di protezione perimetrale, consulenze e soluzioni per la marcatura CE dei macchinari, trasformiamo gli ambienti produttivi in spazi sicuri, efficienti e rispettosi dell\u2019ambiente.","email":"info@accessafe.eu","telephone":"+390399515951","legalName":"Access Srl","vatID":"05718410961","taxID":"05718410961"}]}},"_links":{"self":[{"href":"https:\/\/www.accessafe.eu\/es\/wp-json\/wp\/v2\/pages\/11023","targetHints":{"allow":["GET"]}}],"collection":[{"href":"https:\/\/www.accessafe.eu\/es\/wp-json\/wp\/v2\/pages"}],"about":[{"href":"https:\/\/www.accessafe.eu\/es\/wp-json\/wp\/v2\/types\/page"}],"author":[{"embeddable":true,"href":"https:\/\/www.accessafe.eu\/es\/wp-json\/wp\/v2\/users\/2"}],"replies":[{"embeddable":true,"href":"https:\/\/www.accessafe.eu\/es\/wp-json\/wp\/v2\/comments?post=11023"}],"version-history":[{"count":5,"href":"https:\/\/www.accessafe.eu\/es\/wp-json\/wp\/v2\/pages\/11023\/revisions"}],"predecessor-version":[{"id":18245,"href":"https:\/\/www.accessafe.eu\/es\/wp-json\/wp\/v2\/pages\/11023\/revisions\/18245"}],"wp:featuredmedia":[{"embeddable":true,"href":"https:\/\/www.accessafe.eu\/es\/wp-json\/wp\/v2\/media\/7032"}],"wp:attachment":[{"href":"https:\/\/www.accessafe.eu\/es\/wp-json\/wp\/v2\/media?parent=11023"}],"curies":[{"name":"wp","href":"https:\/\/api.w.org\/{rel}","templated":true}]}}