{"id":19343,"date":"2025-04-28T17:55:27","date_gmt":"2025-04-28T15:55:27","guid":{"rendered":"https:\/\/www.accessafe.eu\/suscripcion-al-boletin-newsletter-accessafe\/"},"modified":"2026-01-23T14:26:42","modified_gmt":"2026-01-23T13:26:42","slug":"suscripcion-al-boletin-newsletter-accessafe","status":"publish","type":"page","link":"https:\/\/www.accessafe.eu\/es\/suscripcion-al-boletin-newsletter-accessafe\/","title":{"rendered":"Suscripci\u00f3n al bolet\u00edn &#8211; Newsletter Accessafe"},"content":{"rendered":"\t\t<div data-elementor-type=\"wp-page\" data-elementor-id=\"19343\" class=\"elementor elementor-19343 elementor-19284\" data-elementor-post-type=\"page\">\n\t\t\t\t\t\t<section class=\"elementor-section elementor-top-section elementor-element elementor-element-2e1d6c0 elementor-section-boxed elementor-section-height-default elementor-section-height-default\" data-id=\"2e1d6c0\" data-element_type=\"section\" data-e-type=\"section\">\n\t\t\t\t\t\t<div class=\"elementor-container elementor-column-gap-default\">\n\t\t\t\t\t<div class=\"elementor-column elementor-col-100 elementor-top-column elementor-element elementor-element-26a3167\" data-id=\"26a3167\" data-element_type=\"column\" data-e-type=\"column\">\n\t\t\t<div class=\"elementor-widget-wrap elementor-element-populated\">\n\t\t\t\t\t\t<div class=\"elementor-element elementor-element-8e1de08 elementor-widget elementor-widget-text-editor\" data-id=\"8e1de08\" data-element_type=\"widget\" data-e-type=\"widget\" data-widget_type=\"text-editor.default\">\n\t\t\t\t<div class=\"elementor-widget-container\">\n\t\t\t\t\t\t\t\t\t<p>\n<div class=\"wpcf7 no-js\" id=\"wpcf7-f19347-o1\" lang=\"it-IT\" dir=\"ltr\" data-wpcf7-id=\"19347\">\n<div class=\"screen-reader-response\"><p role=\"status\" aria-live=\"polite\" aria-atomic=\"true\"><\/p> <ul><\/ul><\/div>\n<form action=\"\/es\/wp-json\/wp\/v2\/pages\/19343#wpcf7-f19347-o1\" method=\"post\" class=\"wpcf7-form init\" aria-label=\"Modulo di contatto\" novalidate=\"novalidate\" data-status=\"init\">\n<fieldset class=\"hidden-fields-container\"><input type=\"hidden\" name=\"_wpcf7\" value=\"19347\" \/><input type=\"hidden\" name=\"_wpcf7_version\" value=\"6.1.5\" \/><input type=\"hidden\" name=\"_wpcf7_locale\" value=\"it_IT\" \/><input type=\"hidden\" name=\"_wpcf7_unit_tag\" value=\"wpcf7-f19347-o1\" \/><input type=\"hidden\" name=\"_wpcf7_container_post\" value=\"0\" \/><input type=\"hidden\" name=\"_wpcf7_posted_data_hash\" value=\"\" \/><input type=\"hidden\" name=\"_wpcf7dtx_version\" value=\"5.0.5\" \/><input type=\"hidden\" name=\"_wpcf7_recaptcha_response\" value=\"\" \/>\n<\/fieldset>\n<h3><b>Suscr\u00edbase al bolet\u00edn ACCESSAFE<\/b>\n<\/h3>\n<div class=\"wpcf7-access\" style=\"display: flex\">\n\t<div class=\"col col-lg-4\">\n\t\t<p><label> Nombre<br \/>\n<span class=\"wpcf7-form-control-wrap\" data-name=\"customer-name\"><input size=\"40\" maxlength=\"400\" class=\"wpcf7-form-control wpcf7-text wpcf7-validates-as-required\" autocomplete=\"name\" aria-required=\"true\" aria-invalid=\"false\" value=\"\" type=\"text\" name=\"customer-name\" \/><\/span> <\/label>\n\t\t<\/p>\n\t<\/div>\n\t<div class=\"col col-lg-4\">\n\t\t<p><label> Apellidos<br \/>\n<span class=\"wpcf7-form-control-wrap\" data-name=\"customer-surname\"><input size=\"40\" maxlength=\"400\" class=\"wpcf7-form-control wpcf7-text wpcf7-validates-as-required\" autocomplete=\"surname\" aria-required=\"true\" aria-invalid=\"false\" value=\"\" type=\"text\" name=\"customer-surname\" \/><\/span> <\/label>\n\t\t<\/p>\n\t<\/div>\n\t<div class=\"col col-lg-4\">\n\t\t<p><label> E-mail<br \/>\n<span class=\"wpcf7-form-control-wrap\" data-name=\"customer-email\"><input size=\"40\" maxlength=\"400\" class=\"wpcf7-form-control wpcf7-email wpcf7-validates-as-required wpcf7-text wpcf7-validates-as-email\" aria-required=\"true\" aria-invalid=\"false\" value=\"\" type=\"email\" name=\"customer-email\" \/><\/span> <\/label>\n\t\t<\/p>\n\t<\/div>\n<\/div>\n<p><span class=\"wpcf7-form-control-wrap\" data-name=\"acceptance\"><span class=\"wpcf7-form-control wpcf7-acceptance\"><span class=\"wpcf7-list-item\"><label><input type=\"checkbox\" name=\"acceptance\" value=\"1\" aria-invalid=\"false\" \/><span class=\"wpcf7-list-item-label\">Autorizo a Access Srl a almacenar y procesar mis datos personales.*<\/span><\/label><\/span><\/span><\/span>\n<\/p>\n<span class=\"wpcf7-form-control-wrap page-url\" data-name=\"page-url\"><input type=\"hidden\" name=\"page-url\" class=\"wpcf7-form-control wpcf7-hidden wpcf7dtx wpcf7dtx-hidden\" aria-invalid=\"false\" value=\"https:\/\/www.accessafe.eu\/es\/wp-json\/wp\/v2\/pages\/19343\"><\/span>\n<p><input type=\"hidden\" name=\"locale\" value=\"es\" \/><br \/>\n<input type=\"hidden\" name=\"feedbackmessage\" value=\"NO\" \/>\n<\/p>\n<p><input class=\"wpcf7-form-control wpcf7-submit has-spinner\" type=\"submit\" value=\"Enviar\" \/>\n<\/p><div class=\"wpcf7-response-output\" aria-hidden=\"true\"><\/div>\n<\/form>\n<\/div>\n<\/p>\n\t\t\t\t\t\t\t\t<\/div>\n\t\t\t\t<\/div>\n\t\t\t\t\t<\/div>\n\t\t<\/div>\n\t\t\t\t\t<\/div>\n\t\t<\/section>\n\t\t\t\t<\/div>\n\t\t","protected":false},"excerpt":{"rendered":"","protected":false},"author":5,"featured_media":0,"parent":0,"menu_order":0,"comment_status":"closed","ping_status":"closed","template":"","meta":{"site-sidebar-layout":"no-sidebar","site-content-layout":"page-builder","ast-site-content-layout":"full-width-container","site-content-style":"default","site-sidebar-style":"default","ast-global-header-display":"","ast-banner-title-visibility":"","ast-main-header-display":"","ast-hfb-above-header-display":"","ast-hfb-below-header-display":"","ast-hfb-mobile-header-display":"","site-post-title":"disabled","ast-breadcrumbs-content":"","ast-featured-img":"disabled","footer-sml-layout":"","ast-disable-related-posts":"","theme-transparent-header-meta":"","adv-header-id-meta":"","stick-header-meta":"","header-above-stick-meta":"","header-main-stick-meta":"","header-below-stick-meta":"","astra-migrate-meta-layouts":"default","ast-page-background-enabled":"default","ast-page-background-meta":{"desktop":{"background-color":"var(--ast-global-color-4)","background-image":"","background-repeat":"repeat","background-position":"center center","background-size":"auto","background-attachment":"scroll","background-type":"","background-media":"","overlay-type":"","overlay-color":"","overlay-opacity":"","overlay-gradient":""},"tablet":{"background-color":"","background-image":"","background-repeat":"repeat","background-position":"center center","background-size":"auto","background-attachment":"scroll","background-type":"","background-media":"","overlay-type":"","overlay-color":"","overlay-opacity":"","overlay-gradient":""},"mobile":{"background-color":"","background-image":"","background-repeat":"repeat","background-position":"center center","background-size":"auto","background-attachment":"scroll","background-type":"","background-media":"","overlay-type":"","overlay-color":"","overlay-opacity":"","overlay-gradient":""}},"ast-content-background-meta":{"desktop":{"background-color":"var(--ast-global-color-5)","background-image":"","background-repeat":"repeat","background-position":"center center","background-size":"auto","background-attachment":"scroll","background-type":"","background-media":"","overlay-type":"","overlay-color":"","overlay-opacity":"","overlay-gradient":""},"tablet":{"background-color":"var(--ast-global-color-5)","background-image":"","background-repeat":"repeat","background-position":"center center","background-size":"auto","background-attachment":"scroll","background-type":"","background-media":"","overlay-type":"","overlay-color":"","overlay-opacity":"","overlay-gradient":""},"mobile":{"background-color":"var(--ast-global-color-5)","background-image":"","background-repeat":"repeat","background-position":"center center","background-size":"auto","background-attachment":"scroll","background-type":"","background-media":"","overlay-type":"","overlay-color":"","overlay-opacity":"","overlay-gradient":""}},"footnotes":""},"class_list":["post-19343","page","type-page","status-publish","hentry"],"yoast_head":"<!-- This site is optimized with the Yoast SEO Premium plugin v27.5 (Yoast SEO v27.5) - https:\/\/yoast.com\/product\/yoast-seo-premium-wordpress\/ -->\n<title>Suscr\u00edbase al bolet\u00edn informativo ACCESSAFE<\/title>\n<meta name=\"description\" content=\"\u00a1Suscr\u00edbase al bolet\u00edn informativo de ACCESSAFE y mant\u00e9ngase siempre al d\u00eda de las \u00faltimas novedades! Rellene el formulario correspondiente.\" \/>\n<meta name=\"robots\" content=\"index, follow, max-snippet:-1, max-image-preview:large, max-video-preview:-1\" \/>\n<link rel=\"canonical\" href=\"https:\/\/www.accessafe.eu\/es\/suscripcion-al-boletin-newsletter-accessafe\/\" \/>\n<meta property=\"og:locale\" content=\"es_ES\" \/>\n<meta property=\"og:type\" content=\"article\" \/>\n<meta property=\"og:title\" content=\"Suscripci\u00f3n al bolet\u00edn - Newsletter Accessafe\" \/>\n<meta property=\"og:description\" content=\"\u00a1Suscr\u00edbase al bolet\u00edn informativo de ACCESSAFE y mant\u00e9ngase siempre al d\u00eda de las \u00faltimas novedades! Rellene el formulario correspondiente.\" \/>\n<meta property=\"og:url\" content=\"https:\/\/www.accessafe.eu\/es\/suscripcion-al-boletin-newsletter-accessafe\/\" \/>\n<meta property=\"og:site_name\" content=\"Accessafe\" \/>\n<meta property=\"article:modified_time\" content=\"2026-01-23T13:26:42+00:00\" \/>\n<meta property=\"og:image\" content=\"https:\/\/www.accessafe.eu\/wp-content\/uploads\/2025\/05\/accessafe-protezioni-perimentrali.jpg\" \/>\n\t<meta property=\"og:image:width\" content=\"1920\" \/>\n\t<meta property=\"og:image:height\" content=\"800\" \/>\n\t<meta property=\"og:image:type\" content=\"image\/jpeg\" \/>\n<meta name=\"twitter:card\" content=\"summary_large_image\" \/>\n<script type=\"application\/ld+json\" class=\"yoast-schema-graph\">{\"@context\":\"https:\\\/\\\/schema.org\",\"@graph\":[{\"@type\":\"WebPage\",\"@id\":\"https:\\\/\\\/www.accessafe.eu\\\/es\\\/suscripcion-al-boletin-newsletter-accessafe\\\/\",\"url\":\"https:\\\/\\\/www.accessafe.eu\\\/es\\\/suscripcion-al-boletin-newsletter-accessafe\\\/\",\"name\":\"Suscr\u00edbase al bolet\u00edn informativo ACCESSAFE\",\"isPartOf\":{\"@id\":\"https:\\\/\\\/www.accessafe.eu\\\/es\\\/#website\"},\"datePublished\":\"2025-04-28T15:55:27+00:00\",\"dateModified\":\"2026-01-23T13:26:42+00:00\",\"description\":\"\u00a1Suscr\u00edbase al bolet\u00edn informativo de ACCESSAFE y mant\u00e9ngase siempre al d\u00eda de las \u00faltimas novedades! Rellene el formulario correspondiente.\",\"breadcrumb\":{\"@id\":\"https:\\\/\\\/www.accessafe.eu\\\/es\\\/suscripcion-al-boletin-newsletter-accessafe\\\/#breadcrumb\"},\"inLanguage\":\"es\",\"potentialAction\":[{\"@type\":\"ReadAction\",\"target\":[\"https:\\\/\\\/www.accessafe.eu\\\/es\\\/suscripcion-al-boletin-newsletter-accessafe\\\/\"]}]},{\"@type\":\"BreadcrumbList\",\"@id\":\"https:\\\/\\\/www.accessafe.eu\\\/es\\\/suscripcion-al-boletin-newsletter-accessafe\\\/#breadcrumb\",\"itemListElement\":[{\"@type\":\"ListItem\",\"position\":1,\"name\":\"Home\",\"item\":\"https:\\\/\\\/www.accessafe.eu\\\/es\\\/\"},{\"@type\":\"ListItem\",\"position\":2,\"name\":\"Suscripci\u00f3n al bolet\u00edn &#8211; Newsletter Accessafe\"}]},{\"@type\":\"WebSite\",\"@id\":\"https:\\\/\\\/www.accessafe.eu\\\/es\\\/#website\",\"url\":\"https:\\\/\\\/www.accessafe.eu\\\/es\\\/\",\"name\":\"Accessafe\",\"description\":\"Accessafe partner globale per la sicurezza industriale\",\"publisher\":{\"@id\":\"https:\\\/\\\/www.accessafe.eu\\\/es\\\/#organization\"},\"alternateName\":\"Accessafe\",\"potentialAction\":[{\"@type\":\"SearchAction\",\"target\":{\"@type\":\"EntryPoint\",\"urlTemplate\":\"https:\\\/\\\/www.accessafe.eu\\\/es\\\/?s={search_term_string}\"},\"query-input\":{\"@type\":\"PropertyValueSpecification\",\"valueRequired\":true,\"valueName\":\"search_term_string\"}}],\"inLanguage\":\"es\"},{\"@type\":\"Organization\",\"@id\":\"https:\\\/\\\/www.accessafe.eu\\\/es\\\/#organization\",\"name\":\"Accessafe\",\"alternateName\":\"Accessafe\",\"url\":\"https:\\\/\\\/www.accessafe.eu\\\/es\\\/\",\"logo\":{\"@type\":\"ImageObject\",\"inLanguage\":\"es\",\"@id\":\"https:\\\/\\\/www.accessafe.eu\\\/es\\\/#\\\/schema\\\/logo\\\/image\\\/\",\"url\":\"https:\\\/\\\/www.accessafe.eu\\\/wp-content\\\/uploads\\\/2026\\\/03\\\/accessafe-logotipo.png\",\"contentUrl\":\"https:\\\/\\\/www.accessafe.eu\\\/wp-content\\\/uploads\\\/2026\\\/03\\\/accessafe-logotipo.png\",\"width\":400,\"height\":66,\"caption\":\"Accessafe\"},\"image\":{\"@id\":\"https:\\\/\\\/www.accessafe.eu\\\/es\\\/#\\\/schema\\\/logo\\\/image\\\/\"},\"description\":\"Accessafe \u00e8 il partner globale per la sicurezza industriale: con sistemi di protezione perimetrale, consulenze e soluzioni per la marcatura CE dei macchinari, trasformiamo gli ambienti produttivi in spazi sicuri, efficienti e rispettosi dell\u2019ambiente.\",\"email\":\"info@accessafe.eu\",\"telephone\":\"+390399515951\",\"legalName\":\"Access Srl\",\"vatID\":\"05718410961\",\"taxID\":\"05718410961\"}]}<\/script>\n<!-- \/ Yoast SEO Premium plugin. -->","yoast_head_json":{"title":"Suscr\u00edbase al bolet\u00edn informativo ACCESSAFE","description":"\u00a1Suscr\u00edbase al bolet\u00edn informativo de ACCESSAFE y mant\u00e9ngase siempre al d\u00eda de las \u00faltimas novedades! Rellene el formulario correspondiente.","robots":{"index":"index","follow":"follow","max-snippet":"max-snippet:-1","max-image-preview":"max-image-preview:large","max-video-preview":"max-video-preview:-1"},"canonical":"https:\/\/www.accessafe.eu\/es\/suscripcion-al-boletin-newsletter-accessafe\/","og_locale":"es_ES","og_type":"article","og_title":"Suscripci\u00f3n al bolet\u00edn - Newsletter Accessafe","og_description":"\u00a1Suscr\u00edbase al bolet\u00edn informativo de ACCESSAFE y mant\u00e9ngase siempre al d\u00eda de las \u00faltimas novedades! Rellene el formulario correspondiente.","og_url":"https:\/\/www.accessafe.eu\/es\/suscripcion-al-boletin-newsletter-accessafe\/","og_site_name":"Accessafe","article_modified_time":"2026-01-23T13:26:42+00:00","og_image":[{"width":1920,"height":800,"url":"https:\/\/www.accessafe.eu\/wp-content\/uploads\/2025\/05\/accessafe-protezioni-perimentrali.jpg","type":"image\/jpeg"}],"twitter_card":"summary_large_image","schema":{"@context":"https:\/\/schema.org","@graph":[{"@type":"WebPage","@id":"https:\/\/www.accessafe.eu\/es\/suscripcion-al-boletin-newsletter-accessafe\/","url":"https:\/\/www.accessafe.eu\/es\/suscripcion-al-boletin-newsletter-accessafe\/","name":"Suscr\u00edbase al bolet\u00edn informativo ACCESSAFE","isPartOf":{"@id":"https:\/\/www.accessafe.eu\/es\/#website"},"datePublished":"2025-04-28T15:55:27+00:00","dateModified":"2026-01-23T13:26:42+00:00","description":"\u00a1Suscr\u00edbase al bolet\u00edn informativo de ACCESSAFE y mant\u00e9ngase siempre al d\u00eda de las \u00faltimas novedades! Rellene el formulario correspondiente.","breadcrumb":{"@id":"https:\/\/www.accessafe.eu\/es\/suscripcion-al-boletin-newsletter-accessafe\/#breadcrumb"},"inLanguage":"es","potentialAction":[{"@type":"ReadAction","target":["https:\/\/www.accessafe.eu\/es\/suscripcion-al-boletin-newsletter-accessafe\/"]}]},{"@type":"BreadcrumbList","@id":"https:\/\/www.accessafe.eu\/es\/suscripcion-al-boletin-newsletter-accessafe\/#breadcrumb","itemListElement":[{"@type":"ListItem","position":1,"name":"Home","item":"https:\/\/www.accessafe.eu\/es\/"},{"@type":"ListItem","position":2,"name":"Suscripci\u00f3n al bolet\u00edn &#8211; Newsletter Accessafe"}]},{"@type":"WebSite","@id":"https:\/\/www.accessafe.eu\/es\/#website","url":"https:\/\/www.accessafe.eu\/es\/","name":"Accessafe","description":"Accessafe partner globale per la sicurezza industriale","publisher":{"@id":"https:\/\/www.accessafe.eu\/es\/#organization"},"alternateName":"Accessafe","potentialAction":[{"@type":"SearchAction","target":{"@type":"EntryPoint","urlTemplate":"https:\/\/www.accessafe.eu\/es\/?s={search_term_string}"},"query-input":{"@type":"PropertyValueSpecification","valueRequired":true,"valueName":"search_term_string"}}],"inLanguage":"es"},{"@type":"Organization","@id":"https:\/\/www.accessafe.eu\/es\/#organization","name":"Accessafe","alternateName":"Accessafe","url":"https:\/\/www.accessafe.eu\/es\/","logo":{"@type":"ImageObject","inLanguage":"es","@id":"https:\/\/www.accessafe.eu\/es\/#\/schema\/logo\/image\/","url":"https:\/\/www.accessafe.eu\/wp-content\/uploads\/2026\/03\/accessafe-logotipo.png","contentUrl":"https:\/\/www.accessafe.eu\/wp-content\/uploads\/2026\/03\/accessafe-logotipo.png","width":400,"height":66,"caption":"Accessafe"},"image":{"@id":"https:\/\/www.accessafe.eu\/es\/#\/schema\/logo\/image\/"},"description":"Accessafe \u00e8 il partner globale per la sicurezza industriale: con sistemi di protezione perimetrale, consulenze e soluzioni per la marcatura CE dei macchinari, trasformiamo gli ambienti produttivi in spazi sicuri, efficienti e rispettosi dell\u2019ambiente.","email":"info@accessafe.eu","telephone":"+390399515951","legalName":"Access Srl","vatID":"05718410961","taxID":"05718410961"}]}},"_links":{"self":[{"href":"https:\/\/www.accessafe.eu\/es\/wp-json\/wp\/v2\/pages\/19343","targetHints":{"allow":["GET"]}}],"collection":[{"href":"https:\/\/www.accessafe.eu\/es\/wp-json\/wp\/v2\/pages"}],"about":[{"href":"https:\/\/www.accessafe.eu\/es\/wp-json\/wp\/v2\/types\/page"}],"author":[{"embeddable":true,"href":"https:\/\/www.accessafe.eu\/es\/wp-json\/wp\/v2\/users\/5"}],"replies":[{"embeddable":true,"href":"https:\/\/www.accessafe.eu\/es\/wp-json\/wp\/v2\/comments?post=19343"}],"version-history":[{"count":7,"href":"https:\/\/www.accessafe.eu\/es\/wp-json\/wp\/v2\/pages\/19343\/revisions"}],"predecessor-version":[{"id":21759,"href":"https:\/\/www.accessafe.eu\/es\/wp-json\/wp\/v2\/pages\/19343\/revisions\/21759"}],"wp:attachment":[{"href":"https:\/\/www.accessafe.eu\/es\/wp-json\/wp\/v2\/media?parent=19343"}],"curies":[{"name":"wp","href":"https:\/\/api.w.org\/{rel}","templated":true}]}}