{"id":13190,"date":"2023-05-30T09:10:41","date_gmt":"2023-05-30T07:10:41","guid":{"rendered":"https:\/\/www.accessafe.eu\/prodotto\/cierres-especiales\/"},"modified":"2023-05-31T15:07:01","modified_gmt":"2023-05-31T13:07:01","slug":"cierres-especiales","status":"publish","type":"product","link":"https:\/\/www.accessafe.eu\/es\/producto\/cierres-especiales\/","title":{"rendered":"Cierres especiales"},"content":{"rendered":"\t\t<div data-elementor-type=\"product-post\" data-elementor-id=\"13190\" class=\"elementor elementor-13190 elementor-13088\" data-elementor-post-type=\"product\">\n\t\t\t\t\t\t<section class=\"elementor-section elementor-top-section elementor-element elementor-element-fd41cdc elementor-section-boxed elementor-section-height-default elementor-section-height-default\" data-id=\"fd41cdc\" data-element_type=\"section\" data-e-type=\"section\">\n\t\t\t\t\t\t<div class=\"elementor-container elementor-column-gap-default\">\n\t\t\t\t\t<div class=\"elementor-column elementor-col-100 elementor-top-column elementor-element elementor-element-7077939\" data-id=\"7077939\" data-element_type=\"column\" data-e-type=\"column\">\n\t\t\t<div class=\"elementor-widget-wrap elementor-element-populated\">\n\t\t\t\t\t\t<div class=\"elementor-element elementor-element-8c9c7c0 elementor-position-left elementor-vertical-align-middle elementor-widget elementor-widget-image-box\" data-id=\"8c9c7c0\" data-element_type=\"widget\" data-e-type=\"widget\" data-widget_type=\"image-box.default\">\n\t\t\t\t<div class=\"elementor-widget-container\">\n\t\t\t\t\t<div class=\"elementor-image-box-wrapper\"><figure class=\"elementor-image-box-img\"><img fetchpriority=\"high\" decoding=\"async\" width=\"288\" height=\"522\" src=\"https:\/\/www.accessafe.eu\/wp-content\/uploads\/2023\/05\/maniglione-antipanico-per-porte-battenti-access.jpg\" class=\"attachment-full size-full wp-image-13102\" alt=\"Maniglione antipanico per porte battenti ACCESS\" srcset=\"https:\/\/www.accessafe.eu\/wp-content\/uploads\/2023\/05\/maniglione-antipanico-per-porte-battenti-access.jpg 288w, https:\/\/www.accessafe.eu\/wp-content\/uploads\/2023\/05\/maniglione-antipanico-per-porte-battenti-access-166x300.jpg 166w\" sizes=\"(max-width: 288px) 100vw, 288px\" \/><\/figure><div class=\"elementor-image-box-content\"><h3 class=\"elementor-image-box-title\">BARRA ANTIP\u00c1NICO<\/h3><p class=\"elementor-image-box-description\">El cierre con barra antip\u00e1nico es un sistema que puede integrarse perfectamente en las puertas Accessafe. Este tipo de cierre f\u00e1cil de usar restringe el acceso desde el exterior al interior y al mismo tiempo permite la salida de emergencia desde el interior. Es compatible con paneles de puertas de hasta un tama\u00f1o m\u00e1ximo de 1200 mm.<br \/>\n<strong>Compatibilidad:<\/strong> Puertas batientes<\/p><\/div><\/div>\t\t\t\t<\/div>\n\t\t\t\t<\/div>\n\t\t\t\t<div class=\"elementor-element elementor-element-66fe893 elementor-widget-divider--view-line elementor-widget elementor-widget-divider\" data-id=\"66fe893\" data-element_type=\"widget\" data-e-type=\"widget\" data-widget_type=\"divider.default\">\n\t\t\t\t<div class=\"elementor-widget-container\">\n\t\t\t\t\t\t\t<div class=\"elementor-divider\">\n\t\t\t<span class=\"elementor-divider-separator\">\n\t\t\t\t\t\t<\/span>\n\t\t<\/div>\n\t\t\t\t\t\t<\/div>\n\t\t\t\t<\/div>\n\t\t\t\t<div class=\"elementor-element elementor-element-93ed2af elementor-position-left elementor-vertical-align-middle elementor-widget elementor-widget-image-box\" data-id=\"93ed2af\" data-element_type=\"widget\" data-e-type=\"widget\" data-widget_type=\"image-box.default\">\n\t\t\t\t<div class=\"elementor-widget-container\">\n\t\t\t\t\t<div class=\"elementor-image-box-wrapper\"><figure class=\"elementor-image-box-img\"><img decoding=\"async\" width=\"291\" height=\"501\" src=\"https:\/\/www.accessafe.eu\/wp-content\/uploads\/2023\/05\/chiusura-push-pad-antipanico-access.jpg\" class=\"attachment-full size-full wp-image-13108\" alt=\"Chiusura push pad antipanico ACCESS\" srcset=\"https:\/\/www.accessafe.eu\/wp-content\/uploads\/2023\/05\/chiusura-push-pad-antipanico-access.jpg 291w, https:\/\/www.accessafe.eu\/wp-content\/uploads\/2023\/05\/chiusura-push-pad-antipanico-access-174x300.jpg 174w\" sizes=\"(max-width: 291px) 100vw, 291px\" \/><\/figure><div class=\"elementor-image-box-content\"><h3 class=\"elementor-image-box-title\">PUSH PAD<\/h3><p class=\"elementor-image-box-description\">El cierre push pad es un sistema que puede integrarse perfectamente en las puertas Accessafe. Este tipo de cierre f\u00e1cil de usar restringe el acceso desde el exterior al interior y al mismo tiempo permite la salida de emergencia desde el interior.<br \/>\n<strong>Compatibilidad: <\/strong>Puertas batientes<\/p><\/div><\/div>\t\t\t\t<\/div>\n\t\t\t\t<\/div>\n\t\t\t\t\t<\/div>\n\t\t<\/div>\n\t\t\t\t\t<\/div>\n\t\t<\/section>\n\t\t\t\t<\/div>\n\t\t","protected":false},"excerpt":{"rendered":"<p>La puerta es uno de los elementos m\u00e1s utilizados de un sistema de protecci\u00f3n, por lo que se presta atenci\u00f3n a los componentes y a su calidad.<\/p>\n","protected":false},"featured_media":13117,"template":"","meta":{"site-sidebar-layout":"no-sidebar","site-content-layout":"page-builder","ast-site-content-layout":"default","site-content-style":"default","site-sidebar-style":"default","ast-global-header-display":"","ast-banner-title-visibility":"","ast-main-header-display":"","ast-hfb-above-header-display":"","ast-hfb-below-header-display":"","ast-hfb-mobile-header-display":"","site-post-title":"disabled","ast-breadcrumbs-content":"","ast-featured-img":"disabled","footer-sml-layout":"","ast-disable-related-posts":"","theme-transparent-header-meta":"default","adv-header-id-meta":"","stick-header-meta":"","header-above-stick-meta":"","header-main-stick-meta":"","header-below-stick-meta":"","astra-migrate-meta-layouts":"default","ast-page-background-enabled":"default","ast-page-background-meta":{"desktop":{"background-color":"var(--ast-global-color-4)","background-image":"","background-repeat":"repeat","background-position":"center center","background-size":"auto","background-attachment":"scroll","background-type":"","background-media":"","overlay-type":"","overlay-color":"","overlay-opacity":"","overlay-gradient":""},"tablet":{"background-color":"","background-image":"","background-repeat":"repeat","background-position":"center center","background-size":"auto","background-attachment":"scroll","background-type":"","background-media":"","overlay-type":"","overlay-color":"","overlay-opacity":"","overlay-gradient":""},"mobile":{"background-color":"","background-image":"","background-repeat":"repeat","background-position":"center center","background-size":"auto","background-attachment":"scroll","background-type":"","background-media":"","overlay-type":"","overlay-color":"","overlay-opacity":"","overlay-gradient":""}},"ast-content-background-meta":{"desktop":{"background-color":"var(--ast-global-color-5)","background-image":"","background-repeat":"repeat","background-position":"center center","background-size":"auto","background-attachment":"scroll","background-type":"","background-media":"","overlay-type":"","overlay-color":"","overlay-opacity":"","overlay-gradient":""},"tablet":{"background-color":"var(--ast-global-color-5)","background-image":"","background-repeat":"repeat","background-position":"center center","background-size":"auto","background-attachment":"scroll","background-type":"","background-media":"","overlay-type":"","overlay-color":"","overlay-opacity":"","overlay-gradient":""},"mobile":{"background-color":"var(--ast-global-color-5)","background-image":"","background-repeat":"repeat","background-position":"center center","background-size":"auto","background-attachment":"scroll","background-type":"","background-media":"","overlay-type":"","overlay-color":"","overlay-opacity":"","overlay-gradient":""}}},"product_brand":[],"product_cat":[183,193],"product_tag":[260],"class_list":{"0":"post-13190","1":"product","2":"type-product","3":"status-publish","4":"has-post-thumbnail","6":"product_cat-accesorios","7":"product_cat-protecciones-de-aluminio-para-maquinas-y-cintas-transportadoras","8":"product_tag-accesorios","9":"desktop-align-left","10":"tablet-align-left","11":"mobile-align-left","12":"ast-product-gallery-layout-horizontal-slider","13":"ast-product-gallery-with-no-image","14":"ast-magnify-disabled","15":"ast-product-tabs-layout-horizontal","17":"first","18":"instock","19":"shipping-taxable","20":"product-type-simple"},"yoast_head":"<!-- This site is optimized with the Yoast SEO Premium plugin v27.5 (Yoast SEO v27.5) - https:\/\/yoast.com\/product\/yoast-seo-premium-wordpress\/ -->\n<title>Cierres especiales | ACCESS<\/title>\n<meta name=\"description\" content=\"La puerta es uno de los elementos m\u00e1s utilizados de un sistema de protecci\u00f3n.\" \/>\n<meta name=\"robots\" content=\"index, follow, max-snippet:-1, max-image-preview:large, max-video-preview:-1\" \/>\n<link rel=\"canonical\" href=\"https:\/\/www.accessafe.eu\/es\/producto\/cierres-especiales\/\" \/>\n<meta property=\"og:locale\" content=\"es_ES\" \/>\n<meta property=\"og:type\" content=\"article\" \/>\n<meta property=\"og:title\" content=\"Cierres especiales\" \/>\n<meta property=\"og:description\" content=\"La puerta es uno de los elementos m\u00e1s utilizados de un sistema de protecci\u00f3n.\" \/>\n<meta property=\"og:url\" content=\"https:\/\/www.accessafe.eu\/es\/producto\/cierres-especiales\/\" \/>\n<meta property=\"og:site_name\" content=\"Accessafe\" \/>\n<meta property=\"article:modified_time\" content=\"2023-05-31T13:07:01+00:00\" \/>\n<meta property=\"og:image\" content=\"https:\/\/www.accessafe.eu\/wp-content\/uploads\/2023\/05\/accessori-chiusure-speciali-porte-battenti-access.jpg\" \/>\n\t<meta property=\"og:image:width\" content=\"400\" \/>\n\t<meta property=\"og:image:height\" content=\"400\" \/>\n\t<meta property=\"og:image:type\" content=\"image\/jpeg\" \/>\n<meta name=\"twitter:card\" content=\"summary_large_image\" \/>\n<script type=\"application\/ld+json\" class=\"yoast-schema-graph\">{\"@context\":\"https:\\\/\\\/schema.org\",\"@graph\":[{\"@type\":\"WebPage\",\"@id\":\"https:\\\/\\\/www.accessafe.eu\\\/es\\\/producto\\\/cierres-especiales\\\/\",\"url\":\"https:\\\/\\\/www.accessafe.eu\\\/es\\\/producto\\\/cierres-especiales\\\/\",\"name\":\"Cierres especiales | ACCESS\",\"isPartOf\":{\"@id\":\"https:\\\/\\\/www.accessafe.eu\\\/es\\\/#website\"},\"primaryImageOfPage\":{\"@id\":\"https:\\\/\\\/www.accessafe.eu\\\/es\\\/producto\\\/cierres-especiales\\\/#primaryimage\"},\"image\":{\"@id\":\"https:\\\/\\\/www.accessafe.eu\\\/es\\\/producto\\\/cierres-especiales\\\/#primaryimage\"},\"thumbnailUrl\":\"https:\\\/\\\/www.accessafe.eu\\\/wp-content\\\/uploads\\\/2023\\\/05\\\/accessori-chiusure-speciali-porte-battenti-access.jpg\",\"datePublished\":\"2023-05-30T07:10:41+00:00\",\"dateModified\":\"2023-05-31T13:07:01+00:00\",\"description\":\"La puerta es uno de los elementos m\u00e1s utilizados de un sistema de protecci\u00f3n.\",\"breadcrumb\":{\"@id\":\"https:\\\/\\\/www.accessafe.eu\\\/es\\\/producto\\\/cierres-especiales\\\/#breadcrumb\"},\"inLanguage\":\"es\",\"potentialAction\":[{\"@type\":\"ReadAction\",\"target\":[\"https:\\\/\\\/www.accessafe.eu\\\/es\\\/producto\\\/cierres-especiales\\\/\"]}]},{\"@type\":\"ImageObject\",\"inLanguage\":\"es\",\"@id\":\"https:\\\/\\\/www.accessafe.eu\\\/es\\\/producto\\\/cierres-especiales\\\/#primaryimage\",\"url\":\"https:\\\/\\\/www.accessafe.eu\\\/wp-content\\\/uploads\\\/2023\\\/05\\\/accessori-chiusure-speciali-porte-battenti-access.jpg\",\"contentUrl\":\"https:\\\/\\\/www.accessafe.eu\\\/wp-content\\\/uploads\\\/2023\\\/05\\\/accessori-chiusure-speciali-porte-battenti-access.jpg\",\"width\":400,\"height\":400,\"caption\":\"accessori chiusure speciali porte battenti access\"},{\"@type\":\"BreadcrumbList\",\"@id\":\"https:\\\/\\\/www.accessafe.eu\\\/es\\\/producto\\\/cierres-especiales\\\/#breadcrumb\",\"itemListElement\":[{\"@type\":\"ListItem\",\"position\":1,\"name\":\"Home\",\"item\":\"https:\\\/\\\/www.accessafe.eu\\\/es\\\/\"},{\"@type\":\"ListItem\",\"position\":2,\"name\":\"Shop\",\"item\":\"https:\\\/\\\/www.accessafe.eu\\\/?page_id=11\"},{\"@type\":\"ListItem\",\"position\":3,\"name\":\"Cierres especiales\"}]},{\"@type\":\"WebSite\",\"@id\":\"https:\\\/\\\/www.accessafe.eu\\\/es\\\/#website\",\"url\":\"https:\\\/\\\/www.accessafe.eu\\\/es\\\/\",\"name\":\"Accessafe\",\"description\":\"Accessafe partner globale per la sicurezza industriale\",\"publisher\":{\"@id\":\"https:\\\/\\\/www.accessafe.eu\\\/es\\\/#organization\"},\"alternateName\":\"Accessafe\",\"potentialAction\":[{\"@type\":\"SearchAction\",\"target\":{\"@type\":\"EntryPoint\",\"urlTemplate\":\"https:\\\/\\\/www.accessafe.eu\\\/es\\\/?s={search_term_string}\"},\"query-input\":{\"@type\":\"PropertyValueSpecification\",\"valueRequired\":true,\"valueName\":\"search_term_string\"}}],\"inLanguage\":\"es\"},{\"@type\":\"Organization\",\"@id\":\"https:\\\/\\\/www.accessafe.eu\\\/es\\\/#organization\",\"name\":\"Accessafe\",\"alternateName\":\"Accessafe\",\"url\":\"https:\\\/\\\/www.accessafe.eu\\\/es\\\/\",\"logo\":{\"@type\":\"ImageObject\",\"inLanguage\":\"es\",\"@id\":\"https:\\\/\\\/www.accessafe.eu\\\/es\\\/#\\\/schema\\\/logo\\\/image\\\/\",\"url\":\"https:\\\/\\\/www.accessafe.eu\\\/wp-content\\\/uploads\\\/2026\\\/03\\\/accessafe-logotipo.png\",\"contentUrl\":\"https:\\\/\\\/www.accessafe.eu\\\/wp-content\\\/uploads\\\/2026\\\/03\\\/accessafe-logotipo.png\",\"width\":400,\"height\":66,\"caption\":\"Accessafe\"},\"image\":{\"@id\":\"https:\\\/\\\/www.accessafe.eu\\\/es\\\/#\\\/schema\\\/logo\\\/image\\\/\"},\"description\":\"Accessafe \u00e8 il partner globale per la sicurezza industriale: con sistemi di protezione perimetrale, consulenze e soluzioni per la marcatura CE dei macchinari, trasformiamo gli ambienti produttivi in spazi sicuri, efficienti e rispettosi dell\u2019ambiente.\",\"email\":\"info@accessafe.eu\",\"telephone\":\"+390399515951\",\"legalName\":\"Access Srl\",\"vatID\":\"05718410961\",\"taxID\":\"05718410961\"}]}<\/script>\n<!-- \/ Yoast SEO Premium plugin. -->","yoast_head_json":{"title":"Cierres especiales | ACCESS","description":"La puerta es uno de los elementos m\u00e1s utilizados de un sistema de protecci\u00f3n.","robots":{"index":"index","follow":"follow","max-snippet":"max-snippet:-1","max-image-preview":"max-image-preview:large","max-video-preview":"max-video-preview:-1"},"canonical":"https:\/\/www.accessafe.eu\/es\/producto\/cierres-especiales\/","og_locale":"es_ES","og_type":"article","og_title":"Cierres especiales","og_description":"La puerta es uno de los elementos m\u00e1s utilizados de un sistema de protecci\u00f3n.","og_url":"https:\/\/www.accessafe.eu\/es\/producto\/cierres-especiales\/","og_site_name":"Accessafe","article_modified_time":"2023-05-31T13:07:01+00:00","og_image":[{"width":400,"height":400,"url":"https:\/\/www.accessafe.eu\/wp-content\/uploads\/2023\/05\/accessori-chiusure-speciali-porte-battenti-access.jpg","type":"image\/jpeg"}],"twitter_card":"summary_large_image","schema":{"@context":"https:\/\/schema.org","@graph":[{"@type":"WebPage","@id":"https:\/\/www.accessafe.eu\/es\/producto\/cierres-especiales\/","url":"https:\/\/www.accessafe.eu\/es\/producto\/cierres-especiales\/","name":"Cierres especiales | ACCESS","isPartOf":{"@id":"https:\/\/www.accessafe.eu\/es\/#website"},"primaryImageOfPage":{"@id":"https:\/\/www.accessafe.eu\/es\/producto\/cierres-especiales\/#primaryimage"},"image":{"@id":"https:\/\/www.accessafe.eu\/es\/producto\/cierres-especiales\/#primaryimage"},"thumbnailUrl":"https:\/\/www.accessafe.eu\/wp-content\/uploads\/2023\/05\/accessori-chiusure-speciali-porte-battenti-access.jpg","datePublished":"2023-05-30T07:10:41+00:00","dateModified":"2023-05-31T13:07:01+00:00","description":"La puerta es uno de los elementos m\u00e1s utilizados de un sistema de protecci\u00f3n.","breadcrumb":{"@id":"https:\/\/www.accessafe.eu\/es\/producto\/cierres-especiales\/#breadcrumb"},"inLanguage":"es","potentialAction":[{"@type":"ReadAction","target":["https:\/\/www.accessafe.eu\/es\/producto\/cierres-especiales\/"]}]},{"@type":"ImageObject","inLanguage":"es","@id":"https:\/\/www.accessafe.eu\/es\/producto\/cierres-especiales\/#primaryimage","url":"https:\/\/www.accessafe.eu\/wp-content\/uploads\/2023\/05\/accessori-chiusure-speciali-porte-battenti-access.jpg","contentUrl":"https:\/\/www.accessafe.eu\/wp-content\/uploads\/2023\/05\/accessori-chiusure-speciali-porte-battenti-access.jpg","width":400,"height":400,"caption":"accessori chiusure speciali porte battenti access"},{"@type":"BreadcrumbList","@id":"https:\/\/www.accessafe.eu\/es\/producto\/cierres-especiales\/#breadcrumb","itemListElement":[{"@type":"ListItem","position":1,"name":"Home","item":"https:\/\/www.accessafe.eu\/es\/"},{"@type":"ListItem","position":2,"name":"Shop","item":"https:\/\/www.accessafe.eu\/?page_id=11"},{"@type":"ListItem","position":3,"name":"Cierres especiales"}]},{"@type":"WebSite","@id":"https:\/\/www.accessafe.eu\/es\/#website","url":"https:\/\/www.accessafe.eu\/es\/","name":"Accessafe","description":"Accessafe partner globale per la sicurezza industriale","publisher":{"@id":"https:\/\/www.accessafe.eu\/es\/#organization"},"alternateName":"Accessafe","potentialAction":[{"@type":"SearchAction","target":{"@type":"EntryPoint","urlTemplate":"https:\/\/www.accessafe.eu\/es\/?s={search_term_string}"},"query-input":{"@type":"PropertyValueSpecification","valueRequired":true,"valueName":"search_term_string"}}],"inLanguage":"es"},{"@type":"Organization","@id":"https:\/\/www.accessafe.eu\/es\/#organization","name":"Accessafe","alternateName":"Accessafe","url":"https:\/\/www.accessafe.eu\/es\/","logo":{"@type":"ImageObject","inLanguage":"es","@id":"https:\/\/www.accessafe.eu\/es\/#\/schema\/logo\/image\/","url":"https:\/\/www.accessafe.eu\/wp-content\/uploads\/2026\/03\/accessafe-logotipo.png","contentUrl":"https:\/\/www.accessafe.eu\/wp-content\/uploads\/2026\/03\/accessafe-logotipo.png","width":400,"height":66,"caption":"Accessafe"},"image":{"@id":"https:\/\/www.accessafe.eu\/es\/#\/schema\/logo\/image\/"},"description":"Accessafe \u00e8 il partner globale per la sicurezza industriale: con sistemi di protezione perimetrale, consulenze e soluzioni per la marcatura CE dei macchinari, trasformiamo gli ambienti produttivi in spazi sicuri, efficienti e rispettosi dell\u2019ambiente.","email":"info@accessafe.eu","telephone":"+390399515951","legalName":"Access Srl","vatID":"05718410961","taxID":"05718410961"}]}},"_links":{"self":[{"href":"https:\/\/www.accessafe.eu\/es\/wp-json\/wp\/v2\/product\/13190","targetHints":{"allow":["GET"]}}],"collection":[{"href":"https:\/\/www.accessafe.eu\/es\/wp-json\/wp\/v2\/product"}],"about":[{"href":"https:\/\/www.accessafe.eu\/es\/wp-json\/wp\/v2\/types\/product"}],"version-history":[{"count":4,"href":"https:\/\/www.accessafe.eu\/es\/wp-json\/wp\/v2\/product\/13190\/revisions"}],"predecessor-version":[{"id":13194,"href":"https:\/\/www.accessafe.eu\/es\/wp-json\/wp\/v2\/product\/13190\/revisions\/13194"}],"wp:featuredmedia":[{"embeddable":true,"href":"https:\/\/www.accessafe.eu\/es\/wp-json\/wp\/v2\/media\/13117"}],"wp:attachment":[{"href":"https:\/\/www.accessafe.eu\/es\/wp-json\/wp\/v2\/media?parent=13190"}],"wp:term":[{"taxonomy":"product_brand","embeddable":true,"href":"https:\/\/www.accessafe.eu\/es\/wp-json\/wp\/v2\/product_brand?post=13190"},{"taxonomy":"product_cat","embeddable":true,"href":"https:\/\/www.accessafe.eu\/es\/wp-json\/wp\/v2\/product_cat?post=13190"},{"taxonomy":"product_tag","embeddable":true,"href":"https:\/\/www.accessafe.eu\/es\/wp-json\/wp\/v2\/product_tag?post=13190"}],"curies":[{"name":"wp","href":"https:\/\/api.w.org\/{rel}","templated":true}]}}