{"id":13634,"date":"2022-12-27T09:00:28","date_gmt":"2022-12-27T08:00:28","guid":{"rendered":"https:\/\/www.accessafe.eu\/prodotto\/serie-modula-za\/"},"modified":"2025-05-30T12:38:48","modified_gmt":"2025-05-30T10:38:48","slug":"serie-modula-za","status":"publish","type":"product","link":"https:\/\/www.accessafe.eu\/es\/producto\/serie-modula-za\/","title":{"rendered":"Serie Modula ZA"},"content":{"rendered":"\t\t<div data-elementor-type=\"product-post\" data-elementor-id=\"13634\" class=\"elementor elementor-13634 elementor-13421\" data-elementor-post-type=\"product\">\n\t\t\t\t\t\t<section class=\"elementor-section elementor-top-section elementor-element elementor-element-d147574 elementor-section-boxed elementor-section-height-default elementor-section-height-default\" data-id=\"d147574\" data-element_type=\"section\" data-e-type=\"section\">\n\t\t\t\t\t\t<div class=\"elementor-container elementor-column-gap-default\">\n\t\t\t\t\t<div class=\"elementor-column elementor-col-50 elementor-top-column elementor-element elementor-element-cd70152\" data-id=\"cd70152\" data-element_type=\"column\" data-e-type=\"column\">\n\t\t\t<div class=\"elementor-widget-wrap elementor-element-populated\">\n\t\t\t\t\t\t<div class=\"elementor-element elementor-element-0776c03 elementor-widget elementor-widget-heading\" data-id=\"0776c03\" data-element_type=\"widget\" data-e-type=\"widget\" data-widget_type=\"heading.default\">\n\t\t\t\t<div class=\"elementor-widget-container\">\n\t\t\t\t\t<h3 class=\"elementor-heading-title elementor-size-default\">SISTEMA DE FIJACI\u00d3N MODULA<\/h3>\t\t\t\t<\/div>\n\t\t\t\t<\/div>\n\t\t\t\t<div class=\"elementor-element elementor-element-0d984b8 elementor-widget elementor-widget-text-editor\" data-id=\"0d984b8\" data-element_type=\"widget\" data-e-type=\"widget\" data-widget_type=\"text-editor.default\">\n\t\t\t\t<div class=\"elementor-widget-container\">\n\t\t\t\t\t\t\t\t\t<p><strong>PATENTE EUROPEA N\u00b0 3708742<\/strong> \u2013 Las placas de pl\u00e1stico con tornillos imperdibles para fijaci\u00f3n en postes, suministradas con el panel, permiten ajustar la altura en 23 mm.<\/p>\n\t\t\t\t\t\t\t\t<\/div>\n\t\t\t\t<\/div>\n\t\t\t\t<div class=\"elementor-element elementor-element-94f7c33 elementor-widget elementor-widget-global elementor-global-7197 elementor-global-2788 elementor-widget-heading\" data-id=\"94f7c33\" data-element_type=\"widget\" data-e-type=\"widget\" data-widget_type=\"heading.default\">\n\t\t\t\t<div class=\"elementor-widget-container\">\n\t\t\t\t\t<h3 class=\"elementor-heading-title elementor-size-default\">COMPATIBILIDAD<\/h3>\t\t\t\t<\/div>\n\t\t\t\t<\/div>\n\t\t\t\t<div class=\"elementor-element elementor-element-b57cc25 elementor-widget elementor-widget-text-editor\" data-id=\"b57cc25\" data-element_type=\"widget\" data-e-type=\"widget\" data-widget_type=\"text-editor.default\">\n\t\t\t\t<div class=\"elementor-widget-container\">\n\t\t\t\t\t\t\t\t\t<p>Sistema de fijaci\u00f3n panel \u2013 montante MODULA<\/p>\n<p>Tipo de montante MODULA:<\/p>\n<ul>\n<li>Pre-galvanizado y pintado (galvanizado electrol\u00edtico y pintura en polvo);<\/li>\n<li>Galvanizado en caliente (en combinaci\u00f3n con modula ZA sin pintar)<\/li>\n<\/ul>\n\t\t\t\t\t\t\t\t<\/div>\n\t\t\t\t<\/div>\n\t\t\t\t<div class=\"elementor-element elementor-element-9e29217 elementor-widget elementor-widget-global elementor-global-7189 elementor-global-2791 elementor-widget-heading\" data-id=\"9e29217\" data-element_type=\"widget\" data-e-type=\"widget\" data-widget_type=\"heading.default\">\n\t\t\t\t<div class=\"elementor-widget-container\">\n\t\t\t\t\t<h3 class=\"elementor-heading-title elementor-size-default\">COLORES<\/h3>\t\t\t\t<\/div>\n\t\t\t\t<\/div>\n\t\t\t\t<div class=\"elementor-element elementor-element-6efece8 elementor-widget elementor-widget-global elementor-global-7567 elementor-global-2799 elementor-widget-text-editor\" data-id=\"6efece8\" data-element_type=\"widget\" data-e-type=\"widget\" data-widget_type=\"text-editor.default\">\n\t\t\t\t<div class=\"elementor-widget-container\">\n\t\t\t\t\t\t\t\t\tLos paneles reciben un tratamiento de pintura ep\u00f3xica \t\t\t\t\t\t\t\t<\/div>\n\t\t\t\t<\/div>\n\t\t\t\t<div class=\"elementor-element elementor-element-3ffce79 elementor-widget elementor-widget-global elementor-global-7187 elementor-global-2808 elementor-widget-image-carousel\" data-id=\"3ffce79\" data-element_type=\"widget\" data-e-type=\"widget\" data-settings=\"{&quot;navigation&quot;:&quot;none&quot;,&quot;slides_to_show&quot;:&quot;9&quot;,&quot;slides_to_scroll&quot;:&quot;1&quot;,&quot;autoplay&quot;:&quot;no&quot;,&quot;infinite&quot;:&quot;no&quot;,&quot;slides_to_show_tablet&quot;:&quot;7&quot;,&quot;slides_to_show_mobile&quot;:&quot;5&quot;,&quot;speed&quot;:500,&quot;image_spacing_custom&quot;:{&quot;unit&quot;:&quot;px&quot;,&quot;size&quot;:20,&quot;sizes&quot;:[]},&quot;image_spacing_custom_tablet&quot;:{&quot;unit&quot;:&quot;px&quot;,&quot;size&quot;:&quot;&quot;,&quot;sizes&quot;:[]},&quot;image_spacing_custom_mobile&quot;:{&quot;unit&quot;:&quot;px&quot;,&quot;size&quot;:&quot;&quot;,&quot;sizes&quot;:[]}}\" data-widget_type=\"image-carousel.default\">\n\t\t\t\t<div class=\"elementor-widget-container\">\n\t\t\t\t\t\t\t<div class=\"elementor-image-carousel-wrapper swiper\" role=\"region\" aria-roledescription=\"carousel\" aria-label=\"Carrusel de im\u00e1genes\" dir=\"ltr\">\n\t\t\t<div class=\"elementor-image-carousel swiper-wrapper\" aria-live=\"polite\">\n\t\t\t\t\t\t\t\t<div class=\"swiper-slide\" role=\"group\" aria-roledescription=\"slide\" aria-label=\"1 de 3\"><figure class=\"swiper-slide-inner\"><img decoding=\"async\" class=\"swiper-slide-image\" src=\"https:\/\/www.accessafe.eu\/wp-content\/uploads\/2022\/10\/Colorazione-nera.svg\" alt=\"9005\" \/><figcaption class=\"elementor-image-carousel-caption\">9005<\/figcaption><\/figure><\/div><div class=\"swiper-slide\" role=\"group\" aria-roledescription=\"slide\" aria-label=\"2 de 3\"><figure class=\"swiper-slide-inner\"><img decoding=\"async\" class=\"swiper-slide-image\" src=\"https:\/\/www.accessafe.eu\/wp-content\/uploads\/2022\/10\/Colorazione-gialla.svg\" alt=\"1018\" \/><figcaption class=\"elementor-image-carousel-caption\">1018<\/figcaption><\/figure><\/div><div class=\"swiper-slide\" role=\"group\" aria-roledescription=\"slide\" aria-label=\"3 de 3\"><figure class=\"swiper-slide-inner\"><img decoding=\"async\" class=\"swiper-slide-image\" src=\"https:\/\/www.accessafe.eu\/wp-content\/uploads\/2022\/10\/Colorazione-grigia.svg\" alt=\"7035\" \/><figcaption class=\"elementor-image-carousel-caption\">7035<\/figcaption><\/figure><\/div>\t\t\t<\/div>\n\t\t\t\t\t\t\t\n\t\t\t\t\t\t\t\t\t<\/div>\n\t\t\t\t\t\t<\/div>\n\t\t\t\t<\/div>\n\t\t\t\t<div class=\"elementor-element elementor-element-874eb3a elementor-widget elementor-widget-global elementor-global-7565 elementor-global-2802 elementor-widget-text-editor\" data-id=\"874eb3a\" data-element_type=\"widget\" data-e-type=\"widget\" data-widget_type=\"text-editor.default\">\n\t\t\t\t<div class=\"elementor-widget-container\">\n\t\t\t\t\t\t\t\t\tOtros colores bajo pedido \t\t\t\t\t\t\t\t<\/div>\n\t\t\t\t<\/div>\n\t\t\t\t<div class=\"elementor-element elementor-element-f2dd4e9 elementor-widget elementor-widget-text-editor\" data-id=\"f2dd4e9\" data-element_type=\"widget\" data-e-type=\"widget\" data-widget_type=\"text-editor.default\">\n\t\t\t\t<div class=\"elementor-widget-container\">\n\t\t\t\t\t\t\t\t\t<p><strong>* solo disponible para la altura 1887<\/strong><\/p>\n\t\t\t\t\t\t\t\t<\/div>\n\t\t\t\t<\/div>\n\t\t\t\t\t<\/div>\n\t\t<\/div>\n\t\t\t\t<div class=\"elementor-column elementor-col-50 elementor-top-column elementor-element elementor-element-acec69b\" data-id=\"acec69b\" data-element_type=\"column\" data-e-type=\"column\">\n\t\t\t<div class=\"elementor-widget-wrap elementor-element-populated\">\n\t\t\t\t\t\t<div class=\"elementor-element elementor-element-2c9ce8e elementor-widget elementor-widget-image\" data-id=\"2c9ce8e\" data-element_type=\"widget\" data-e-type=\"widget\" data-widget_type=\"image.default\">\n\t\t\t\t<div class=\"elementor-widget-container\">\n\t\t\t\t\t\t\t\t\t\t\t\t\t\t\t<img fetchpriority=\"high\" decoding=\"async\" width=\"500\" height=\"860\" src=\"https:\/\/www.accessafe.eu\/wp-content\/uploads\/2022\/12\/Serie-modula-ZA-Access.jpg\" class=\"attachment-full size-full wp-image-14655\" alt=\"\" srcset=\"https:\/\/www.accessafe.eu\/wp-content\/uploads\/2022\/12\/Serie-modula-ZA-Access.jpg 500w, https:\/\/www.accessafe.eu\/wp-content\/uploads\/2022\/12\/Serie-modula-ZA-Access-174x300.jpg 174w\" sizes=\"(max-width: 500px) 100vw, 500px\" \/>\t\t\t\t\t\t\t\t\t\t\t\t\t\t\t<\/div>\n\t\t\t\t<\/div>\n\t\t\t\t\t<\/div>\n\t\t<\/div>\n\t\t\t\t\t<\/div>\n\t\t<\/section>\n\t\t\t\t<\/div>\n\t\t","protected":false},"excerpt":{"rendered":"<p>La abreviatura ZA se refiere al acero con revestimiento de zinc \u2013 aluminio del 95% y el 5% respectivamente: este revestimiento proporciona mejores propiedades de conformado y soldadura al acero y contribuye a prolongar su vida \u00fatil, garantizando aproximadamente el doble de resistencia a la corrosi\u00f3n que un elemento correspondiente de acero al carbono galvanizado en caliente (ISO 1461). \u201cGalfan\u201d es una de las marcas m\u00e1s utilizadas para indicar este tipo de aleaci\u00f3n, mientras que la norma de referencia es la EN 10346:2015.<\/p>\n<p>La serie Modula ZA de Accessafe incluye paneles modulares de malla con revestimiento de zinc-aluminio, todos los paneles de la serie Modula ZA de Accessafe tienen una malla de 44X44 mm y alambre de 4 mm y presentan pliegues horizontales para proporcionar una mayor estabilidad y rigidez al panel sin marco.<\/p>\n<p>Estas protecciones perimetrales para maquinaria se utilizan para aplicaciones en ambientes externos, es decir, en aquellas zonas de trabajo en las que hay presencia de disolventes o soluciones abrasivas, como m\u00e1quinas de corte de piedra, m\u00e1quinas de tratamiento de superficies o plantas para la industria qu\u00edmica.<\/p>\n<p>Los paneles de la serie Modula ZA tambi\u00e9n pueden venderse con recubrimiento en polvo seg\u00fan nuestros RAL est\u00e1ndar o bajo pedido, al hacerlo, el resultado est\u00e9tico obtenido es id\u00e9ntico al de un producto para uso interior, pero con unas caracter\u00edsticas de resistencia a la oxidaci\u00f3n enormemente superiores.<\/p>\n<h3>NORMATIVAS DE REFERENCIA<\/h3>\n<p><strong>La Serie Modula ZA de Accessafe cumple las normas de referencia:<\/strong><\/p>\n<ul>\n<li>UNI EN ISO 13857:2020 Distancia m\u00ednima del peligro 200mm<\/li>\n<\/ul>\n<h3>CAMPO DE APLICACI\u00d3N<\/h3>\n<ul>\n<li>Aplicaciones en las \u00e1reas externas;<\/li>\n<li>\u00c1reas de trabajo con presencia de agua, disolventes o soluciones abrasivas;<\/li>\n<li>M\u00e1quinas para el tratamiento de la piedra, plantas de tratamientos superficiales y la industria qu\u00edmica.<\/li>\n<\/ul>\n","protected":false},"featured_media":6845,"template":"","meta":{"site-sidebar-layout":"no-sidebar","site-content-layout":"page-builder","ast-site-content-layout":"full-width-container","site-content-style":"unboxed","site-sidebar-style":"unboxed","ast-global-header-display":"","ast-banner-title-visibility":"","ast-main-header-display":"","ast-hfb-above-header-display":"","ast-hfb-below-header-display":"","ast-hfb-mobile-header-display":"","site-post-title":"disabled","ast-breadcrumbs-content":"","ast-featured-img":"disabled","footer-sml-layout":"","ast-disable-related-posts":"","theme-transparent-header-meta":"default","adv-header-id-meta":"","stick-header-meta":"","header-above-stick-meta":"","header-main-stick-meta":"","header-below-stick-meta":"","astra-migrate-meta-layouts":"default","ast-page-background-enabled":"default","ast-page-background-meta":{"desktop":{"background-color":"var(--ast-global-color-4)","background-image":"","background-repeat":"repeat","background-position":"center center","background-size":"auto","background-attachment":"scroll","background-type":"","background-media":"","overlay-type":"","overlay-color":"","overlay-opacity":"","overlay-gradient":""},"tablet":{"background-color":"","background-image":"","background-repeat":"repeat","background-position":"center center","background-size":"auto","background-attachment":"scroll","background-type":"","background-media":"","overlay-type":"","overlay-color":"","overlay-opacity":"","overlay-gradient":""},"mobile":{"background-color":"","background-image":"","background-repeat":"repeat","background-position":"center center","background-size":"auto","background-attachment":"scroll","background-type":"","background-media":"","overlay-type":"","overlay-color":"","overlay-opacity":"","overlay-gradient":""}},"ast-content-background-meta":{"desktop":{"background-color":"var(--ast-global-color-5)","background-image":"","background-repeat":"repeat","background-position":"center center","background-size":"auto","background-attachment":"scroll","background-type":"","background-media":"","overlay-type":"","overlay-color":"","overlay-opacity":"","overlay-gradient":""},"tablet":{"background-color":"var(--ast-global-color-5)","background-image":"","background-repeat":"repeat","background-position":"center center","background-size":"auto","background-attachment":"scroll","background-type":"","background-media":"","overlay-type":"","overlay-color":"","overlay-opacity":"","overlay-gradient":""},"mobile":{"background-color":"var(--ast-global-color-5)","background-image":"","background-repeat":"repeat","background-position":"center center","background-size":"auto","background-attachment":"scroll","background-type":"","background-media":"","overlay-type":"","overlay-color":"","overlay-opacity":"","overlay-gradient":""}}},"product_brand":[],"product_cat":[188,182],"product_tag":[217,300],"class_list":{"0":"post-13634","1":"product","2":"type-product","3":"status-publish","4":"has-post-thumbnail","6":"product_cat-paneles","7":"product_cat-protecciones-perimetrales","8":"product_tag-paneles-sin-marco","9":"product_tag-revestimiento-zinc-aluminio","10":"desktop-align-left","11":"tablet-align-left","12":"mobile-align-left","13":"ast-product-gallery-layout-horizontal-slider","14":"ast-product-gallery-with-no-image","15":"ast-magnify-disabled","16":"ast-product-tabs-layout-horizontal","18":"first","19":"instock","20":"shipping-taxable","21":"product-type-simple"},"yoast_head":"<!-- This site is optimized with the Yoast SEO Premium plugin v27.3 (Yoast SEO v27.3) - https:\/\/yoast.com\/product\/yoast-seo-premium-wordpress\/ -->\n<title>Serie Modula ZA | Access<\/title>\n<meta name=\"description\" content=\"La serie Modula ZA de Accessafe incluye paneles modulares de malla con revestimiento de zinc-aluminio.\" \/>\n<meta name=\"robots\" content=\"index, follow, max-snippet:-1, max-image-preview:large, max-video-preview:-1\" \/>\n<link rel=\"canonical\" href=\"https:\/\/www.accessafe.eu\/es\/producto\/serie-modula-za\/\" \/>\n<meta property=\"og:locale\" content=\"es_ES\" \/>\n<meta property=\"og:type\" content=\"article\" \/>\n<meta property=\"og:title\" content=\"Serie Modula ZA\" \/>\n<meta property=\"og:description\" content=\"La serie Modula ZA de Accessafe incluye paneles modulares de malla con revestimiento de zinc-aluminio.\" \/>\n<meta property=\"og:url\" content=\"https:\/\/www.accessafe.eu\/es\/producto\/serie-modula-za\/\" \/>\n<meta property=\"og:site_name\" content=\"Accessafe\" \/>\n<meta property=\"article:modified_time\" content=\"2025-05-30T10:38:48+00:00\" \/>\n<meta property=\"og:image\" content=\"https:\/\/www.accessafe.eu\/wp-content\/uploads\/2022\/12\/Serie-Modula-Access.jpg\" \/>\n\t<meta property=\"og:image:width\" content=\"330\" \/>\n\t<meta property=\"og:image:height\" content=\"780\" \/>\n\t<meta property=\"og:image:type\" content=\"image\/jpeg\" \/>\n<meta name=\"twitter:card\" content=\"summary_large_image\" \/>\n<script type=\"application\/ld+json\" class=\"yoast-schema-graph\">{\"@context\":\"https:\\\/\\\/schema.org\",\"@graph\":[{\"@type\":\"WebPage\",\"@id\":\"https:\\\/\\\/www.accessafe.eu\\\/es\\\/producto\\\/serie-modula-za\\\/\",\"url\":\"https:\\\/\\\/www.accessafe.eu\\\/es\\\/producto\\\/serie-modula-za\\\/\",\"name\":\"Serie Modula ZA | Access\",\"isPartOf\":{\"@id\":\"https:\\\/\\\/www.accessafe.eu\\\/es\\\/#website\"},\"primaryImageOfPage\":{\"@id\":\"https:\\\/\\\/www.accessafe.eu\\\/es\\\/producto\\\/serie-modula-za\\\/#primaryimage\"},\"image\":{\"@id\":\"https:\\\/\\\/www.accessafe.eu\\\/es\\\/producto\\\/serie-modula-za\\\/#primaryimage\"},\"thumbnailUrl\":\"https:\\\/\\\/www.accessafe.eu\\\/wp-content\\\/uploads\\\/2022\\\/12\\\/Serie-Modula-Access.jpg\",\"datePublished\":\"2022-12-27T08:00:28+00:00\",\"dateModified\":\"2025-05-30T10:38:48+00:00\",\"description\":\"La serie Modula ZA de Accessafe incluye paneles modulares de malla con revestimiento de zinc-aluminio.\",\"breadcrumb\":{\"@id\":\"https:\\\/\\\/www.accessafe.eu\\\/es\\\/producto\\\/serie-modula-za\\\/#breadcrumb\"},\"inLanguage\":\"es\",\"potentialAction\":[{\"@type\":\"ReadAction\",\"target\":[\"https:\\\/\\\/www.accessafe.eu\\\/es\\\/producto\\\/serie-modula-za\\\/\"]}]},{\"@type\":\"ImageObject\",\"inLanguage\":\"es\",\"@id\":\"https:\\\/\\\/www.accessafe.eu\\\/es\\\/producto\\\/serie-modula-za\\\/#primaryimage\",\"url\":\"https:\\\/\\\/www.accessafe.eu\\\/wp-content\\\/uploads\\\/2022\\\/12\\\/Serie-Modula-Access.jpg\",\"contentUrl\":\"https:\\\/\\\/www.accessafe.eu\\\/wp-content\\\/uploads\\\/2022\\\/12\\\/Serie-Modula-Access.jpg\",\"width\":330,\"height\":780,\"caption\":\"Serie Modula Access\"},{\"@type\":\"BreadcrumbList\",\"@id\":\"https:\\\/\\\/www.accessafe.eu\\\/es\\\/producto\\\/serie-modula-za\\\/#breadcrumb\",\"itemListElement\":[{\"@type\":\"ListItem\",\"position\":1,\"name\":\"Home\",\"item\":\"https:\\\/\\\/www.accessafe.eu\\\/es\\\/\"},{\"@type\":\"ListItem\",\"position\":2,\"name\":\"Shop\",\"item\":\"https:\\\/\\\/www.accessafe.eu\\\/?page_id=11\"},{\"@type\":\"ListItem\",\"position\":3,\"name\":\"Serie Modula ZA\"}]},{\"@type\":\"WebSite\",\"@id\":\"https:\\\/\\\/www.accessafe.eu\\\/es\\\/#website\",\"url\":\"https:\\\/\\\/www.accessafe.eu\\\/es\\\/\",\"name\":\"Accessafe\",\"description\":\"Accessafe partner globale per la sicurezza industriale\",\"publisher\":{\"@id\":\"https:\\\/\\\/www.accessafe.eu\\\/es\\\/#organization\"},\"alternateName\":\"Accessafe\",\"potentialAction\":[{\"@type\":\"SearchAction\",\"target\":{\"@type\":\"EntryPoint\",\"urlTemplate\":\"https:\\\/\\\/www.accessafe.eu\\\/es\\\/?s={search_term_string}\"},\"query-input\":{\"@type\":\"PropertyValueSpecification\",\"valueRequired\":true,\"valueName\":\"search_term_string\"}}],\"inLanguage\":\"es\"},{\"@type\":\"Organization\",\"@id\":\"https:\\\/\\\/www.accessafe.eu\\\/es\\\/#organization\",\"name\":\"Accessafe\",\"alternateName\":\"Accessafe\",\"url\":\"https:\\\/\\\/www.accessafe.eu\\\/es\\\/\",\"logo\":{\"@type\":\"ImageObject\",\"inLanguage\":\"es\",\"@id\":\"https:\\\/\\\/www.accessafe.eu\\\/es\\\/#\\\/schema\\\/logo\\\/image\\\/\",\"url\":\"https:\\\/\\\/www.accessafe.eu\\\/wp-content\\\/uploads\\\/2026\\\/03\\\/accessafe-logotipo.png\",\"contentUrl\":\"https:\\\/\\\/www.accessafe.eu\\\/wp-content\\\/uploads\\\/2026\\\/03\\\/accessafe-logotipo.png\",\"width\":400,\"height\":66,\"caption\":\"Accessafe\"},\"image\":{\"@id\":\"https:\\\/\\\/www.accessafe.eu\\\/es\\\/#\\\/schema\\\/logo\\\/image\\\/\"},\"description\":\"Accessafe \u00e8 il partner globale per la sicurezza industriale: con sistemi di protezione perimetrale, consulenze e soluzioni per la marcatura CE dei macchinari, trasformiamo gli ambienti produttivi in spazi sicuri, efficienti e rispettosi dell\u2019ambiente.\",\"email\":\"info@accessafe.eu\",\"telephone\":\"+390399515951\",\"legalName\":\"Access Srl\",\"vatID\":\"05718410961\",\"taxID\":\"05718410961\"}]}<\/script>\n<!-- \/ Yoast SEO Premium plugin. -->","yoast_head_json":{"title":"Serie Modula ZA | Access","description":"La serie Modula ZA de Accessafe incluye paneles modulares de malla con revestimiento de zinc-aluminio.","robots":{"index":"index","follow":"follow","max-snippet":"max-snippet:-1","max-image-preview":"max-image-preview:large","max-video-preview":"max-video-preview:-1"},"canonical":"https:\/\/www.accessafe.eu\/es\/producto\/serie-modula-za\/","og_locale":"es_ES","og_type":"article","og_title":"Serie Modula ZA","og_description":"La serie Modula ZA de Accessafe incluye paneles modulares de malla con revestimiento de zinc-aluminio.","og_url":"https:\/\/www.accessafe.eu\/es\/producto\/serie-modula-za\/","og_site_name":"Accessafe","article_modified_time":"2025-05-30T10:38:48+00:00","og_image":[{"width":330,"height":780,"url":"https:\/\/www.accessafe.eu\/wp-content\/uploads\/2022\/12\/Serie-Modula-Access.jpg","type":"image\/jpeg"}],"twitter_card":"summary_large_image","schema":{"@context":"https:\/\/schema.org","@graph":[{"@type":"WebPage","@id":"https:\/\/www.accessafe.eu\/es\/producto\/serie-modula-za\/","url":"https:\/\/www.accessafe.eu\/es\/producto\/serie-modula-za\/","name":"Serie Modula ZA | Access","isPartOf":{"@id":"https:\/\/www.accessafe.eu\/es\/#website"},"primaryImageOfPage":{"@id":"https:\/\/www.accessafe.eu\/es\/producto\/serie-modula-za\/#primaryimage"},"image":{"@id":"https:\/\/www.accessafe.eu\/es\/producto\/serie-modula-za\/#primaryimage"},"thumbnailUrl":"https:\/\/www.accessafe.eu\/wp-content\/uploads\/2022\/12\/Serie-Modula-Access.jpg","datePublished":"2022-12-27T08:00:28+00:00","dateModified":"2025-05-30T10:38:48+00:00","description":"La serie Modula ZA de Accessafe incluye paneles modulares de malla con revestimiento de zinc-aluminio.","breadcrumb":{"@id":"https:\/\/www.accessafe.eu\/es\/producto\/serie-modula-za\/#breadcrumb"},"inLanguage":"es","potentialAction":[{"@type":"ReadAction","target":["https:\/\/www.accessafe.eu\/es\/producto\/serie-modula-za\/"]}]},{"@type":"ImageObject","inLanguage":"es","@id":"https:\/\/www.accessafe.eu\/es\/producto\/serie-modula-za\/#primaryimage","url":"https:\/\/www.accessafe.eu\/wp-content\/uploads\/2022\/12\/Serie-Modula-Access.jpg","contentUrl":"https:\/\/www.accessafe.eu\/wp-content\/uploads\/2022\/12\/Serie-Modula-Access.jpg","width":330,"height":780,"caption":"Serie Modula Access"},{"@type":"BreadcrumbList","@id":"https:\/\/www.accessafe.eu\/es\/producto\/serie-modula-za\/#breadcrumb","itemListElement":[{"@type":"ListItem","position":1,"name":"Home","item":"https:\/\/www.accessafe.eu\/es\/"},{"@type":"ListItem","position":2,"name":"Shop","item":"https:\/\/www.accessafe.eu\/?page_id=11"},{"@type":"ListItem","position":3,"name":"Serie Modula ZA"}]},{"@type":"WebSite","@id":"https:\/\/www.accessafe.eu\/es\/#website","url":"https:\/\/www.accessafe.eu\/es\/","name":"Accessafe","description":"Accessafe partner globale per la sicurezza industriale","publisher":{"@id":"https:\/\/www.accessafe.eu\/es\/#organization"},"alternateName":"Accessafe","potentialAction":[{"@type":"SearchAction","target":{"@type":"EntryPoint","urlTemplate":"https:\/\/www.accessafe.eu\/es\/?s={search_term_string}"},"query-input":{"@type":"PropertyValueSpecification","valueRequired":true,"valueName":"search_term_string"}}],"inLanguage":"es"},{"@type":"Organization","@id":"https:\/\/www.accessafe.eu\/es\/#organization","name":"Accessafe","alternateName":"Accessafe","url":"https:\/\/www.accessafe.eu\/es\/","logo":{"@type":"ImageObject","inLanguage":"es","@id":"https:\/\/www.accessafe.eu\/es\/#\/schema\/logo\/image\/","url":"https:\/\/www.accessafe.eu\/wp-content\/uploads\/2026\/03\/accessafe-logotipo.png","contentUrl":"https:\/\/www.accessafe.eu\/wp-content\/uploads\/2026\/03\/accessafe-logotipo.png","width":400,"height":66,"caption":"Accessafe"},"image":{"@id":"https:\/\/www.accessafe.eu\/es\/#\/schema\/logo\/image\/"},"description":"Accessafe \u00e8 il partner globale per la sicurezza industriale: con sistemi di protezione perimetrale, consulenze e soluzioni per la marcatura CE dei macchinari, trasformiamo gli ambienti produttivi in spazi sicuri, efficienti e rispettosi dell\u2019ambiente.","email":"info@accessafe.eu","telephone":"+390399515951","legalName":"Access Srl","vatID":"05718410961","taxID":"05718410961"}]}},"_links":{"self":[{"href":"https:\/\/www.accessafe.eu\/es\/wp-json\/wp\/v2\/product\/13634","targetHints":{"allow":["GET"]}}],"collection":[{"href":"https:\/\/www.accessafe.eu\/es\/wp-json\/wp\/v2\/product"}],"about":[{"href":"https:\/\/www.accessafe.eu\/es\/wp-json\/wp\/v2\/types\/product"}],"version-history":[{"count":4,"href":"https:\/\/www.accessafe.eu\/es\/wp-json\/wp\/v2\/product\/13634\/revisions"}],"predecessor-version":[{"id":20177,"href":"https:\/\/www.accessafe.eu\/es\/wp-json\/wp\/v2\/product\/13634\/revisions\/20177"}],"wp:featuredmedia":[{"embeddable":true,"href":"https:\/\/www.accessafe.eu\/es\/wp-json\/wp\/v2\/media\/6845"}],"wp:attachment":[{"href":"https:\/\/www.accessafe.eu\/es\/wp-json\/wp\/v2\/media?parent=13634"}],"wp:term":[{"taxonomy":"product_brand","embeddable":true,"href":"https:\/\/www.accessafe.eu\/es\/wp-json\/wp\/v2\/product_brand?post=13634"},{"taxonomy":"product_cat","embeddable":true,"href":"https:\/\/www.accessafe.eu\/es\/wp-json\/wp\/v2\/product_cat?post=13634"},{"taxonomy":"product_tag","embeddable":true,"href":"https:\/\/www.accessafe.eu\/es\/wp-json\/wp\/v2\/product_tag?post=13634"}],"curies":[{"name":"wp","href":"https:\/\/api.w.org\/{rel}","templated":true}]}}