{"id":9164,"date":"2023-01-24T17:08:33","date_gmt":"2023-01-24T16:08:33","guid":{"rendered":"https:\/\/www.accessafe.eu\/prodotto\/rayons-a-maille-shelf\/"},"modified":"2023-04-17T14:23:22","modified_gmt":"2023-04-17T12:23:22","slug":"estantes-de-malla-shelf","status":"publish","type":"product","link":"https:\/\/www.accessafe.eu\/es\/producto\/estantes-de-malla-shelf\/","title":{"rendered":"Estantes de malla Shelf"},"content":{"rendered":"\t\t<div data-elementor-type=\"product-post\" data-elementor-id=\"9164\" class=\"elementor elementor-9164 elementor-5383\" data-elementor-post-type=\"product\">\n\t\t\t\t\t\t<section class=\"elementor-section elementor-top-section elementor-element elementor-element-f7b4301 elementor-section-boxed elementor-section-height-default elementor-section-height-default\" data-id=\"f7b4301\" data-element_type=\"section\" data-e-type=\"section\">\n\t\t\t\t\t\t<div class=\"elementor-container elementor-column-gap-default\">\n\t\t\t\t\t<div class=\"elementor-column elementor-col-50 elementor-top-column elementor-element elementor-element-e7e9721\" data-id=\"e7e9721\" data-element_type=\"column\" data-e-type=\"column\">\n\t\t\t<div class=\"elementor-widget-wrap elementor-element-populated\">\n\t\t\t\t\t\t<div class=\"elementor-element elementor-element-0076e70 elementor-hidden-tablet elementor-hidden-mobile elementor-widget elementor-widget-image\" data-id=\"0076e70\" data-element_type=\"widget\" data-e-type=\"widget\" data-widget_type=\"image.default\">\n\t\t\t\t<div class=\"elementor-widget-container\">\n\t\t\t\t\t\t\t\t\t\t\t\t\t\t\t<img fetchpriority=\"high\" decoding=\"async\" width=\"650\" height=\"650\" src=\"https:\/\/www.accessafe.eu\/wp-content\/uploads\/2023\/01\/Ripiani-rete-shelf-di-Access.jpg\" class=\"attachment-full size-full wp-image-7024\" alt=\"Estantes de malla Shelf Access\" srcset=\"https:\/\/www.accessafe.eu\/wp-content\/uploads\/2023\/01\/Ripiani-rete-shelf-di-Access.jpg 650w, https:\/\/www.accessafe.eu\/wp-content\/uploads\/2023\/01\/Ripiani-rete-shelf-di-Access-300x300.jpg 300w, https:\/\/www.accessafe.eu\/wp-content\/uploads\/2023\/01\/Ripiani-rete-shelf-di-Access-150x150.jpg 150w, https:\/\/www.accessafe.eu\/wp-content\/uploads\/2023\/01\/Ripiani-rete-shelf-di-Access-600x600.jpg 600w, https:\/\/www.accessafe.eu\/wp-content\/uploads\/2023\/01\/Ripiani-rete-shelf-di-Access-100x100.jpg 100w\" sizes=\"(max-width: 650px) 100vw, 650px\" \/>\t\t\t\t\t\t\t\t\t\t\t\t\t\t\t<\/div>\n\t\t\t\t<\/div>\n\t\t\t\t<div class=\"elementor-element elementor-element-9b47755 elementor-hidden-desktop elementor-widget elementor-widget-image\" data-id=\"9b47755\" data-element_type=\"widget\" data-e-type=\"widget\" data-widget_type=\"image.default\">\n\t\t\t\t<div class=\"elementor-widget-container\">\n\t\t\t\t\t\t\t\t\t\t\t\t\t\t\t<img fetchpriority=\"high\" decoding=\"async\" width=\"650\" height=\"650\" src=\"https:\/\/www.accessafe.eu\/wp-content\/uploads\/2023\/01\/Ripiani-rete-shelf-di-Access.jpg\" class=\"attachment-full size-full wp-image-7024\" alt=\"Estantes de malla Shelf Access\" srcset=\"https:\/\/www.accessafe.eu\/wp-content\/uploads\/2023\/01\/Ripiani-rete-shelf-di-Access.jpg 650w, https:\/\/www.accessafe.eu\/wp-content\/uploads\/2023\/01\/Ripiani-rete-shelf-di-Access-300x300.jpg 300w, https:\/\/www.accessafe.eu\/wp-content\/uploads\/2023\/01\/Ripiani-rete-shelf-di-Access-150x150.jpg 150w, https:\/\/www.accessafe.eu\/wp-content\/uploads\/2023\/01\/Ripiani-rete-shelf-di-Access-600x600.jpg 600w, https:\/\/www.accessafe.eu\/wp-content\/uploads\/2023\/01\/Ripiani-rete-shelf-di-Access-100x100.jpg 100w\" sizes=\"(max-width: 650px) 100vw, 650px\" \/>\t\t\t\t\t\t\t\t\t\t\t\t\t\t\t<\/div>\n\t\t\t\t<\/div>\n\t\t\t\t\t<\/div>\n\t\t<\/div>\n\t\t\t\t<div class=\"elementor-column elementor-col-50 elementor-top-column elementor-element elementor-element-6ab3391\" data-id=\"6ab3391\" data-element_type=\"column\" data-e-type=\"column\">\n\t\t\t<div class=\"elementor-widget-wrap elementor-element-populated\">\n\t\t\t\t\t\t<div class=\"elementor-element elementor-element-cbd032c elementor-widget elementor-widget-text-editor\" data-id=\"cbd032c\" data-element_type=\"widget\" data-e-type=\"widget\" data-widget_type=\"text-editor.default\">\n\t\t\t\t<div class=\"elementor-widget-container\">\n\t\t\t\t\t\t\t\t\t<p>Tabla de estantes de malla shelf<\/p>\n\t\t\t\t\t\t\t\t<\/div>\n\t\t\t\t<\/div>\n\t\t\t\t<div class=\"elementor-element elementor-element-50d8122 elementor-widget elementor-widget-image\" data-id=\"50d8122\" data-element_type=\"widget\" data-e-type=\"widget\" data-widget_type=\"image.default\">\n\t\t\t\t<div class=\"elementor-widget-container\">\n\t\t\t\t\t\t\t\t\t\t\t\t\t\t\t<img decoding=\"async\" width=\"700\" height=\"599\" src=\"https:\/\/www.accessafe.eu\/wp-content\/uploads\/2023\/01\/Tabella-ripiani-rete-shelf-di-Access.jpg\" class=\"attachment-full size-full wp-image-7027\" alt=\"\" srcset=\"https:\/\/www.accessafe.eu\/wp-content\/uploads\/2023\/01\/Tabella-ripiani-rete-shelf-di-Access.jpg 700w, https:\/\/www.accessafe.eu\/wp-content\/uploads\/2023\/01\/Tabella-ripiani-rete-shelf-di-Access-300x257.jpg 300w, https:\/\/www.accessafe.eu\/wp-content\/uploads\/2023\/01\/Tabella-ripiani-rete-shelf-di-Access-600x513.jpg 600w\" sizes=\"(max-width: 700px) 100vw, 700px\" \/>\t\t\t\t\t\t\t\t\t\t\t\t\t\t\t<\/div>\n\t\t\t\t<\/div>\n\t\t\t\t\t<\/div>\n\t\t<\/div>\n\t\t\t\t\t<\/div>\n\t\t<\/section>\n\t\t\t\t<section class=\"elementor-section elementor-top-section elementor-element elementor-element-70cf631 elementor-section-boxed elementor-section-height-default elementor-section-height-default\" data-id=\"70cf631\" data-element_type=\"section\" data-e-type=\"section\">\n\t\t\t\t\t\t<div class=\"elementor-container elementor-column-gap-default\">\n\t\t\t\t\t<div class=\"elementor-column elementor-col-100 elementor-top-column elementor-element elementor-element-3ae9503\" data-id=\"3ae9503\" data-element_type=\"column\" data-e-type=\"column\">\n\t\t\t<div class=\"elementor-widget-wrap elementor-element-populated\">\n\t\t\t\t\t\t<section class=\"elementor-section elementor-inner-section elementor-element elementor-element-cfe01fc elementor-section-boxed elementor-section-height-default elementor-section-height-default\" data-id=\"cfe01fc\" data-element_type=\"section\" data-e-type=\"section\">\n\t\t\t\t\t\t<div class=\"elementor-container elementor-column-gap-default\">\n\t\t\t\t\t<div class=\"elementor-column elementor-col-25 elementor-inner-column elementor-element elementor-element-88cc8ab\" data-id=\"88cc8ab\" data-element_type=\"column\" data-e-type=\"column\">\n\t\t\t<div class=\"elementor-widget-wrap elementor-element-populated\">\n\t\t\t\t\t\t<div class=\"elementor-element elementor-element-58730a3 elementor-tablet-align-left elementor-mobile-align-justify elementor-widget elementor-widget-global elementor-global-9564 elementor-global-1580 elementor-widget-button\" data-id=\"58730a3\" data-element_type=\"widget\" data-e-type=\"widget\" data-widget_type=\"button.default\">\n\t\t\t\t<div class=\"elementor-widget-container\">\n\t\t\t\t\t\t\t\t\t<div class=\"elementor-button-wrapper\">\n\t\t\t\t\t<a class=\"elementor-button elementor-button-link elementor-size-sm\" href=\"\/es\/instrucciones-de-montaje\/\" target=\"_blank\">\n\t\t\t\t\t\t<span class=\"elementor-button-content-wrapper\">\n\t\t\t\t\t\t\t\t\t<span class=\"elementor-button-text\">INSTRUCCIONES DE MONTAJE<\/span>\n\t\t\t\t\t<\/span>\n\t\t\t\t\t<\/a>\n\t\t\t\t<\/div>\n\t\t\t\t\t\t\t\t<\/div>\n\t\t\t\t<\/div>\n\t\t\t\t\t<\/div>\n\t\t<\/div>\n\t\t\t\t<div class=\"elementor-column elementor-col-25 elementor-inner-column elementor-element elementor-element-edccd67\" data-id=\"edccd67\" data-element_type=\"column\" data-e-type=\"column\">\n\t\t\t<div class=\"elementor-widget-wrap elementor-element-populated\">\n\t\t\t\t\t\t<div class=\"elementor-element elementor-element-b9de361 elementor-tablet-align-left elementor-mobile-align-justify elementor-align-left elementor-widget elementor-widget-global elementor-global-9568 elementor-global-2151 elementor-widget-button\" data-id=\"b9de361\" data-element_type=\"widget\" data-e-type=\"widget\" data-widget_type=\"button.default\">\n\t\t\t\t<div class=\"elementor-widget-container\">\n\t\t\t\t\t\t\t\t\t<div class=\"elementor-button-wrapper\">\n\t\t\t\t\t<a class=\"elementor-button elementor-button-link elementor-size-sm\" href=\"\/es\/traceparts\/\" target=\"_blank\">\n\t\t\t\t\t\t<span class=\"elementor-button-content-wrapper\">\n\t\t\t\t\t\t\t\t\t<span class=\"elementor-button-text\">DESCARGAR DIBUJO 3D<\/span>\n\t\t\t\t\t<\/span>\n\t\t\t\t\t<\/a>\n\t\t\t\t<\/div>\n\t\t\t\t\t\t\t\t<\/div>\n\t\t\t\t<\/div>\n\t\t\t\t\t<\/div>\n\t\t<\/div>\n\t\t\t\t<div class=\"elementor-column elementor-col-25 elementor-inner-column elementor-element elementor-element-b07653c\" data-id=\"b07653c\" data-element_type=\"column\" data-e-type=\"column\">\n\t\t\t<div class=\"elementor-widget-wrap elementor-element-populated\">\n\t\t\t\t\t\t<div class=\"elementor-element elementor-element-3f37486 elementor-tablet-align-left elementor-mobile-align-justify elementor-widget elementor-widget-global elementor-global-9562 elementor-global-337 elementor-widget-button\" data-id=\"3f37486\" data-element_type=\"widget\" data-e-type=\"widget\" data-widget_type=\"button.default\">\n\t\t\t\t<div class=\"elementor-widget-container\">\n\t\t\t\t\t\t\t\t\t<div class=\"elementor-button-wrapper\">\n\t\t\t\t\t<a class=\"elementor-button elementor-button-link elementor-size-sm\" href=\"\/es\/my-access\/\" target=\"_blank\">\n\t\t\t\t\t\t<span class=\"elementor-button-content-wrapper\">\n\t\t\t\t\t\t\t\t\t<span class=\"elementor-button-text\">COMPRAR EN MYACCESS<\/span>\n\t\t\t\t\t<\/span>\n\t\t\t\t\t<\/a>\n\t\t\t\t<\/div>\n\t\t\t\t\t\t\t\t<\/div>\n\t\t\t\t<\/div>\n\t\t\t\t\t<\/div>\n\t\t<\/div>\n\t\t\t\t<div class=\"elementor-column elementor-col-25 elementor-inner-column elementor-element elementor-element-3a3dc76\" data-id=\"3a3dc76\" data-element_type=\"column\" data-e-type=\"column\">\n\t\t\t<div class=\"elementor-widget-wrap elementor-element-populated\">\n\t\t\t\t\t\t<div class=\"elementor-element elementor-element-26c2644 elementor-tablet-align-left elementor-mobile-align-justify elementor-widget elementor-widget-global elementor-global-9558 elementor-global-340 elementor-widget-button\" data-id=\"26c2644\" data-element_type=\"widget\" data-e-type=\"widget\" data-widget_type=\"button.default\">\n\t\t\t\t<div class=\"elementor-widget-container\">\n\t\t\t\t\t\t\t\t\t<div class=\"elementor-button-wrapper\">\n\t\t\t\t\t<a class=\"elementor-button elementor-button-link elementor-size-sm\" href=\"\/es\/contacto-rapido\/\" target=\"_blank\">\n\t\t\t\t\t\t<span class=\"elementor-button-content-wrapper\">\n\t\t\t\t\t\t\t\t\t<span class=\"elementor-button-text\">SOLICITAR INFORMACI\u00d3N<\/span>\n\t\t\t\t\t<\/span>\n\t\t\t\t\t<\/a>\n\t\t\t\t<\/div>\n\t\t\t\t\t\t\t\t<\/div>\n\t\t\t\t<\/div>\n\t\t\t\t\t<\/div>\n\t\t<\/div>\n\t\t\t\t\t<\/div>\n\t\t<\/section>\n\t\t\t\t\t<\/div>\n\t\t<\/div>\n\t\t\t\t\t<\/div>\n\t\t<\/section>\n\t\t\t\t<\/div>\n\t\t","protected":false},"excerpt":{"rendered":"<p>Los estantes de malla Shelf de Accessafe est\u00e1n dise\u00f1ados para proporcionar soporte a las bancadas almacenadas en la parte superior de las estanter\u00edas de pal\u00e9s.<\/p>\n<p>La funci\u00f3n principal del producto es evitar la ca\u00edda accidental de las propias bancadas o de la mercanc\u00eda almacenada. Los estantes de malla shelf de Accessafe proporcionan soporte gracias a la estructura formada por roturas de secci\u00f3n soldadas directamente a la malla.<\/p>\n<p>Esta \u00faltima consiste en una malla de 50&#215;100 mm y proporciona m\u00e1s del 70 % de espacio libre, lo que hace que el producto sea adecuado para su instalaci\u00f3n en zonas con sistemas contra incendios \u00absprinkler\u00bb.<\/p>\n<p>Los estantes de malla shelf pueden fabricarse en diferentes tama\u00f1os y capacidades, seg\u00fan los requisitos de los fabricantes, y no requieren accesorios de fijaci\u00f3n, lo que facilita su instalaci\u00f3n.<\/p>\n<h3>CARACTER\u00cdSTICAS T\u00c9CNICAS<strong><br \/>\n<\/strong><\/h3>\n<ul>\n<li>Alambre (mm): 3,8 + 4,3<\/li>\n<li>Malla (mm): 50&#215;100<\/li>\n<li>Refuerzos: 3, 4, 5 en funci\u00f3n de la capacidad<\/li>\n<li>Capacidad (Kg): 800, 1000, 1500<\/li>\n<li>Impresi\u00f3n de carga: uniformemente distribuida<\/li>\n<li>Acabado: pregalvanizado<\/li>\n<li>Flujo est\u00e1ndar (mm): 50<strong><br \/>\n<\/strong><\/li>\n<\/ul>\n<h3>NORMATIVA DE REFERENCIA<\/h3>\n<p><strong>Los Estantes de malla Shelf Accessafe cumple con la normativa de referencia:<\/strong><\/p>\n<ul>\n<li><strong>EN 15512\/2020<\/strong><\/li>\n<\/ul>\n","protected":false},"featured_media":7024,"template":"","meta":{"site-sidebar-layout":"no-sidebar","site-content-layout":"page-builder","ast-site-content-layout":"default","site-content-style":"default","site-sidebar-style":"default","ast-global-header-display":"","ast-banner-title-visibility":"","ast-main-header-display":"","ast-hfb-above-header-display":"","ast-hfb-below-header-display":"","ast-hfb-mobile-header-display":"","site-post-title":"disabled","ast-breadcrumbs-content":"","ast-featured-img":"disabled","footer-sml-layout":"","ast-disable-related-posts":"","theme-transparent-header-meta":"default","adv-header-id-meta":"","stick-header-meta":"","header-above-stick-meta":"","header-main-stick-meta":"","header-below-stick-meta":"","astra-migrate-meta-layouts":"default","ast-page-background-enabled":"default","ast-page-background-meta":{"desktop":{"background-color":"var(--ast-global-color-4)","background-image":"","background-repeat":"repeat","background-position":"center center","background-size":"auto","background-attachment":"scroll","background-type":"","background-media":"","overlay-type":"","overlay-color":"","overlay-opacity":"","overlay-gradient":""},"tablet":{"background-color":"","background-image":"","background-repeat":"repeat","background-position":"center center","background-size":"auto","background-attachment":"scroll","background-type":"","background-media":"","overlay-type":"","overlay-color":"","overlay-opacity":"","overlay-gradient":""},"mobile":{"background-color":"","background-image":"","background-repeat":"repeat","background-position":"center center","background-size":"auto","background-attachment":"scroll","background-type":"","background-media":"","overlay-type":"","overlay-color":"","overlay-opacity":"","overlay-gradient":""}},"ast-content-background-meta":{"desktop":{"background-color":"var(--ast-global-color-5)","background-image":"","background-repeat":"repeat","background-position":"center center","background-size":"auto","background-attachment":"scroll","background-type":"","background-media":"","overlay-type":"","overlay-color":"","overlay-opacity":"","overlay-gradient":""},"tablet":{"background-color":"var(--ast-global-color-5)","background-image":"","background-repeat":"repeat","background-position":"center center","background-size":"auto","background-attachment":"scroll","background-type":"","background-media":"","overlay-type":"","overlay-color":"","overlay-opacity":"","overlay-gradient":""},"mobile":{"background-color":"var(--ast-global-color-5)","background-image":"","background-repeat":"repeat","background-position":"center center","background-size":"auto","background-attachment":"scroll","background-type":"","background-media":"","overlay-type":"","overlay-color":"","overlay-opacity":"","overlay-gradient":""}}},"product_brand":[],"product_cat":[180,177],"product_tag":[287],"class_list":{"0":"post-9164","1":"product","2":"type-product","3":"status-publish","4":"has-post-thumbnail","6":"product_cat-estantes-de-malla-shelf","7":"product_cat-paneles-y-estantes-anticaida","8":"product_tag-estantes-de-malla-shelf","9":"desktop-align-left","10":"tablet-align-left","11":"mobile-align-left","12":"ast-product-gallery-layout-horizontal-slider","13":"ast-product-gallery-with-no-image","14":"ast-magnify-disabled","15":"ast-product-tabs-layout-horizontal","17":"first","18":"instock","19":"shipping-taxable","20":"product-type-simple"},"yoast_head":"<!-- This site is optimized with the Yoast SEO Premium plugin v27.4 (Yoast SEO v27.4) - https:\/\/yoast.com\/product\/yoast-seo-premium-wordpress\/ -->\n<title>Estantes de malla Shelf Access<\/title>\n<meta name=\"description\" content=\"Estantes de malla Shelf Access\" \/>\n<meta name=\"robots\" content=\"index, follow, max-snippet:-1, max-image-preview:large, max-video-preview:-1\" \/>\n<link rel=\"canonical\" href=\"https:\/\/www.accessafe.eu\/es\/producto\/estantes-de-malla-shelf\/\" \/>\n<meta property=\"og:locale\" content=\"es_ES\" \/>\n<meta property=\"og:type\" content=\"article\" \/>\n<meta property=\"og:title\" content=\"Estantes de malla Shelf\" \/>\n<meta property=\"og:description\" content=\"Estantes de malla Shelf Access\" \/>\n<meta property=\"og:url\" content=\"https:\/\/www.accessafe.eu\/es\/producto\/estantes-de-malla-shelf\/\" \/>\n<meta property=\"og:site_name\" content=\"Accessafe\" \/>\n<meta property=\"article:modified_time\" content=\"2023-04-17T12:23:22+00:00\" \/>\n<meta property=\"og:image\" content=\"https:\/\/www.accessafe.eu\/wp-content\/uploads\/2023\/01\/Ripiani-rete-shelf-di-Access.jpg\" \/>\n\t<meta property=\"og:image:width\" content=\"650\" \/>\n\t<meta property=\"og:image:height\" content=\"650\" \/>\n\t<meta property=\"og:image:type\" content=\"image\/jpeg\" \/>\n<meta name=\"twitter:card\" content=\"summary_large_image\" \/>\n<script type=\"application\/ld+json\" class=\"yoast-schema-graph\">{\"@context\":\"https:\\\/\\\/schema.org\",\"@graph\":[{\"@type\":\"WebPage\",\"@id\":\"https:\\\/\\\/www.accessafe.eu\\\/es\\\/producto\\\/estantes-de-malla-shelf\\\/\",\"url\":\"https:\\\/\\\/www.accessafe.eu\\\/es\\\/producto\\\/estantes-de-malla-shelf\\\/\",\"name\":\"Estantes de malla Shelf Access\",\"isPartOf\":{\"@id\":\"https:\\\/\\\/www.accessafe.eu\\\/es\\\/#website\"},\"primaryImageOfPage\":{\"@id\":\"https:\\\/\\\/www.accessafe.eu\\\/es\\\/producto\\\/estantes-de-malla-shelf\\\/#primaryimage\"},\"image\":{\"@id\":\"https:\\\/\\\/www.accessafe.eu\\\/es\\\/producto\\\/estantes-de-malla-shelf\\\/#primaryimage\"},\"thumbnailUrl\":\"https:\\\/\\\/www.accessafe.eu\\\/wp-content\\\/uploads\\\/2023\\\/01\\\/Ripiani-rete-shelf-di-Access.jpg\",\"datePublished\":\"2023-01-24T16:08:33+00:00\",\"dateModified\":\"2023-04-17T12:23:22+00:00\",\"description\":\"Estantes de malla Shelf Access\",\"breadcrumb\":{\"@id\":\"https:\\\/\\\/www.accessafe.eu\\\/es\\\/producto\\\/estantes-de-malla-shelf\\\/#breadcrumb\"},\"inLanguage\":\"es\",\"potentialAction\":[{\"@type\":\"ReadAction\",\"target\":[\"https:\\\/\\\/www.accessafe.eu\\\/es\\\/producto\\\/estantes-de-malla-shelf\\\/\"]}]},{\"@type\":\"ImageObject\",\"inLanguage\":\"es\",\"@id\":\"https:\\\/\\\/www.accessafe.eu\\\/es\\\/producto\\\/estantes-de-malla-shelf\\\/#primaryimage\",\"url\":\"https:\\\/\\\/www.accessafe.eu\\\/wp-content\\\/uploads\\\/2023\\\/01\\\/Ripiani-rete-shelf-di-Access.jpg\",\"contentUrl\":\"https:\\\/\\\/www.accessafe.eu\\\/wp-content\\\/uploads\\\/2023\\\/01\\\/Ripiani-rete-shelf-di-Access.jpg\",\"width\":650,\"height\":650,\"caption\":\"Estantes de malla Shelf Access\"},{\"@type\":\"BreadcrumbList\",\"@id\":\"https:\\\/\\\/www.accessafe.eu\\\/es\\\/producto\\\/estantes-de-malla-shelf\\\/#breadcrumb\",\"itemListElement\":[{\"@type\":\"ListItem\",\"position\":1,\"name\":\"Home\",\"item\":\"https:\\\/\\\/www.accessafe.eu\\\/es\\\/\"},{\"@type\":\"ListItem\",\"position\":2,\"name\":\"Shop\",\"item\":\"https:\\\/\\\/www.accessafe.eu\\\/?page_id=11\"},{\"@type\":\"ListItem\",\"position\":3,\"name\":\"Estantes de malla Shelf\"}]},{\"@type\":\"WebSite\",\"@id\":\"https:\\\/\\\/www.accessafe.eu\\\/es\\\/#website\",\"url\":\"https:\\\/\\\/www.accessafe.eu\\\/es\\\/\",\"name\":\"Accessafe\",\"description\":\"Accessafe partner globale per la sicurezza industriale\",\"publisher\":{\"@id\":\"https:\\\/\\\/www.accessafe.eu\\\/es\\\/#organization\"},\"alternateName\":\"Accessafe\",\"potentialAction\":[{\"@type\":\"SearchAction\",\"target\":{\"@type\":\"EntryPoint\",\"urlTemplate\":\"https:\\\/\\\/www.accessafe.eu\\\/es\\\/?s={search_term_string}\"},\"query-input\":{\"@type\":\"PropertyValueSpecification\",\"valueRequired\":true,\"valueName\":\"search_term_string\"}}],\"inLanguage\":\"es\"},{\"@type\":\"Organization\",\"@id\":\"https:\\\/\\\/www.accessafe.eu\\\/es\\\/#organization\",\"name\":\"Accessafe\",\"alternateName\":\"Accessafe\",\"url\":\"https:\\\/\\\/www.accessafe.eu\\\/es\\\/\",\"logo\":{\"@type\":\"ImageObject\",\"inLanguage\":\"es\",\"@id\":\"https:\\\/\\\/www.accessafe.eu\\\/es\\\/#\\\/schema\\\/logo\\\/image\\\/\",\"url\":\"https:\\\/\\\/www.accessafe.eu\\\/wp-content\\\/uploads\\\/2026\\\/03\\\/accessafe-logotipo.png\",\"contentUrl\":\"https:\\\/\\\/www.accessafe.eu\\\/wp-content\\\/uploads\\\/2026\\\/03\\\/accessafe-logotipo.png\",\"width\":400,\"height\":66,\"caption\":\"Accessafe\"},\"image\":{\"@id\":\"https:\\\/\\\/www.accessafe.eu\\\/es\\\/#\\\/schema\\\/logo\\\/image\\\/\"},\"description\":\"Accessafe \u00e8 il partner globale per la sicurezza industriale: con sistemi di protezione perimetrale, consulenze e soluzioni per la marcatura CE dei macchinari, trasformiamo gli ambienti produttivi in spazi sicuri, efficienti e rispettosi dell\u2019ambiente.\",\"email\":\"info@accessafe.eu\",\"telephone\":\"+390399515951\",\"legalName\":\"Access Srl\",\"vatID\":\"05718410961\",\"taxID\":\"05718410961\"}]}<\/script>\n<!-- \/ Yoast SEO Premium plugin. -->","yoast_head_json":{"title":"Estantes de malla Shelf Access","description":"Estantes de malla Shelf Access","robots":{"index":"index","follow":"follow","max-snippet":"max-snippet:-1","max-image-preview":"max-image-preview:large","max-video-preview":"max-video-preview:-1"},"canonical":"https:\/\/www.accessafe.eu\/es\/producto\/estantes-de-malla-shelf\/","og_locale":"es_ES","og_type":"article","og_title":"Estantes de malla Shelf","og_description":"Estantes de malla Shelf Access","og_url":"https:\/\/www.accessafe.eu\/es\/producto\/estantes-de-malla-shelf\/","og_site_name":"Accessafe","article_modified_time":"2023-04-17T12:23:22+00:00","og_image":[{"width":650,"height":650,"url":"https:\/\/www.accessafe.eu\/wp-content\/uploads\/2023\/01\/Ripiani-rete-shelf-di-Access.jpg","type":"image\/jpeg"}],"twitter_card":"summary_large_image","schema":{"@context":"https:\/\/schema.org","@graph":[{"@type":"WebPage","@id":"https:\/\/www.accessafe.eu\/es\/producto\/estantes-de-malla-shelf\/","url":"https:\/\/www.accessafe.eu\/es\/producto\/estantes-de-malla-shelf\/","name":"Estantes de malla Shelf Access","isPartOf":{"@id":"https:\/\/www.accessafe.eu\/es\/#website"},"primaryImageOfPage":{"@id":"https:\/\/www.accessafe.eu\/es\/producto\/estantes-de-malla-shelf\/#primaryimage"},"image":{"@id":"https:\/\/www.accessafe.eu\/es\/producto\/estantes-de-malla-shelf\/#primaryimage"},"thumbnailUrl":"https:\/\/www.accessafe.eu\/wp-content\/uploads\/2023\/01\/Ripiani-rete-shelf-di-Access.jpg","datePublished":"2023-01-24T16:08:33+00:00","dateModified":"2023-04-17T12:23:22+00:00","description":"Estantes de malla Shelf Access","breadcrumb":{"@id":"https:\/\/www.accessafe.eu\/es\/producto\/estantes-de-malla-shelf\/#breadcrumb"},"inLanguage":"es","potentialAction":[{"@type":"ReadAction","target":["https:\/\/www.accessafe.eu\/es\/producto\/estantes-de-malla-shelf\/"]}]},{"@type":"ImageObject","inLanguage":"es","@id":"https:\/\/www.accessafe.eu\/es\/producto\/estantes-de-malla-shelf\/#primaryimage","url":"https:\/\/www.accessafe.eu\/wp-content\/uploads\/2023\/01\/Ripiani-rete-shelf-di-Access.jpg","contentUrl":"https:\/\/www.accessafe.eu\/wp-content\/uploads\/2023\/01\/Ripiani-rete-shelf-di-Access.jpg","width":650,"height":650,"caption":"Estantes de malla Shelf Access"},{"@type":"BreadcrumbList","@id":"https:\/\/www.accessafe.eu\/es\/producto\/estantes-de-malla-shelf\/#breadcrumb","itemListElement":[{"@type":"ListItem","position":1,"name":"Home","item":"https:\/\/www.accessafe.eu\/es\/"},{"@type":"ListItem","position":2,"name":"Shop","item":"https:\/\/www.accessafe.eu\/?page_id=11"},{"@type":"ListItem","position":3,"name":"Estantes de malla Shelf"}]},{"@type":"WebSite","@id":"https:\/\/www.accessafe.eu\/es\/#website","url":"https:\/\/www.accessafe.eu\/es\/","name":"Accessafe","description":"Accessafe partner globale per la sicurezza industriale","publisher":{"@id":"https:\/\/www.accessafe.eu\/es\/#organization"},"alternateName":"Accessafe","potentialAction":[{"@type":"SearchAction","target":{"@type":"EntryPoint","urlTemplate":"https:\/\/www.accessafe.eu\/es\/?s={search_term_string}"},"query-input":{"@type":"PropertyValueSpecification","valueRequired":true,"valueName":"search_term_string"}}],"inLanguage":"es"},{"@type":"Organization","@id":"https:\/\/www.accessafe.eu\/es\/#organization","name":"Accessafe","alternateName":"Accessafe","url":"https:\/\/www.accessafe.eu\/es\/","logo":{"@type":"ImageObject","inLanguage":"es","@id":"https:\/\/www.accessafe.eu\/es\/#\/schema\/logo\/image\/","url":"https:\/\/www.accessafe.eu\/wp-content\/uploads\/2026\/03\/accessafe-logotipo.png","contentUrl":"https:\/\/www.accessafe.eu\/wp-content\/uploads\/2026\/03\/accessafe-logotipo.png","width":400,"height":66,"caption":"Accessafe"},"image":{"@id":"https:\/\/www.accessafe.eu\/es\/#\/schema\/logo\/image\/"},"description":"Accessafe \u00e8 il partner globale per la sicurezza industriale: con sistemi di protezione perimetrale, consulenze e soluzioni per la marcatura CE dei macchinari, trasformiamo gli ambienti produttivi in spazi sicuri, efficienti e rispettosi dell\u2019ambiente.","email":"info@accessafe.eu","telephone":"+390399515951","legalName":"Access Srl","vatID":"05718410961","taxID":"05718410961"}]}},"_links":{"self":[{"href":"https:\/\/www.accessafe.eu\/es\/wp-json\/wp\/v2\/product\/9164","targetHints":{"allow":["GET"]}}],"collection":[{"href":"https:\/\/www.accessafe.eu\/es\/wp-json\/wp\/v2\/product"}],"about":[{"href":"https:\/\/www.accessafe.eu\/es\/wp-json\/wp\/v2\/types\/product"}],"version-history":[{"count":5,"href":"https:\/\/www.accessafe.eu\/es\/wp-json\/wp\/v2\/product\/9164\/revisions"}],"predecessor-version":[{"id":12750,"href":"https:\/\/www.accessafe.eu\/es\/wp-json\/wp\/v2\/product\/9164\/revisions\/12750"}],"wp:featuredmedia":[{"embeddable":true,"href":"https:\/\/www.accessafe.eu\/es\/wp-json\/wp\/v2\/media\/7024"}],"wp:attachment":[{"href":"https:\/\/www.accessafe.eu\/es\/wp-json\/wp\/v2\/media?parent=9164"}],"wp:term":[{"taxonomy":"product_brand","embeddable":true,"href":"https:\/\/www.accessafe.eu\/es\/wp-json\/wp\/v2\/product_brand?post=9164"},{"taxonomy":"product_cat","embeddable":true,"href":"https:\/\/www.accessafe.eu\/es\/wp-json\/wp\/v2\/product_cat?post=9164"},{"taxonomy":"product_tag","embeddable":true,"href":"https:\/\/www.accessafe.eu\/es\/wp-json\/wp\/v2\/product_tag?post=9164"}],"curies":[{"name":"wp","href":"https:\/\/api.w.org\/{rel}","templated":true}]}}