{"id":8048,"date":"2022-11-22T10:08:38","date_gmt":"2022-11-22T09:08:38","guid":{"rendered":"https:\/\/www.accessafe.eu\/my-access\/"},"modified":"2024-10-08T18:55:19","modified_gmt":"2024-10-08T16:55:19","slug":"my-access","status":"publish","type":"page","link":"https:\/\/www.accessafe.eu\/fr\/my-access\/","title":{"rendered":"My Access"},"content":{"rendered":"\t\t<div data-elementor-type=\"wp-page\" data-elementor-id=\"8048\" class=\"elementor elementor-8048 elementor-1500\" data-elementor-post-type=\"page\">\n\t\t\t\t\t\t<section class=\"elementor-section elementor-top-section elementor-element elementor-element-d2cacd4 elementor-section-full_width elementor-section-stretched elementor-section-height-default elementor-section-height-default\" data-id=\"d2cacd4\" data-element_type=\"section\" data-e-type=\"section\" data-settings=\"{&quot;stretch_section&quot;:&quot;section-stretched&quot;}\">\n\t\t\t\t\t\t<div class=\"elementor-container elementor-column-gap-default\">\n\t\t\t\t\t<div class=\"elementor-column elementor-col-100 elementor-top-column elementor-element elementor-element-da9ccdf\" data-id=\"da9ccdf\" data-element_type=\"column\" data-e-type=\"column\">\n\t\t\t<div class=\"elementor-widget-wrap elementor-element-populated\">\n\t\t\t\t\t\t<div class=\"elementor-element elementor-element-091c468 elementor--v-position-bottom elementor--h-position-center elementor-arrows-position-inside elementor-pagination-position-inside elementor-widget elementor-widget-slides\" data-id=\"091c468\" data-element_type=\"widget\" data-e-type=\"widget\" data-settings=\"{&quot;navigation&quot;:&quot;both&quot;,&quot;autoplay&quot;:&quot;yes&quot;,&quot;pause_on_hover&quot;:&quot;yes&quot;,&quot;pause_on_interaction&quot;:&quot;yes&quot;,&quot;autoplay_speed&quot;:5000,&quot;infinite&quot;:&quot;yes&quot;,&quot;transition&quot;:&quot;slide&quot;,&quot;transition_speed&quot;:500}\" data-widget_type=\"slides.default\">\n\t\t\t\t<div class=\"elementor-widget-container\">\n\t\t\t\t\t\t\t\t\t<div class=\"elementor-swiper\">\n\t\t\t\t\t<div class=\"elementor-slides-wrapper elementor-main-swiper swiper\" role=\"region\" aria-roledescription=\"carousel\" aria-label=\"Diapositives\" dir=\"ltr\" data-animation=\"fadeInUp\">\n\t\t\t\t<div class=\"swiper-wrapper elementor-slides\">\n\t\t\t\t\t\t\t\t\t\t<div class=\"elementor-repeater-item-24c6706 swiper-slide\" role=\"group\" aria-roledescription=\"slide\"><div class=\"swiper-slide-bg\" role=\"img\" aria-label=\"My Accessafe Il primo e-commerce nel mondo della sicurezza\"><\/div><div class=\"elementor-background-overlay\"><\/div><a class=\"swiper-slide-inner\" href=\"\/fr\/contact-rapide\/\"><div class=\"swiper-slide-contents\"><div class=\"elementor-slide-heading\">My Access<\/div><div class=\"elementor-slide-description\">Le premier e-commerce dans le monde de la s\u00e9curit\u00e9\n<\/div><div  class=\"elementor-button elementor-slide-button elementor-size-sm\">Contactez-nous<\/div><\/div><\/a><\/div>\t\t\t\t<\/div>\n\t\t\t\t\t\t\t<\/div>\n\t\t\t\t<\/div>\n\t\t\t\t\t\t\t\t<\/div>\n\t\t\t\t<\/div>\n\t\t\t\t\t<\/div>\n\t\t<\/div>\n\t\t\t\t\t<\/div>\n\t\t<\/section>\n\t\t\t\t<section class=\"elementor-section elementor-top-section elementor-element elementor-element-fae363f elementor-section-stretched elementor-section-boxed elementor-section-height-default elementor-section-height-default\" data-id=\"fae363f\" data-element_type=\"section\" data-e-type=\"section\" data-settings=\"{&quot;stretch_section&quot;:&quot;section-stretched&quot;}\">\n\t\t\t\t\t\t<div class=\"elementor-container elementor-column-gap-default\">\n\t\t\t\t\t<div class=\"elementor-column elementor-col-100 elementor-top-column elementor-element elementor-element-a2e1452\" data-id=\"a2e1452\" data-element_type=\"column\" data-e-type=\"column\">\n\t\t\t<div class=\"elementor-widget-wrap elementor-element-populated\">\n\t\t\t\t\t\t<div class=\"elementor-element elementor-element-5e27fc0 elementor-widget elementor-widget-text-editor\" data-id=\"5e27fc0\" data-element_type=\"widget\" data-e-type=\"widget\" data-widget_type=\"text-editor.default\">\n\t\t\t\t<div class=\"elementor-widget-container\">\n\t\t\t\t\t\t\t\t\t<p>S\u00e9lectionnez et achetez les produits qui vous int\u00e9ressent ou importez votre projet dans <strong>myaccess e-commerce<\/strong> o\u00f9 vous trouverez le panier d&rsquo;achat pour passer votre commande et recevoir une confirmation imm\u00e9diate avec les conditions commerciales qui vous sont r\u00e9serv\u00e9es.<\/p>\n<p>Les fiches techniques de tous les produits Accessafe sont \u00e0 votre disposition, avec la possibilit\u00e9 de consulter l&rsquo;historique des commandes, les documents de transport et les factures.<\/p>\n<p style=\"text-align: center;\"><span style=\"color: #000000;\"><strong>Contactez notre Service Client\u00e8le pour demander vos identifiants de connexion <span style=\"text-decoration: underline;\"><a style=\"color: #000000; text-decoration: underline;\" href=\"mailto:support@accessafe.eu\" target=\"_blank\" rel=\"noopener\">support@accessafe.eu<\/a><\/span><\/strong><\/span><\/p>\n\t\t\t\t\t\t\t\t<\/div>\n\t\t\t\t<\/div>\n\t\t\t\t\t<\/div>\n\t\t<\/div>\n\t\t\t\t\t<\/div>\n\t\t<\/section>\n\t\t\t\t<section class=\"elementor-section elementor-top-section elementor-element elementor-element-6a9fb30e elementor-section-full_width elementor-section-stretched elementor-section-height-default elementor-section-height-default\" data-id=\"6a9fb30e\" data-element_type=\"section\" data-e-type=\"section\" data-settings=\"{&quot;stretch_section&quot;:&quot;section-stretched&quot;,&quot;background_background&quot;:&quot;classic&quot;}\">\n\t\t\t\t\t\t<div class=\"elementor-container elementor-column-gap-default\">\n\t\t\t\t\t<div class=\"elementor-column elementor-col-100 elementor-top-column elementor-element elementor-element-7a6239f\" data-id=\"7a6239f\" data-element_type=\"column\" data-e-type=\"column\" data-settings=\"{&quot;background_background&quot;:&quot;classic&quot;}\">\n\t\t\t<div class=\"elementor-widget-wrap elementor-element-populated\">\n\t\t\t\t\t\t<div class=\"elementor-element elementor-element-39d6354b elementor-widget elementor-widget-text-editor\" data-id=\"39d6354b\" data-element_type=\"widget\" data-e-type=\"widget\" data-widget_type=\"text-editor.default\">\n\t\t\t\t<div class=\"elementor-widget-container\">\n\t\t\t\t\t\t\t\t\t<iframe name=\"W3C\" src=\"https:\/\/store.accessafe.eu\/\" height=\"900\" width=\"1600\">\r\n\r\nIl browser in uso non supporta iframe\r\n\r\n<\/iframe>\t\t\t\t\t\t\t\t<\/div>\n\t\t\t\t<\/div>\n\t\t\t\t\t<\/div>\n\t\t<\/div>\n\t\t\t\t\t<\/div>\n\t\t<\/section>\n\t\t\t\t<\/div>\n\t\t","protected":false},"excerpt":{"rendered":"<p>My AccessLe premier e-commerce dans le monde de la s\u00e9curit\u00e9 Contactez-nous S\u00e9lectionnez et achetez les produits qui vous int\u00e9ressent ou importez votre projet dans myaccess e-commerce o\u00f9 vous trouverez le panier d&rsquo;achat pour passer votre commande et recevoir une confirmation imm\u00e9diate avec les conditions commerciales qui vous sont r\u00e9serv\u00e9es. Les fiches techniques de tous les [&hellip;]<\/p>\n","protected":false},"author":2,"featured_media":5457,"parent":0,"menu_order":0,"comment_status":"closed","ping_status":"closed","template":"elementor_header_footer","meta":{"site-sidebar-layout":"default","site-content-layout":"","ast-site-content-layout":"default","site-content-style":"default","site-sidebar-style":"default","ast-global-header-display":"","ast-banner-title-visibility":"","ast-main-header-display":"","ast-hfb-above-header-display":"","ast-hfb-below-header-display":"","ast-hfb-mobile-header-display":"","site-post-title":"","ast-breadcrumbs-content":"","ast-featured-img":"","footer-sml-layout":"","ast-disable-related-posts":"","theme-transparent-header-meta":"","adv-header-id-meta":"","stick-header-meta":"","header-above-stick-meta":"","header-main-stick-meta":"","header-below-stick-meta":"","astra-migrate-meta-layouts":"default","ast-page-background-enabled":"default","ast-page-background-meta":{"desktop":{"background-color":"var(--ast-global-color-4)","background-image":"","background-repeat":"repeat","background-position":"center center","background-size":"auto","background-attachment":"scroll","background-type":"","background-media":"","overlay-type":"","overlay-color":"","overlay-opacity":"","overlay-gradient":""},"tablet":{"background-color":"","background-image":"","background-repeat":"repeat","background-position":"center center","background-size":"auto","background-attachment":"scroll","background-type":"","background-media":"","overlay-type":"","overlay-color":"","overlay-opacity":"","overlay-gradient":""},"mobile":{"background-color":"","background-image":"","background-repeat":"repeat","background-position":"center center","background-size":"auto","background-attachment":"scroll","background-type":"","background-media":"","overlay-type":"","overlay-color":"","overlay-opacity":"","overlay-gradient":""}},"ast-content-background-meta":{"desktop":{"background-color":"var(--ast-global-color-5)","background-image":"","background-repeat":"repeat","background-position":"center center","background-size":"auto","background-attachment":"scroll","background-type":"","background-media":"","overlay-type":"","overlay-color":"","overlay-opacity":"","overlay-gradient":""},"tablet":{"background-color":"var(--ast-global-color-5)","background-image":"","background-repeat":"repeat","background-position":"center center","background-size":"auto","background-attachment":"scroll","background-type":"","background-media":"","overlay-type":"","overlay-color":"","overlay-opacity":"","overlay-gradient":""},"mobile":{"background-color":"var(--ast-global-color-5)","background-image":"","background-repeat":"repeat","background-position":"center center","background-size":"auto","background-attachment":"scroll","background-type":"","background-media":"","overlay-type":"","overlay-color":"","overlay-opacity":"","overlay-gradient":""}},"footnotes":""},"class_list":["post-8048","page","type-page","status-publish","has-post-thumbnail","hentry"],"yoast_head":"<!-- This site is optimized with the Yoast SEO Premium plugin v27.4 (Yoast SEO v27.4) - https:\/\/yoast.com\/product\/yoast-seo-premium-wordpress\/ -->\n<title>MY ACCESS | Access<\/title>\n<meta name=\"description\" content=\"Importez et commandez vos projets dans MYACCESS, vous recevrez imm\u00e9diatement une confirmation de commande avec toutes les conditions commerciales qui vous sont r\u00e9serv\u00e9es.\" \/>\n<meta name=\"robots\" content=\"index, follow, max-snippet:-1, max-image-preview:large, max-video-preview:-1\" \/>\n<link rel=\"canonical\" href=\"https:\/\/www.accessafe.eu\/fr\/my-access\/\" \/>\n<meta property=\"og:locale\" content=\"fr_FR\" \/>\n<meta property=\"og:type\" content=\"article\" \/>\n<meta property=\"og:title\" content=\"My Access\" \/>\n<meta property=\"og:description\" content=\"Importez et commandez vos projets dans MYACCESS, vous recevrez imm\u00e9diatement une confirmation de commande avec toutes les conditions commerciales qui vous sont r\u00e9serv\u00e9es.\" \/>\n<meta property=\"og:url\" content=\"https:\/\/www.accessafe.eu\/fr\/my-access\/\" \/>\n<meta property=\"og:site_name\" content=\"Accessafe\" \/>\n<meta property=\"article:modified_time\" content=\"2024-10-08T16:55:19+00:00\" \/>\n<meta property=\"og:image\" content=\"https:\/\/www.accessafe.eu\/wp-content\/uploads\/2023\/01\/Importa-e-ordina-i-tuoi-progetti-in-MYACCESS.jpg\" \/>\n\t<meta property=\"og:image:width\" content=\"600\" \/>\n\t<meta property=\"og:image:height\" content=\"600\" \/>\n\t<meta property=\"og:image:type\" content=\"image\/jpeg\" \/>\n<meta name=\"twitter:card\" content=\"summary_large_image\" \/>\n<meta name=\"twitter:label1\" content=\"Dur\u00e9e de lecture estim\u00e9e\" \/>\n\t<meta name=\"twitter:data1\" content=\"1 minute\" \/>\n<script type=\"application\/ld+json\" class=\"yoast-schema-graph\">{\"@context\":\"https:\\\/\\\/schema.org\",\"@graph\":[{\"@type\":\"WebPage\",\"@id\":\"https:\\\/\\\/www.accessafe.eu\\\/fr\\\/my-access\\\/\",\"url\":\"https:\\\/\\\/www.accessafe.eu\\\/fr\\\/my-access\\\/\",\"name\":\"MY ACCESS | Access\",\"isPartOf\":{\"@id\":\"https:\\\/\\\/www.accessafe.eu\\\/fr\\\/#website\"},\"primaryImageOfPage\":{\"@id\":\"https:\\\/\\\/www.accessafe.eu\\\/fr\\\/my-access\\\/#primaryimage\"},\"image\":{\"@id\":\"https:\\\/\\\/www.accessafe.eu\\\/fr\\\/my-access\\\/#primaryimage\"},\"thumbnailUrl\":\"https:\\\/\\\/www.accessafe.eu\\\/wp-content\\\/uploads\\\/2023\\\/01\\\/Importa-e-ordina-i-tuoi-progetti-in-MYACCESS.jpg\",\"datePublished\":\"2022-11-22T09:08:38+00:00\",\"dateModified\":\"2024-10-08T16:55:19+00:00\",\"description\":\"Importez et commandez vos projets dans MYACCESS, vous recevrez imm\u00e9diatement une confirmation de commande avec toutes les conditions commerciales qui vous sont r\u00e9serv\u00e9es.\",\"breadcrumb\":{\"@id\":\"https:\\\/\\\/www.accessafe.eu\\\/fr\\\/my-access\\\/#breadcrumb\"},\"inLanguage\":\"fr-FR\",\"potentialAction\":[{\"@type\":\"ReadAction\",\"target\":[\"https:\\\/\\\/www.accessafe.eu\\\/fr\\\/my-access\\\/\"]}]},{\"@type\":\"ImageObject\",\"inLanguage\":\"fr-FR\",\"@id\":\"https:\\\/\\\/www.accessafe.eu\\\/fr\\\/my-access\\\/#primaryimage\",\"url\":\"https:\\\/\\\/www.accessafe.eu\\\/wp-content\\\/uploads\\\/2023\\\/01\\\/Importa-e-ordina-i-tuoi-progetti-in-MYACCESS.jpg\",\"contentUrl\":\"https:\\\/\\\/www.accessafe.eu\\\/wp-content\\\/uploads\\\/2023\\\/01\\\/Importa-e-ordina-i-tuoi-progetti-in-MYACCESS.jpg\",\"width\":600,\"height\":600,\"caption\":\"Importa e ordina i tuoi progetti in MYACCESS\"},{\"@type\":\"BreadcrumbList\",\"@id\":\"https:\\\/\\\/www.accessafe.eu\\\/fr\\\/my-access\\\/#breadcrumb\",\"itemListElement\":[{\"@type\":\"ListItem\",\"position\":1,\"name\":\"Home\",\"item\":\"https:\\\/\\\/www.accessafe.eu\\\/fr\\\/\"},{\"@type\":\"ListItem\",\"position\":2,\"name\":\"My Access\"}]},{\"@type\":\"WebSite\",\"@id\":\"https:\\\/\\\/www.accessafe.eu\\\/fr\\\/#website\",\"url\":\"https:\\\/\\\/www.accessafe.eu\\\/fr\\\/\",\"name\":\"Accessafe\",\"description\":\"Accessafe partner globale per la sicurezza industriale\",\"publisher\":{\"@id\":\"https:\\\/\\\/www.accessafe.eu\\\/fr\\\/#organization\"},\"alternateName\":\"Accessafe\",\"potentialAction\":[{\"@type\":\"SearchAction\",\"target\":{\"@type\":\"EntryPoint\",\"urlTemplate\":\"https:\\\/\\\/www.accessafe.eu\\\/fr\\\/?s={search_term_string}\"},\"query-input\":{\"@type\":\"PropertyValueSpecification\",\"valueRequired\":true,\"valueName\":\"search_term_string\"}}],\"inLanguage\":\"fr-FR\"},{\"@type\":\"Organization\",\"@id\":\"https:\\\/\\\/www.accessafe.eu\\\/fr\\\/#organization\",\"name\":\"Accessafe\",\"alternateName\":\"Accessafe\",\"url\":\"https:\\\/\\\/www.accessafe.eu\\\/fr\\\/\",\"logo\":{\"@type\":\"ImageObject\",\"inLanguage\":\"fr-FR\",\"@id\":\"https:\\\/\\\/www.accessafe.eu\\\/fr\\\/#\\\/schema\\\/logo\\\/image\\\/\",\"url\":\"https:\\\/\\\/www.accessafe.eu\\\/wp-content\\\/uploads\\\/2026\\\/03\\\/accessafe-logotipo.png\",\"contentUrl\":\"https:\\\/\\\/www.accessafe.eu\\\/wp-content\\\/uploads\\\/2026\\\/03\\\/accessafe-logotipo.png\",\"width\":400,\"height\":66,\"caption\":\"Accessafe\"},\"image\":{\"@id\":\"https:\\\/\\\/www.accessafe.eu\\\/fr\\\/#\\\/schema\\\/logo\\\/image\\\/\"},\"description\":\"Accessafe \u00e8 il partner globale per la sicurezza industriale: con sistemi di protezione perimetrale, consulenze e soluzioni per la marcatura CE dei macchinari, trasformiamo gli ambienti produttivi in spazi sicuri, efficienti e rispettosi dell\u2019ambiente.\",\"email\":\"info@accessafe.eu\",\"telephone\":\"+390399515951\",\"legalName\":\"Access Srl\",\"vatID\":\"05718410961\",\"taxID\":\"05718410961\"}]}<\/script>\n<!-- \/ Yoast SEO Premium plugin. -->","yoast_head_json":{"title":"MY ACCESS | Access","description":"Importez et commandez vos projets dans MYACCESS, vous recevrez imm\u00e9diatement une confirmation de commande avec toutes les conditions commerciales qui vous sont r\u00e9serv\u00e9es.","robots":{"index":"index","follow":"follow","max-snippet":"max-snippet:-1","max-image-preview":"max-image-preview:large","max-video-preview":"max-video-preview:-1"},"canonical":"https:\/\/www.accessafe.eu\/fr\/my-access\/","og_locale":"fr_FR","og_type":"article","og_title":"My Access","og_description":"Importez et commandez vos projets dans MYACCESS, vous recevrez imm\u00e9diatement une confirmation de commande avec toutes les conditions commerciales qui vous sont r\u00e9serv\u00e9es.","og_url":"https:\/\/www.accessafe.eu\/fr\/my-access\/","og_site_name":"Accessafe","article_modified_time":"2024-10-08T16:55:19+00:00","og_image":[{"width":600,"height":600,"url":"https:\/\/www.accessafe.eu\/wp-content\/uploads\/2023\/01\/Importa-e-ordina-i-tuoi-progetti-in-MYACCESS.jpg","type":"image\/jpeg"}],"twitter_card":"summary_large_image","twitter_misc":{"Dur\u00e9e de lecture estim\u00e9e":"1 minute"},"schema":{"@context":"https:\/\/schema.org","@graph":[{"@type":"WebPage","@id":"https:\/\/www.accessafe.eu\/fr\/my-access\/","url":"https:\/\/www.accessafe.eu\/fr\/my-access\/","name":"MY ACCESS | Access","isPartOf":{"@id":"https:\/\/www.accessafe.eu\/fr\/#website"},"primaryImageOfPage":{"@id":"https:\/\/www.accessafe.eu\/fr\/my-access\/#primaryimage"},"image":{"@id":"https:\/\/www.accessafe.eu\/fr\/my-access\/#primaryimage"},"thumbnailUrl":"https:\/\/www.accessafe.eu\/wp-content\/uploads\/2023\/01\/Importa-e-ordina-i-tuoi-progetti-in-MYACCESS.jpg","datePublished":"2022-11-22T09:08:38+00:00","dateModified":"2024-10-08T16:55:19+00:00","description":"Importez et commandez vos projets dans MYACCESS, vous recevrez imm\u00e9diatement une confirmation de commande avec toutes les conditions commerciales qui vous sont r\u00e9serv\u00e9es.","breadcrumb":{"@id":"https:\/\/www.accessafe.eu\/fr\/my-access\/#breadcrumb"},"inLanguage":"fr-FR","potentialAction":[{"@type":"ReadAction","target":["https:\/\/www.accessafe.eu\/fr\/my-access\/"]}]},{"@type":"ImageObject","inLanguage":"fr-FR","@id":"https:\/\/www.accessafe.eu\/fr\/my-access\/#primaryimage","url":"https:\/\/www.accessafe.eu\/wp-content\/uploads\/2023\/01\/Importa-e-ordina-i-tuoi-progetti-in-MYACCESS.jpg","contentUrl":"https:\/\/www.accessafe.eu\/wp-content\/uploads\/2023\/01\/Importa-e-ordina-i-tuoi-progetti-in-MYACCESS.jpg","width":600,"height":600,"caption":"Importa e ordina i tuoi progetti in MYACCESS"},{"@type":"BreadcrumbList","@id":"https:\/\/www.accessafe.eu\/fr\/my-access\/#breadcrumb","itemListElement":[{"@type":"ListItem","position":1,"name":"Home","item":"https:\/\/www.accessafe.eu\/fr\/"},{"@type":"ListItem","position":2,"name":"My Access"}]},{"@type":"WebSite","@id":"https:\/\/www.accessafe.eu\/fr\/#website","url":"https:\/\/www.accessafe.eu\/fr\/","name":"Accessafe","description":"Accessafe partner globale per la sicurezza industriale","publisher":{"@id":"https:\/\/www.accessafe.eu\/fr\/#organization"},"alternateName":"Accessafe","potentialAction":[{"@type":"SearchAction","target":{"@type":"EntryPoint","urlTemplate":"https:\/\/www.accessafe.eu\/fr\/?s={search_term_string}"},"query-input":{"@type":"PropertyValueSpecification","valueRequired":true,"valueName":"search_term_string"}}],"inLanguage":"fr-FR"},{"@type":"Organization","@id":"https:\/\/www.accessafe.eu\/fr\/#organization","name":"Accessafe","alternateName":"Accessafe","url":"https:\/\/www.accessafe.eu\/fr\/","logo":{"@type":"ImageObject","inLanguage":"fr-FR","@id":"https:\/\/www.accessafe.eu\/fr\/#\/schema\/logo\/image\/","url":"https:\/\/www.accessafe.eu\/wp-content\/uploads\/2026\/03\/accessafe-logotipo.png","contentUrl":"https:\/\/www.accessafe.eu\/wp-content\/uploads\/2026\/03\/accessafe-logotipo.png","width":400,"height":66,"caption":"Accessafe"},"image":{"@id":"https:\/\/www.accessafe.eu\/fr\/#\/schema\/logo\/image\/"},"description":"Accessafe \u00e8 il partner globale per la sicurezza industriale: con sistemi di protezione perimetrale, consulenze e soluzioni per la marcatura CE dei macchinari, trasformiamo gli ambienti produttivi in spazi sicuri, efficienti e rispettosi dell\u2019ambiente.","email":"info@accessafe.eu","telephone":"+390399515951","legalName":"Access Srl","vatID":"05718410961","taxID":"05718410961"}]}},"_links":{"self":[{"href":"https:\/\/www.accessafe.eu\/fr\/wp-json\/wp\/v2\/pages\/8048","targetHints":{"allow":["GET"]}}],"collection":[{"href":"https:\/\/www.accessafe.eu\/fr\/wp-json\/wp\/v2\/pages"}],"about":[{"href":"https:\/\/www.accessafe.eu\/fr\/wp-json\/wp\/v2\/types\/page"}],"author":[{"embeddable":true,"href":"https:\/\/www.accessafe.eu\/fr\/wp-json\/wp\/v2\/users\/2"}],"replies":[{"embeddable":true,"href":"https:\/\/www.accessafe.eu\/fr\/wp-json\/wp\/v2\/comments?post=8048"}],"version-history":[{"count":5,"href":"https:\/\/www.accessafe.eu\/fr\/wp-json\/wp\/v2\/pages\/8048\/revisions"}],"predecessor-version":[{"id":10464,"href":"https:\/\/www.accessafe.eu\/fr\/wp-json\/wp\/v2\/pages\/8048\/revisions\/10464"}],"wp:featuredmedia":[{"embeddable":true,"href":"https:\/\/www.accessafe.eu\/fr\/wp-json\/wp\/v2\/media\/5457"}],"wp:attachment":[{"href":"https:\/\/www.accessafe.eu\/fr\/wp-json\/wp\/v2\/media?parent=8048"}],"curies":[{"name":"wp","href":"https:\/\/api.w.org\/{rel}","templated":true}]}}