{"id":8053,"date":"2022-11-22T10:08:10","date_gmt":"2022-11-22T09:08:10","guid":{"rendered":"https:\/\/www.accessafe.eu\/telecharger\/"},"modified":"2024-10-08T18:55:28","modified_gmt":"2024-10-08T16:55:28","slug":"telecharger","status":"publish","type":"page","link":"https:\/\/www.accessafe.eu\/fr\/telecharger\/","title":{"rendered":"Traceparts"},"content":{"rendered":"\t\t<div data-elementor-type=\"wp-page\" data-elementor-id=\"8053\" class=\"elementor elementor-8053 elementor-1496\" data-elementor-post-type=\"page\">\n\t\t\t\t\t\t<section class=\"elementor-section elementor-top-section elementor-element elementor-element-45ca26e elementor-section-full_width elementor-section-height-default elementor-section-height-default\" data-id=\"45ca26e\" data-element_type=\"section\" data-e-type=\"section\">\n\t\t\t\t\t\t<div class=\"elementor-container elementor-column-gap-default\">\n\t\t\t\t\t<div class=\"elementor-column elementor-col-100 elementor-top-column elementor-element elementor-element-13e10b1\" data-id=\"13e10b1\" data-element_type=\"column\" data-e-type=\"column\">\n\t\t\t<div class=\"elementor-widget-wrap elementor-element-populated\">\n\t\t\t\t\t\t<div class=\"elementor-element elementor-element-088322e elementor--v-position-bottom elementor--h-position-center elementor-arrows-position-inside elementor-pagination-position-inside elementor-widget elementor-widget-slides\" data-id=\"088322e\" data-element_type=\"widget\" data-e-type=\"widget\" data-settings=\"{&quot;navigation&quot;:&quot;both&quot;,&quot;autoplay&quot;:&quot;yes&quot;,&quot;pause_on_hover&quot;:&quot;yes&quot;,&quot;pause_on_interaction&quot;:&quot;yes&quot;,&quot;autoplay_speed&quot;:5000,&quot;infinite&quot;:&quot;yes&quot;,&quot;transition&quot;:&quot;slide&quot;,&quot;transition_speed&quot;:500}\" data-widget_type=\"slides.default\">\n\t\t\t\t<div class=\"elementor-widget-container\">\n\t\t\t\t\t\t\t\t\t<div class=\"elementor-swiper\">\n\t\t\t\t\t<div class=\"elementor-slides-wrapper elementor-main-swiper swiper\" role=\"region\" aria-roledescription=\"carousel\" aria-label=\"Diapositives\" dir=\"ltr\" data-animation=\"fadeInUp\">\n\t\t\t\t<div class=\"swiper-wrapper elementor-slides\">\n\t\t\t\t\t\t\t\t\t\t<div class=\"elementor-repeater-item-24c6706 swiper-slide\" role=\"group\" aria-roledescription=\"slide\"><div class=\"swiper-slide-bg\" role=\"img\" aria-label=\"Visualizza da Traceparts - Access\"><\/div><div class=\"elementor-background-overlay\"><\/div><a class=\"swiper-slide-inner\" href=\"\/fr\/contact-rapide\/\"><div class=\"swiper-slide-contents\"><div class=\"elementor-slide-heading\">Traceparts<\/div><div class=\"elementor-slide-description\"><p>La biblioth\u00e8que Accessafe 3D compl\u00e8te, actualis\u00e9e et toujours disponible<\/p>\n<\/div><div  class=\"elementor-button elementor-slide-button elementor-size-sm\">Contactez-nous<\/div><\/div><\/a><\/div>\t\t\t\t<\/div>\n\t\t\t\t\t\t\t<\/div>\n\t\t\t\t<\/div>\n\t\t\t\t\t\t\t\t<\/div>\n\t\t\t\t<\/div>\n\t\t\t\t\t<\/div>\n\t\t<\/div>\n\t\t\t\t\t<\/div>\n\t\t<\/section>\n\t\t\t\t<section class=\"elementor-section elementor-top-section elementor-element elementor-element-f19ec24 elementor-section-boxed elementor-section-height-default elementor-section-height-default\" data-id=\"f19ec24\" data-element_type=\"section\" data-e-type=\"section\">\n\t\t\t\t\t\t<div class=\"elementor-container elementor-column-gap-default\">\n\t\t\t\t\t<div class=\"elementor-column elementor-col-100 elementor-top-column elementor-element elementor-element-1145127\" data-id=\"1145127\" data-element_type=\"column\" data-e-type=\"column\">\n\t\t\t<div class=\"elementor-widget-wrap elementor-element-populated\">\n\t\t\t\t\t\t<div class=\"elementor-element elementor-element-a388588 elementor-widget elementor-widget-text-editor\" data-id=\"a388588\" data-element_type=\"widget\" data-e-type=\"widget\" data-widget_type=\"text-editor.default\">\n\t\t\t\t<div class=\"elementor-widget-container\">\n\t\t\t\t\t\t\t\t\t<p>Visualisez et t\u00e9l\u00e9chargez \u00e0 partir de <strong>Traceparts<\/strong> plus de 8 000 produits Accessafe en 3D et cr\u00e9ez vos biblioth\u00e8ques personnalis\u00e9es pour acheter votre projet en toute autonomie en l&rsquo;important dans myaccess e-commerce. Notre configurateur de portes est \u00e0 votre disposition pour une s\u00e9lection optimale des acc\u00e8s.<\/p>\n<p>Gratuit, actualis\u00e9 et toujours disponible.<\/p>\n<p style=\"text-align: center;\"><span style=\"color: #000000;\"><strong>Cr\u00e9ez directement vos identifiants pour t\u00e9l\u00e9charger nos produits dans le format de votre choix<\/strong><\/span><\/p>\n\t\t\t\t\t\t\t\t<\/div>\n\t\t\t\t<\/div>\n\t\t\t\t\t<\/div>\n\t\t<\/div>\n\t\t\t\t\t<\/div>\n\t\t<\/section>\n\t\t\t\t<section class=\"elementor-section elementor-top-section elementor-element elementor-element-b7e1b1e elementor-hidden-mobile elementor-section-boxed elementor-section-height-default elementor-section-height-default\" data-id=\"b7e1b1e\" data-element_type=\"section\" data-e-type=\"section\">\n\t\t\t\t\t\t<div class=\"elementor-container elementor-column-gap-default\">\n\t\t\t\t\t<div class=\"elementor-column elementor-col-100 elementor-top-column elementor-element elementor-element-a5e5e93\" data-id=\"a5e5e93\" data-element_type=\"column\" data-e-type=\"column\" data-settings=\"{&quot;background_background&quot;:&quot;classic&quot;}\">\n\t\t\t<div class=\"elementor-widget-wrap elementor-element-populated\">\n\t\t\t\t\t\t<div class=\"elementor-element elementor-element-145a7a0 elementor-widget elementor-widget-image\" data-id=\"145a7a0\" data-element_type=\"widget\" data-e-type=\"widget\" data-widget_type=\"image.default\">\n\t\t\t\t<div class=\"elementor-widget-container\">\n\t\t\t\t\t\t\t\t\t\t\t\t\t\t\t<img fetchpriority=\"high\" decoding=\"async\" width=\"1600\" height=\"750\" src=\"https:\/\/www.accessafe.eu\/wp-content\/uploads\/2024\/07\/traceparts-fr.jpg\" class=\"attachment-full size-full wp-image-15457\" alt=\"\" srcset=\"https:\/\/www.accessafe.eu\/wp-content\/uploads\/2024\/07\/traceparts-fr.jpg 1600w, https:\/\/www.accessafe.eu\/wp-content\/uploads\/2024\/07\/traceparts-fr-300x141.jpg 300w, https:\/\/www.accessafe.eu\/wp-content\/uploads\/2024\/07\/traceparts-fr-1024x480.jpg 1024w, https:\/\/www.accessafe.eu\/wp-content\/uploads\/2024\/07\/traceparts-fr-768x360.jpg 768w, https:\/\/www.accessafe.eu\/wp-content\/uploads\/2024\/07\/traceparts-fr-1536x720.jpg 1536w, https:\/\/www.accessafe.eu\/wp-content\/uploads\/2024\/07\/traceparts-fr-600x281.jpg 600w\" sizes=\"(max-width: 1600px) 100vw, 1600px\" \/>\t\t\t\t\t\t\t\t\t\t\t\t\t\t\t<\/div>\n\t\t\t\t<\/div>\n\t\t\t\t<div class=\"elementor-element elementor-element-efaeb2b elementor-align-center elementor-widget elementor-widget-button\" data-id=\"efaeb2b\" data-element_type=\"widget\" data-e-type=\"widget\" data-widget_type=\"button.default\">\n\t\t\t\t<div class=\"elementor-widget-container\">\n\t\t\t\t\t\t\t\t\t<div class=\"elementor-button-wrapper\">\n\t\t\t\t\t<a class=\"elementor-button elementor-button-link elementor-size-sm\" href=\"https:\/\/www.traceparts.com\/fr\/search\/access?CatalogPath=ACCESS%3AF_ACCESS\" target=\"_blank\">\n\t\t\t\t\t\t<span class=\"elementor-button-content-wrapper\">\n\t\t\t\t\t\t\t\t\t<span class=\"elementor-button-text\">Acc\u00e9der au catalogue CAO 3D<\/span>\n\t\t\t\t\t<\/span>\n\t\t\t\t\t<\/a>\n\t\t\t\t<\/div>\n\t\t\t\t\t\t\t\t<\/div>\n\t\t\t\t<\/div>\n\t\t\t\t\t<\/div>\n\t\t<\/div>\n\t\t\t\t\t<\/div>\n\t\t<\/section>\n\t\t\t\t<section class=\"elementor-section elementor-top-section elementor-element elementor-element-dbe6708 elementor-hidden-desktop elementor-hidden-tablet elementor-section-boxed elementor-section-height-default elementor-section-height-default\" data-id=\"dbe6708\" data-element_type=\"section\" data-e-type=\"section\">\n\t\t\t\t\t\t<div class=\"elementor-container elementor-column-gap-default\">\n\t\t\t\t\t<div class=\"elementor-column elementor-col-100 elementor-top-column elementor-element elementor-element-b55f71b\" data-id=\"b55f71b\" data-element_type=\"column\" data-e-type=\"column\" data-settings=\"{&quot;background_background&quot;:&quot;classic&quot;}\">\n\t\t\t<div class=\"elementor-widget-wrap elementor-element-populated\">\n\t\t\t\t\t\t<div class=\"elementor-element elementor-element-74b9a43 elementor-widget elementor-widget-image\" data-id=\"74b9a43\" data-element_type=\"widget\" data-e-type=\"widget\" data-widget_type=\"image.default\">\n\t\t\t\t<div class=\"elementor-widget-container\">\n\t\t\t\t\t\t\t\t\t\t\t\t\t\t\t<img fetchpriority=\"high\" decoding=\"async\" width=\"1600\" height=\"750\" src=\"https:\/\/www.accessafe.eu\/wp-content\/uploads\/2024\/07\/traceparts-fr.jpg\" class=\"attachment-full size-full wp-image-15457\" alt=\"\" srcset=\"https:\/\/www.accessafe.eu\/wp-content\/uploads\/2024\/07\/traceparts-fr.jpg 1600w, https:\/\/www.accessafe.eu\/wp-content\/uploads\/2024\/07\/traceparts-fr-300x141.jpg 300w, https:\/\/www.accessafe.eu\/wp-content\/uploads\/2024\/07\/traceparts-fr-1024x480.jpg 1024w, https:\/\/www.accessafe.eu\/wp-content\/uploads\/2024\/07\/traceparts-fr-768x360.jpg 768w, https:\/\/www.accessafe.eu\/wp-content\/uploads\/2024\/07\/traceparts-fr-1536x720.jpg 1536w, https:\/\/www.accessafe.eu\/wp-content\/uploads\/2024\/07\/traceparts-fr-600x281.jpg 600w\" sizes=\"(max-width: 1600px) 100vw, 1600px\" \/>\t\t\t\t\t\t\t\t\t\t\t\t\t\t\t<\/div>\n\t\t\t\t<\/div>\n\t\t\t\t<div class=\"elementor-element elementor-element-4062db0 elementor-align-center elementor-widget elementor-widget-button\" data-id=\"4062db0\" data-element_type=\"widget\" data-e-type=\"widget\" data-widget_type=\"button.default\">\n\t\t\t\t<div class=\"elementor-widget-container\">\n\t\t\t\t\t\t\t\t\t<div class=\"elementor-button-wrapper\">\n\t\t\t\t\t<a class=\"elementor-button elementor-button-link elementor-size-sm\" href=\"https:\/\/www.traceparts.com\/fr\/search\/access?CatalogPath=ACCESS%3AF_ACCESS\" target=\"_blank\">\n\t\t\t\t\t\t<span class=\"elementor-button-content-wrapper\">\n\t\t\t\t\t\t\t\t\t<span class=\"elementor-button-text\">Acc\u00e9der au catalogue CAO 3D<\/span>\n\t\t\t\t\t<\/span>\n\t\t\t\t\t<\/a>\n\t\t\t\t<\/div>\n\t\t\t\t\t\t\t\t<\/div>\n\t\t\t\t<\/div>\n\t\t\t\t\t<\/div>\n\t\t<\/div>\n\t\t\t\t\t<\/div>\n\t\t<\/section>\n\t\t\t\t<section class=\"elementor-section elementor-top-section elementor-element elementor-element-2b21126f elementor-section-full_width elementor-hidden-desktop elementor-hidden-tablet elementor-hidden-mobile elementor-section-height-default elementor-section-height-default\" data-id=\"2b21126f\" data-element_type=\"section\" data-e-type=\"section\">\n\t\t\t\t\t\t<div class=\"elementor-container elementor-column-gap-default\">\n\t\t\t\t\t<div class=\"elementor-column elementor-col-100 elementor-top-column elementor-element elementor-element-191b93d8\" data-id=\"191b93d8\" data-element_type=\"column\" data-e-type=\"column\">\n\t\t\t<div class=\"elementor-widget-wrap elementor-element-populated\">\n\t\t\t\t\t\t<div class=\"elementor-element elementor-element-4e6e5299 elementor-widget elementor-widget-text-editor\" data-id=\"4e6e5299\" data-element_type=\"widget\" data-e-type=\"widget\" data-widget_type=\"text-editor.default\">\n\t\t\t\t<div class=\"elementor-widget-container\">\n\t\t\t\t\t\t\t\t\t<iframe src=\"https:\/\/www.traceparts.com\/els\/access\" name=\"W3C\" width=\"1600\" height=\"900\">Il browser in uso non supporta iframe\r\n\r\n&nbsp;\r\n\r\n<\/iframe>\t\t\t\t\t\t\t\t<\/div>\n\t\t\t\t<\/div>\n\t\t\t\t\t<\/div>\n\t\t<\/div>\n\t\t\t\t\t<\/div>\n\t\t<\/section>\n\t\t\t\t<\/div>\n\t\t","protected":false},"excerpt":{"rendered":"<p>Traceparts La biblioth\u00e8que Accessafe 3D compl\u00e8te, actualis\u00e9e et toujours disponible Contactez-nous Visualisez et t\u00e9l\u00e9chargez \u00e0 partir de Traceparts plus de 8 000 produits Accessafe en 3D et cr\u00e9ez vos biblioth\u00e8ques personnalis\u00e9es pour acheter votre projet en toute autonomie en l&rsquo;important dans myaccess e-commerce. Notre configurateur de portes est \u00e0 votre disposition pour une s\u00e9lection optimale [&hellip;]<\/p>\n","protected":false},"author":2,"featured_media":5484,"parent":0,"menu_order":0,"comment_status":"closed","ping_status":"closed","template":"","meta":{"site-sidebar-layout":"no-sidebar","site-content-layout":"page-builder","ast-site-content-layout":"default","site-content-style":"default","site-sidebar-style":"default","ast-global-header-display":"","ast-banner-title-visibility":"","ast-main-header-display":"","ast-hfb-above-header-display":"","ast-hfb-below-header-display":"","ast-hfb-mobile-header-display":"","site-post-title":"disabled","ast-breadcrumbs-content":"","ast-featured-img":"disabled","footer-sml-layout":"","ast-disable-related-posts":"","theme-transparent-header-meta":"","adv-header-id-meta":"","stick-header-meta":"","header-above-stick-meta":"","header-main-stick-meta":"","header-below-stick-meta":"","astra-migrate-meta-layouts":"default","ast-page-background-enabled":"default","ast-page-background-meta":{"desktop":{"background-color":"var(--ast-global-color-4)","background-image":"","background-repeat":"repeat","background-position":"center center","background-size":"auto","background-attachment":"scroll","background-type":"","background-media":"","overlay-type":"","overlay-color":"","overlay-opacity":"","overlay-gradient":""},"tablet":{"background-color":"","background-image":"","background-repeat":"repeat","background-position":"center center","background-size":"auto","background-attachment":"scroll","background-type":"","background-media":"","overlay-type":"","overlay-color":"","overlay-opacity":"","overlay-gradient":""},"mobile":{"background-color":"","background-image":"","background-repeat":"repeat","background-position":"center center","background-size":"auto","background-attachment":"scroll","background-type":"","background-media":"","overlay-type":"","overlay-color":"","overlay-opacity":"","overlay-gradient":""}},"ast-content-background-meta":{"desktop":{"background-color":"var(--ast-global-color-5)","background-image":"","background-repeat":"repeat","background-position":"center center","background-size":"auto","background-attachment":"scroll","background-type":"","background-media":"","overlay-type":"","overlay-color":"","overlay-opacity":"","overlay-gradient":""},"tablet":{"background-color":"var(--ast-global-color-5)","background-image":"","background-repeat":"repeat","background-position":"center center","background-size":"auto","background-attachment":"scroll","background-type":"","background-media":"","overlay-type":"","overlay-color":"","overlay-opacity":"","overlay-gradient":""},"mobile":{"background-color":"var(--ast-global-color-5)","background-image":"","background-repeat":"repeat","background-position":"center center","background-size":"auto","background-attachment":"scroll","background-type":"","background-media":"","overlay-type":"","overlay-color":"","overlay-opacity":"","overlay-gradient":""}},"footnotes":""},"class_list":["post-8053","page","type-page","status-publish","has-post-thumbnail","hentry"],"yoast_head":"<!-- This site is optimized with the Yoast SEO Premium plugin v27.4 (Yoast SEO v27.4) - https:\/\/yoast.com\/product\/yoast-seo-premium-wordpress\/ -->\n<title>TRACEPARTS | Access<\/title>\n<meta name=\"description\" content=\"Visualisez et t\u00e9l\u00e9chargez plus de 8 000 mod\u00e8les 3D de nos produits avec TRACEPARTS pour concevoir en toute autonomie.\" \/>\n<meta name=\"robots\" content=\"index, follow, max-snippet:-1, max-image-preview:large, max-video-preview:-1\" \/>\n<link rel=\"canonical\" href=\"https:\/\/www.accessafe.eu\/fr\/telecharger\/\" \/>\n<meta property=\"og:locale\" content=\"fr_FR\" \/>\n<meta property=\"og:type\" content=\"article\" \/>\n<meta property=\"og:title\" content=\"Traceparts\" \/>\n<meta property=\"og:description\" content=\"Visualisez et t\u00e9l\u00e9chargez plus de 8 000 mod\u00e8les 3D de nos produits avec TRACEPARTS pour concevoir en toute autonomie.\" \/>\n<meta property=\"og:url\" content=\"https:\/\/www.accessafe.eu\/fr\/telecharger\/\" \/>\n<meta property=\"og:site_name\" content=\"Accessafe\" \/>\n<meta property=\"article:modified_time\" content=\"2024-10-08T16:55:28+00:00\" \/>\n<meta property=\"og:image\" content=\"https:\/\/www.accessafe.eu\/wp-content\/uploads\/2023\/01\/Visualizza-e-scarica-con-TRACEPARTS-piu-di-8.000-modelli-in-3D-dei-nostri-prodotti.jpg\" \/>\n\t<meta property=\"og:image:width\" content=\"600\" \/>\n\t<meta property=\"og:image:height\" content=\"600\" \/>\n\t<meta property=\"og:image:type\" content=\"image\/jpeg\" \/>\n<meta name=\"twitter:card\" content=\"summary_large_image\" \/>\n<meta name=\"twitter:label1\" content=\"Dur\u00e9e de lecture estim\u00e9e\" \/>\n\t<meta name=\"twitter:data1\" content=\"1 minute\" \/>\n<script type=\"application\/ld+json\" class=\"yoast-schema-graph\">{\"@context\":\"https:\\\/\\\/schema.org\",\"@graph\":[{\"@type\":\"WebPage\",\"@id\":\"https:\\\/\\\/www.accessafe.eu\\\/fr\\\/telecharger\\\/\",\"url\":\"https:\\\/\\\/www.accessafe.eu\\\/fr\\\/telecharger\\\/\",\"name\":\"TRACEPARTS | Access\",\"isPartOf\":{\"@id\":\"https:\\\/\\\/www.accessafe.eu\\\/fr\\\/#website\"},\"primaryImageOfPage\":{\"@id\":\"https:\\\/\\\/www.accessafe.eu\\\/fr\\\/telecharger\\\/#primaryimage\"},\"image\":{\"@id\":\"https:\\\/\\\/www.accessafe.eu\\\/fr\\\/telecharger\\\/#primaryimage\"},\"thumbnailUrl\":\"https:\\\/\\\/www.accessafe.eu\\\/wp-content\\\/uploads\\\/2023\\\/01\\\/Visualizza-e-scarica-con-TRACEPARTS-piu-di-8.000-modelli-in-3D-dei-nostri-prodotti.jpg\",\"datePublished\":\"2022-11-22T09:08:10+00:00\",\"dateModified\":\"2024-10-08T16:55:28+00:00\",\"description\":\"Visualisez et t\u00e9l\u00e9chargez plus de 8 000 mod\u00e8les 3D de nos produits avec TRACEPARTS pour concevoir en toute autonomie.\",\"breadcrumb\":{\"@id\":\"https:\\\/\\\/www.accessafe.eu\\\/fr\\\/telecharger\\\/#breadcrumb\"},\"inLanguage\":\"fr-FR\",\"potentialAction\":[{\"@type\":\"ReadAction\",\"target\":[\"https:\\\/\\\/www.accessafe.eu\\\/fr\\\/telecharger\\\/\"]}]},{\"@type\":\"ImageObject\",\"inLanguage\":\"fr-FR\",\"@id\":\"https:\\\/\\\/www.accessafe.eu\\\/fr\\\/telecharger\\\/#primaryimage\",\"url\":\"https:\\\/\\\/www.accessafe.eu\\\/wp-content\\\/uploads\\\/2023\\\/01\\\/Visualizza-e-scarica-con-TRACEPARTS-piu-di-8.000-modelli-in-3D-dei-nostri-prodotti.jpg\",\"contentUrl\":\"https:\\\/\\\/www.accessafe.eu\\\/wp-content\\\/uploads\\\/2023\\\/01\\\/Visualizza-e-scarica-con-TRACEPARTS-piu-di-8.000-modelli-in-3D-dei-nostri-prodotti.jpg\",\"width\":600,\"height\":600,\"caption\":\"Visualizza e scarica con TRACEPARTS pi\u00f9 di 8.000 modelli in 3D dei nostri prodotti\"},{\"@type\":\"BreadcrumbList\",\"@id\":\"https:\\\/\\\/www.accessafe.eu\\\/fr\\\/telecharger\\\/#breadcrumb\",\"itemListElement\":[{\"@type\":\"ListItem\",\"position\":1,\"name\":\"Home\",\"item\":\"https:\\\/\\\/www.accessafe.eu\\\/fr\\\/\"},{\"@type\":\"ListItem\",\"position\":2,\"name\":\"Traceparts\"}]},{\"@type\":\"WebSite\",\"@id\":\"https:\\\/\\\/www.accessafe.eu\\\/fr\\\/#website\",\"url\":\"https:\\\/\\\/www.accessafe.eu\\\/fr\\\/\",\"name\":\"Accessafe\",\"description\":\"Accessafe partner globale per la sicurezza industriale\",\"publisher\":{\"@id\":\"https:\\\/\\\/www.accessafe.eu\\\/fr\\\/#organization\"},\"alternateName\":\"Accessafe\",\"potentialAction\":[{\"@type\":\"SearchAction\",\"target\":{\"@type\":\"EntryPoint\",\"urlTemplate\":\"https:\\\/\\\/www.accessafe.eu\\\/fr\\\/?s={search_term_string}\"},\"query-input\":{\"@type\":\"PropertyValueSpecification\",\"valueRequired\":true,\"valueName\":\"search_term_string\"}}],\"inLanguage\":\"fr-FR\"},{\"@type\":\"Organization\",\"@id\":\"https:\\\/\\\/www.accessafe.eu\\\/fr\\\/#organization\",\"name\":\"Accessafe\",\"alternateName\":\"Accessafe\",\"url\":\"https:\\\/\\\/www.accessafe.eu\\\/fr\\\/\",\"logo\":{\"@type\":\"ImageObject\",\"inLanguage\":\"fr-FR\",\"@id\":\"https:\\\/\\\/www.accessafe.eu\\\/fr\\\/#\\\/schema\\\/logo\\\/image\\\/\",\"url\":\"https:\\\/\\\/www.accessafe.eu\\\/wp-content\\\/uploads\\\/2026\\\/03\\\/accessafe-logotipo.png\",\"contentUrl\":\"https:\\\/\\\/www.accessafe.eu\\\/wp-content\\\/uploads\\\/2026\\\/03\\\/accessafe-logotipo.png\",\"width\":400,\"height\":66,\"caption\":\"Accessafe\"},\"image\":{\"@id\":\"https:\\\/\\\/www.accessafe.eu\\\/fr\\\/#\\\/schema\\\/logo\\\/image\\\/\"},\"description\":\"Accessafe \u00e8 il partner globale per la sicurezza industriale: con sistemi di protezione perimetrale, consulenze e soluzioni per la marcatura CE dei macchinari, trasformiamo gli ambienti produttivi in spazi sicuri, efficienti e rispettosi dell\u2019ambiente.\",\"email\":\"info@accessafe.eu\",\"telephone\":\"+390399515951\",\"legalName\":\"Access Srl\",\"vatID\":\"05718410961\",\"taxID\":\"05718410961\"}]}<\/script>\n<!-- \/ Yoast SEO Premium plugin. -->","yoast_head_json":{"title":"TRACEPARTS | Access","description":"Visualisez et t\u00e9l\u00e9chargez plus de 8 000 mod\u00e8les 3D de nos produits avec TRACEPARTS pour concevoir en toute autonomie.","robots":{"index":"index","follow":"follow","max-snippet":"max-snippet:-1","max-image-preview":"max-image-preview:large","max-video-preview":"max-video-preview:-1"},"canonical":"https:\/\/www.accessafe.eu\/fr\/telecharger\/","og_locale":"fr_FR","og_type":"article","og_title":"Traceparts","og_description":"Visualisez et t\u00e9l\u00e9chargez plus de 8 000 mod\u00e8les 3D de nos produits avec TRACEPARTS pour concevoir en toute autonomie.","og_url":"https:\/\/www.accessafe.eu\/fr\/telecharger\/","og_site_name":"Accessafe","article_modified_time":"2024-10-08T16:55:28+00:00","og_image":[{"width":600,"height":600,"url":"https:\/\/www.accessafe.eu\/wp-content\/uploads\/2023\/01\/Visualizza-e-scarica-con-TRACEPARTS-piu-di-8.000-modelli-in-3D-dei-nostri-prodotti.jpg","type":"image\/jpeg"}],"twitter_card":"summary_large_image","twitter_misc":{"Dur\u00e9e de lecture estim\u00e9e":"1 minute"},"schema":{"@context":"https:\/\/schema.org","@graph":[{"@type":"WebPage","@id":"https:\/\/www.accessafe.eu\/fr\/telecharger\/","url":"https:\/\/www.accessafe.eu\/fr\/telecharger\/","name":"TRACEPARTS | Access","isPartOf":{"@id":"https:\/\/www.accessafe.eu\/fr\/#website"},"primaryImageOfPage":{"@id":"https:\/\/www.accessafe.eu\/fr\/telecharger\/#primaryimage"},"image":{"@id":"https:\/\/www.accessafe.eu\/fr\/telecharger\/#primaryimage"},"thumbnailUrl":"https:\/\/www.accessafe.eu\/wp-content\/uploads\/2023\/01\/Visualizza-e-scarica-con-TRACEPARTS-piu-di-8.000-modelli-in-3D-dei-nostri-prodotti.jpg","datePublished":"2022-11-22T09:08:10+00:00","dateModified":"2024-10-08T16:55:28+00:00","description":"Visualisez et t\u00e9l\u00e9chargez plus de 8 000 mod\u00e8les 3D de nos produits avec TRACEPARTS pour concevoir en toute autonomie.","breadcrumb":{"@id":"https:\/\/www.accessafe.eu\/fr\/telecharger\/#breadcrumb"},"inLanguage":"fr-FR","potentialAction":[{"@type":"ReadAction","target":["https:\/\/www.accessafe.eu\/fr\/telecharger\/"]}]},{"@type":"ImageObject","inLanguage":"fr-FR","@id":"https:\/\/www.accessafe.eu\/fr\/telecharger\/#primaryimage","url":"https:\/\/www.accessafe.eu\/wp-content\/uploads\/2023\/01\/Visualizza-e-scarica-con-TRACEPARTS-piu-di-8.000-modelli-in-3D-dei-nostri-prodotti.jpg","contentUrl":"https:\/\/www.accessafe.eu\/wp-content\/uploads\/2023\/01\/Visualizza-e-scarica-con-TRACEPARTS-piu-di-8.000-modelli-in-3D-dei-nostri-prodotti.jpg","width":600,"height":600,"caption":"Visualizza e scarica con TRACEPARTS pi\u00f9 di 8.000 modelli in 3D dei nostri prodotti"},{"@type":"BreadcrumbList","@id":"https:\/\/www.accessafe.eu\/fr\/telecharger\/#breadcrumb","itemListElement":[{"@type":"ListItem","position":1,"name":"Home","item":"https:\/\/www.accessafe.eu\/fr\/"},{"@type":"ListItem","position":2,"name":"Traceparts"}]},{"@type":"WebSite","@id":"https:\/\/www.accessafe.eu\/fr\/#website","url":"https:\/\/www.accessafe.eu\/fr\/","name":"Accessafe","description":"Accessafe partner globale per la sicurezza industriale","publisher":{"@id":"https:\/\/www.accessafe.eu\/fr\/#organization"},"alternateName":"Accessafe","potentialAction":[{"@type":"SearchAction","target":{"@type":"EntryPoint","urlTemplate":"https:\/\/www.accessafe.eu\/fr\/?s={search_term_string}"},"query-input":{"@type":"PropertyValueSpecification","valueRequired":true,"valueName":"search_term_string"}}],"inLanguage":"fr-FR"},{"@type":"Organization","@id":"https:\/\/www.accessafe.eu\/fr\/#organization","name":"Accessafe","alternateName":"Accessafe","url":"https:\/\/www.accessafe.eu\/fr\/","logo":{"@type":"ImageObject","inLanguage":"fr-FR","@id":"https:\/\/www.accessafe.eu\/fr\/#\/schema\/logo\/image\/","url":"https:\/\/www.accessafe.eu\/wp-content\/uploads\/2026\/03\/accessafe-logotipo.png","contentUrl":"https:\/\/www.accessafe.eu\/wp-content\/uploads\/2026\/03\/accessafe-logotipo.png","width":400,"height":66,"caption":"Accessafe"},"image":{"@id":"https:\/\/www.accessafe.eu\/fr\/#\/schema\/logo\/image\/"},"description":"Accessafe \u00e8 il partner globale per la sicurezza industriale: con sistemi di protezione perimetrale, consulenze e soluzioni per la marcatura CE dei macchinari, trasformiamo gli ambienti produttivi in spazi sicuri, efficienti e rispettosi dell\u2019ambiente.","email":"info@accessafe.eu","telephone":"+390399515951","legalName":"Access Srl","vatID":"05718410961","taxID":"05718410961"}]}},"_links":{"self":[{"href":"https:\/\/www.accessafe.eu\/fr\/wp-json\/wp\/v2\/pages\/8053","targetHints":{"allow":["GET"]}}],"collection":[{"href":"https:\/\/www.accessafe.eu\/fr\/wp-json\/wp\/v2\/pages"}],"about":[{"href":"https:\/\/www.accessafe.eu\/fr\/wp-json\/wp\/v2\/types\/page"}],"author":[{"embeddable":true,"href":"https:\/\/www.accessafe.eu\/fr\/wp-json\/wp\/v2\/users\/2"}],"replies":[{"embeddable":true,"href":"https:\/\/www.accessafe.eu\/fr\/wp-json\/wp\/v2\/comments?post=8053"}],"version-history":[{"count":5,"href":"https:\/\/www.accessafe.eu\/fr\/wp-json\/wp\/v2\/pages\/8053\/revisions"}],"predecessor-version":[{"id":15494,"href":"https:\/\/www.accessafe.eu\/fr\/wp-json\/wp\/v2\/pages\/8053\/revisions\/15494"}],"wp:featuredmedia":[{"embeddable":true,"href":"https:\/\/www.accessafe.eu\/fr\/wp-json\/wp\/v2\/media\/5484"}],"wp:attachment":[{"href":"https:\/\/www.accessafe.eu\/fr\/wp-json\/wp\/v2\/media?parent=8053"}],"curies":[{"name":"wp","href":"https:\/\/api.w.org\/{rel}","templated":true}]}}