{"id":13347,"date":"2023-05-30T09:31:34","date_gmt":"2023-05-30T07:31:34","guid":{"rendered":"https:\/\/www.accessafe.eu\/prodotto\/accessoires-portes\/"},"modified":"2023-06-13T17:35:39","modified_gmt":"2023-06-13T15:35:39","slug":"accessoires-portes","status":"publish","type":"product","link":"https:\/\/www.accessafe.eu\/fr\/produit\/accessoires-portes\/","title":{"rendered":"Accessoires portes"},"content":{"rendered":"\t\t<div data-elementor-type=\"product-post\" data-elementor-id=\"13347\" class=\"elementor elementor-13347 elementor-13120\" data-elementor-post-type=\"product\">\n\t\t\t\t\t\t<section class=\"elementor-section elementor-top-section elementor-element elementor-element-23dce9a elementor-section-boxed elementor-section-height-default elementor-section-height-default\" data-id=\"23dce9a\" data-element_type=\"section\" data-e-type=\"section\">\n\t\t\t\t\t\t<div class=\"elementor-container elementor-column-gap-default\">\n\t\t\t\t\t<div class=\"elementor-column elementor-col-100 elementor-top-column elementor-element elementor-element-dfb54b2\" data-id=\"dfb54b2\" data-element_type=\"column\" data-e-type=\"column\">\n\t\t\t<div class=\"elementor-widget-wrap elementor-element-populated\">\n\t\t\t\t\t\t<div class=\"elementor-element elementor-element-ae2934a elementor-position-left elementor-vertical-align-middle elementor-widget elementor-widget-image-box\" data-id=\"ae2934a\" data-element_type=\"widget\" data-e-type=\"widget\" data-widget_type=\"image-box.default\">\n\t\t\t\t<div class=\"elementor-widget-container\">\n\t\t\t\t\t<div class=\"elementor-image-box-wrapper\"><figure class=\"elementor-image-box-img\"><img fetchpriority=\"high\" decoding=\"async\" width=\"400\" height=\"400\" src=\"https:\/\/www.accessafe.eu\/wp-content\/uploads\/2023\/05\/Maniglia-porta-Access.jpg\" class=\"attachment-full size-full wp-image-13169\" alt=\"\" srcset=\"https:\/\/www.accessafe.eu\/wp-content\/uploads\/2023\/05\/Maniglia-porta-Access.jpg 400w, https:\/\/www.accessafe.eu\/wp-content\/uploads\/2023\/05\/Maniglia-porta-Access-300x300.jpg 300w, https:\/\/www.accessafe.eu\/wp-content\/uploads\/2023\/05\/Maniglia-porta-Access-150x150.jpg 150w, https:\/\/www.accessafe.eu\/wp-content\/uploads\/2023\/05\/Maniglia-porta-Access-100x100.jpg 100w\" sizes=\"(max-width: 400px) 100vw, 400px\" \/><\/figure><div class=\"elementor-image-box-content\"><h3 class=\"elementor-image-box-title\">KIT POIGN\u00c9E<\/h3><p class=\"elementor-image-box-description\">Accessoire suppl\u00e9mentaire pour panneau de porte.<br \/>\n<strong>Compatibilit\u00e9\u00a0<\/strong>: Syst\u00e8me de protection avec et sans ch\u00e2ssis.<\/p><\/div><\/div>\t\t\t\t<\/div>\n\t\t\t\t<\/div>\n\t\t\t\t<div class=\"elementor-element elementor-element-6d54603 elementor-widget-divider--view-line elementor-widget elementor-widget-divider\" data-id=\"6d54603\" data-element_type=\"widget\" data-e-type=\"widget\" data-widget_type=\"divider.default\">\n\t\t\t\t<div class=\"elementor-widget-container\">\n\t\t\t\t\t\t\t<div class=\"elementor-divider\">\n\t\t\t<span class=\"elementor-divider-separator\">\n\t\t\t\t\t\t<\/span>\n\t\t<\/div>\n\t\t\t\t\t\t<\/div>\n\t\t\t\t<\/div>\n\t\t\t\t<div class=\"elementor-element elementor-element-f91cf87 elementor-position-left elementor-vertical-align-middle elementor-widget elementor-widget-image-box\" data-id=\"f91cf87\" data-element_type=\"widget\" data-e-type=\"widget\" data-widget_type=\"image-box.default\">\n\t\t\t\t<div class=\"elementor-widget-container\">\n\t\t\t\t\t<div class=\"elementor-image-box-wrapper\"><figure class=\"elementor-image-box-img\"><img decoding=\"async\" width=\"400\" height=\"400\" src=\"https:\/\/www.accessafe.eu\/wp-content\/uploads\/2023\/05\/Ruote-Access.jpg\" class=\"attachment-full size-full wp-image-13157\" alt=\"\" srcset=\"https:\/\/www.accessafe.eu\/wp-content\/uploads\/2023\/05\/Ruote-Access.jpg 400w, https:\/\/www.accessafe.eu\/wp-content\/uploads\/2023\/05\/Ruote-Access-300x300.jpg 300w, https:\/\/www.accessafe.eu\/wp-content\/uploads\/2023\/05\/Ruote-Access-150x150.jpg 150w, https:\/\/www.accessafe.eu\/wp-content\/uploads\/2023\/05\/Ruote-Access-100x100.jpg 100w\" sizes=\"(max-width: 400px) 100vw, 400px\" \/><\/figure><div class=\"elementor-image-box-content\"><h3 class=\"elementor-image-box-title\">KIT ROUE<\/h3><p class=\"elementor-image-box-description\">Accessoire utilis\u00e9 pour am\u00e9liorer le mouvement des battants de porte. La roue pivotante a une orientation libre et tourne autour d\u2019un axe vertical.<br \/>\n<strong>Compatibilit\u00e9\u00a0<\/strong>: Syst\u00e8me de protection avec et sans ch\u00e2ssis.<\/p><\/div><\/div>\t\t\t\t<\/div>\n\t\t\t\t<\/div>\n\t\t\t\t<div class=\"elementor-element elementor-element-4508d94 elementor-widget-divider--view-line elementor-widget elementor-widget-divider\" data-id=\"4508d94\" data-element_type=\"widget\" data-e-type=\"widget\" data-widget_type=\"divider.default\">\n\t\t\t\t<div class=\"elementor-widget-container\">\n\t\t\t\t\t\t\t<div class=\"elementor-divider\">\n\t\t\t<span class=\"elementor-divider-separator\">\n\t\t\t\t\t\t<\/span>\n\t\t<\/div>\n\t\t\t\t\t\t<\/div>\n\t\t\t\t<\/div>\n\t\t\t\t<div class=\"elementor-element elementor-element-60c7b0e elementor-position-left elementor-vertical-align-middle elementor-widget elementor-widget-image-box\" data-id=\"60c7b0e\" data-element_type=\"widget\" data-e-type=\"widget\" data-widget_type=\"image-box.default\">\n\t\t\t\t<div class=\"elementor-widget-container\">\n\t\t\t\t\t<div class=\"elementor-image-box-wrapper\"><figure class=\"elementor-image-box-img\"><img decoding=\"async\" width=\"400\" height=\"400\" src=\"https:\/\/www.accessafe.eu\/wp-content\/uploads\/2023\/05\/Battipiede-Access.jpg\" class=\"attachment-full size-full wp-image-13163\" alt=\"\" srcset=\"https:\/\/www.accessafe.eu\/wp-content\/uploads\/2023\/05\/Battipiede-Access.jpg 400w, https:\/\/www.accessafe.eu\/wp-content\/uploads\/2023\/05\/Battipiede-Access-300x300.jpg 300w, https:\/\/www.accessafe.eu\/wp-content\/uploads\/2023\/05\/Battipiede-Access-150x150.jpg 150w, https:\/\/www.accessafe.eu\/wp-content\/uploads\/2023\/05\/Battipiede-Access-100x100.jpg 100w\" sizes=\"(max-width: 400px) 100vw, 400px\" \/><\/figure><div class=\"elementor-image-box-content\"><h3 class=\"elementor-image-box-title\">KIT PLINTHE PORTE<\/h3><p class=\"elementor-image-box-description\">Accessoire utilis\u00e9 pour permettre de couvrir l\u2019espace libre entre le sol et le panneau de porte.<br \/>\n<strong>Compatibilit\u00e9\u00a0<\/strong>: Syst\u00e8me de protection avec et sans ch\u00e2ssis.<\/p><\/div><\/div>\t\t\t\t<\/div>\n\t\t\t\t<\/div>\n\t\t\t\t\t<\/div>\n\t\t<\/div>\n\t\t\t\t\t<\/div>\n\t\t<\/section>\n\t\t\t\t<\/div>\n\t\t","protected":false},"excerpt":{"rendered":"<p>Au fil des ans, Accessafe a d\u00e9velopp\u00e9 une gamme d&rsquo;accessoires pour r\u00e9soudre les probl\u00e8mes de montage ou pour int\u00e9grer les composants de soutien et les capteurs dans les syst\u00e8mes de protection p\u00e9rim\u00e9trale.<\/p>\n","protected":false},"featured_media":13169,"template":"","meta":{"site-sidebar-layout":"no-sidebar","site-content-layout":"page-builder","ast-site-content-layout":"default","site-content-style":"default","site-sidebar-style":"default","ast-global-header-display":"","ast-banner-title-visibility":"","ast-main-header-display":"","ast-hfb-above-header-display":"","ast-hfb-below-header-display":"","ast-hfb-mobile-header-display":"","site-post-title":"disabled","ast-breadcrumbs-content":"","ast-featured-img":"disabled","footer-sml-layout":"","ast-disable-related-posts":"","theme-transparent-header-meta":"default","adv-header-id-meta":"","stick-header-meta":"","header-above-stick-meta":"","header-main-stick-meta":"","header-below-stick-meta":"","astra-migrate-meta-layouts":"default","ast-page-background-enabled":"default","ast-page-background-meta":{"desktop":{"background-color":"var(--ast-global-color-4)","background-image":"","background-repeat":"repeat","background-position":"center center","background-size":"auto","background-attachment":"scroll","background-type":"","background-media":"","overlay-type":"","overlay-color":"","overlay-opacity":"","overlay-gradient":""},"tablet":{"background-color":"","background-image":"","background-repeat":"repeat","background-position":"center center","background-size":"auto","background-attachment":"scroll","background-type":"","background-media":"","overlay-type":"","overlay-color":"","overlay-opacity":"","overlay-gradient":""},"mobile":{"background-color":"","background-image":"","background-repeat":"repeat","background-position":"center center","background-size":"auto","background-attachment":"scroll","background-type":"","background-media":"","overlay-type":"","overlay-color":"","overlay-opacity":"","overlay-gradient":""}},"ast-content-background-meta":{"desktop":{"background-color":"var(--ast-global-color-5)","background-image":"","background-repeat":"repeat","background-position":"center center","background-size":"auto","background-attachment":"scroll","background-type":"","background-media":"","overlay-type":"","overlay-color":"","overlay-opacity":"","overlay-gradient":""},"tablet":{"background-color":"var(--ast-global-color-5)","background-image":"","background-repeat":"repeat","background-position":"center center","background-size":"auto","background-attachment":"scroll","background-type":"","background-media":"","overlay-type":"","overlay-color":"","overlay-opacity":"","overlay-gradient":""},"mobile":{"background-color":"var(--ast-global-color-5)","background-image":"","background-repeat":"repeat","background-position":"center center","background-size":"auto","background-attachment":"scroll","background-type":"","background-media":"","overlay-type":"","overlay-color":"","overlay-opacity":"","overlay-gradient":""}}},"product_brand":[],"product_cat":[149],"product_tag":[222],"class_list":{"0":"post-13347","1":"product","2":"type-product","3":"status-publish","4":"has-post-thumbnail","6":"product_cat-accessoires","7":"product_tag-accessoires","8":"desktop-align-left","9":"tablet-align-left","10":"mobile-align-left","11":"ast-product-gallery-layout-horizontal-slider","12":"ast-product-gallery-with-no-image","13":"ast-magnify-disabled","14":"ast-product-tabs-layout-horizontal","16":"first","17":"instock","18":"shipping-taxable","19":"product-type-simple"},"yoast_head":"<!-- This site is optimized with the Yoast SEO Premium plugin v27.4 (Yoast SEO v27.4) - https:\/\/yoast.com\/product\/yoast-seo-premium-wordpress\/ -->\n<title>Accessoires portes | ACCESS<\/title>\n<meta name=\"description\" content=\"Au fil des ans, Accessafe a d\u00e9velopp\u00e9 une gamme d&#039;accessoires pour r\u00e9soudre les probl\u00e8mes de montage ou pour int\u00e9grer...\" \/>\n<meta name=\"robots\" content=\"index, follow, max-snippet:-1, max-image-preview:large, max-video-preview:-1\" \/>\n<link rel=\"canonical\" href=\"https:\/\/www.accessafe.eu\/fr\/produit\/accessoires-portes\/\" \/>\n<meta property=\"og:locale\" content=\"fr_FR\" \/>\n<meta property=\"og:type\" content=\"article\" \/>\n<meta property=\"og:title\" content=\"Accessoires portes\" \/>\n<meta property=\"og:description\" content=\"Au fil des ans, Accessafe a d\u00e9velopp\u00e9 une gamme d&#039;accessoires pour r\u00e9soudre les probl\u00e8mes de montage ou pour int\u00e9grer...\" \/>\n<meta property=\"og:url\" content=\"https:\/\/www.accessafe.eu\/fr\/produit\/accessoires-portes\/\" \/>\n<meta property=\"og:site_name\" content=\"Accessafe\" \/>\n<meta property=\"article:modified_time\" content=\"2023-06-13T15:35:39+00:00\" \/>\n<meta property=\"og:image\" content=\"https:\/\/www.accessafe.eu\/wp-content\/uploads\/2023\/05\/Maniglia-porta-Access.jpg\" \/>\n\t<meta property=\"og:image:width\" content=\"400\" \/>\n\t<meta property=\"og:image:height\" content=\"400\" \/>\n\t<meta property=\"og:image:type\" content=\"image\/jpeg\" \/>\n<meta name=\"twitter:card\" content=\"summary_large_image\" \/>\n<script type=\"application\/ld+json\" class=\"yoast-schema-graph\">{\"@context\":\"https:\\\/\\\/schema.org\",\"@graph\":[{\"@type\":\"WebPage\",\"@id\":\"https:\\\/\\\/www.accessafe.eu\\\/fr\\\/produit\\\/accessoires-portes\\\/\",\"url\":\"https:\\\/\\\/www.accessafe.eu\\\/fr\\\/produit\\\/accessoires-portes\\\/\",\"name\":\"Accessoires portes | ACCESS\",\"isPartOf\":{\"@id\":\"https:\\\/\\\/www.accessafe.eu\\\/fr\\\/#website\"},\"primaryImageOfPage\":{\"@id\":\"https:\\\/\\\/www.accessafe.eu\\\/fr\\\/produit\\\/accessoires-portes\\\/#primaryimage\"},\"image\":{\"@id\":\"https:\\\/\\\/www.accessafe.eu\\\/fr\\\/produit\\\/accessoires-portes\\\/#primaryimage\"},\"thumbnailUrl\":\"https:\\\/\\\/www.accessafe.eu\\\/wp-content\\\/uploads\\\/2023\\\/05\\\/Maniglia-porta-Access.jpg\",\"datePublished\":\"2023-05-30T07:31:34+00:00\",\"dateModified\":\"2023-06-13T15:35:39+00:00\",\"description\":\"Au fil des ans, Accessafe a d\u00e9velopp\u00e9 une gamme d'accessoires pour r\u00e9soudre les probl\u00e8mes de montage ou pour int\u00e9grer...\",\"breadcrumb\":{\"@id\":\"https:\\\/\\\/www.accessafe.eu\\\/fr\\\/produit\\\/accessoires-portes\\\/#breadcrumb\"},\"inLanguage\":\"fr-FR\",\"potentialAction\":[{\"@type\":\"ReadAction\",\"target\":[\"https:\\\/\\\/www.accessafe.eu\\\/fr\\\/produit\\\/accessoires-portes\\\/\"]}]},{\"@type\":\"ImageObject\",\"inLanguage\":\"fr-FR\",\"@id\":\"https:\\\/\\\/www.accessafe.eu\\\/fr\\\/produit\\\/accessoires-portes\\\/#primaryimage\",\"url\":\"https:\\\/\\\/www.accessafe.eu\\\/wp-content\\\/uploads\\\/2023\\\/05\\\/Maniglia-porta-Access.jpg\",\"contentUrl\":\"https:\\\/\\\/www.accessafe.eu\\\/wp-content\\\/uploads\\\/2023\\\/05\\\/Maniglia-porta-Access.jpg\",\"width\":400,\"height\":400},{\"@type\":\"BreadcrumbList\",\"@id\":\"https:\\\/\\\/www.accessafe.eu\\\/fr\\\/produit\\\/accessoires-portes\\\/#breadcrumb\",\"itemListElement\":[{\"@type\":\"ListItem\",\"position\":1,\"name\":\"Home\",\"item\":\"https:\\\/\\\/www.accessafe.eu\\\/fr\\\/\"},{\"@type\":\"ListItem\",\"position\":2,\"name\":\"Shop\",\"item\":\"https:\\\/\\\/www.accessafe.eu\\\/?page_id=11\"},{\"@type\":\"ListItem\",\"position\":3,\"name\":\"Accessoires portes\"}]},{\"@type\":\"WebSite\",\"@id\":\"https:\\\/\\\/www.accessafe.eu\\\/fr\\\/#website\",\"url\":\"https:\\\/\\\/www.accessafe.eu\\\/fr\\\/\",\"name\":\"Accessafe\",\"description\":\"Accessafe partner globale per la sicurezza industriale\",\"publisher\":{\"@id\":\"https:\\\/\\\/www.accessafe.eu\\\/fr\\\/#organization\"},\"alternateName\":\"Accessafe\",\"potentialAction\":[{\"@type\":\"SearchAction\",\"target\":{\"@type\":\"EntryPoint\",\"urlTemplate\":\"https:\\\/\\\/www.accessafe.eu\\\/fr\\\/?s={search_term_string}\"},\"query-input\":{\"@type\":\"PropertyValueSpecification\",\"valueRequired\":true,\"valueName\":\"search_term_string\"}}],\"inLanguage\":\"fr-FR\"},{\"@type\":\"Organization\",\"@id\":\"https:\\\/\\\/www.accessafe.eu\\\/fr\\\/#organization\",\"name\":\"Accessafe\",\"alternateName\":\"Accessafe\",\"url\":\"https:\\\/\\\/www.accessafe.eu\\\/fr\\\/\",\"logo\":{\"@type\":\"ImageObject\",\"inLanguage\":\"fr-FR\",\"@id\":\"https:\\\/\\\/www.accessafe.eu\\\/fr\\\/#\\\/schema\\\/logo\\\/image\\\/\",\"url\":\"https:\\\/\\\/www.accessafe.eu\\\/wp-content\\\/uploads\\\/2026\\\/03\\\/accessafe-logotipo.png\",\"contentUrl\":\"https:\\\/\\\/www.accessafe.eu\\\/wp-content\\\/uploads\\\/2026\\\/03\\\/accessafe-logotipo.png\",\"width\":400,\"height\":66,\"caption\":\"Accessafe\"},\"image\":{\"@id\":\"https:\\\/\\\/www.accessafe.eu\\\/fr\\\/#\\\/schema\\\/logo\\\/image\\\/\"},\"description\":\"Accessafe \u00e8 il partner globale per la sicurezza industriale: con sistemi di protezione perimetrale, consulenze e soluzioni per la marcatura CE dei macchinari, trasformiamo gli ambienti produttivi in spazi sicuri, efficienti e rispettosi dell\u2019ambiente.\",\"email\":\"info@accessafe.eu\",\"telephone\":\"+390399515951\",\"legalName\":\"Access Srl\",\"vatID\":\"05718410961\",\"taxID\":\"05718410961\"}]}<\/script>\n<!-- \/ Yoast SEO Premium plugin. -->","yoast_head_json":{"title":"Accessoires portes | ACCESS","description":"Au fil des ans, Accessafe a d\u00e9velopp\u00e9 une gamme d'accessoires pour r\u00e9soudre les probl\u00e8mes de montage ou pour int\u00e9grer...","robots":{"index":"index","follow":"follow","max-snippet":"max-snippet:-1","max-image-preview":"max-image-preview:large","max-video-preview":"max-video-preview:-1"},"canonical":"https:\/\/www.accessafe.eu\/fr\/produit\/accessoires-portes\/","og_locale":"fr_FR","og_type":"article","og_title":"Accessoires portes","og_description":"Au fil des ans, Accessafe a d\u00e9velopp\u00e9 une gamme d'accessoires pour r\u00e9soudre les probl\u00e8mes de montage ou pour int\u00e9grer...","og_url":"https:\/\/www.accessafe.eu\/fr\/produit\/accessoires-portes\/","og_site_name":"Accessafe","article_modified_time":"2023-06-13T15:35:39+00:00","og_image":[{"width":400,"height":400,"url":"https:\/\/www.accessafe.eu\/wp-content\/uploads\/2023\/05\/Maniglia-porta-Access.jpg","type":"image\/jpeg"}],"twitter_card":"summary_large_image","schema":{"@context":"https:\/\/schema.org","@graph":[{"@type":"WebPage","@id":"https:\/\/www.accessafe.eu\/fr\/produit\/accessoires-portes\/","url":"https:\/\/www.accessafe.eu\/fr\/produit\/accessoires-portes\/","name":"Accessoires portes | ACCESS","isPartOf":{"@id":"https:\/\/www.accessafe.eu\/fr\/#website"},"primaryImageOfPage":{"@id":"https:\/\/www.accessafe.eu\/fr\/produit\/accessoires-portes\/#primaryimage"},"image":{"@id":"https:\/\/www.accessafe.eu\/fr\/produit\/accessoires-portes\/#primaryimage"},"thumbnailUrl":"https:\/\/www.accessafe.eu\/wp-content\/uploads\/2023\/05\/Maniglia-porta-Access.jpg","datePublished":"2023-05-30T07:31:34+00:00","dateModified":"2023-06-13T15:35:39+00:00","description":"Au fil des ans, Accessafe a d\u00e9velopp\u00e9 une gamme d'accessoires pour r\u00e9soudre les probl\u00e8mes de montage ou pour int\u00e9grer...","breadcrumb":{"@id":"https:\/\/www.accessafe.eu\/fr\/produit\/accessoires-portes\/#breadcrumb"},"inLanguage":"fr-FR","potentialAction":[{"@type":"ReadAction","target":["https:\/\/www.accessafe.eu\/fr\/produit\/accessoires-portes\/"]}]},{"@type":"ImageObject","inLanguage":"fr-FR","@id":"https:\/\/www.accessafe.eu\/fr\/produit\/accessoires-portes\/#primaryimage","url":"https:\/\/www.accessafe.eu\/wp-content\/uploads\/2023\/05\/Maniglia-porta-Access.jpg","contentUrl":"https:\/\/www.accessafe.eu\/wp-content\/uploads\/2023\/05\/Maniglia-porta-Access.jpg","width":400,"height":400},{"@type":"BreadcrumbList","@id":"https:\/\/www.accessafe.eu\/fr\/produit\/accessoires-portes\/#breadcrumb","itemListElement":[{"@type":"ListItem","position":1,"name":"Home","item":"https:\/\/www.accessafe.eu\/fr\/"},{"@type":"ListItem","position":2,"name":"Shop","item":"https:\/\/www.accessafe.eu\/?page_id=11"},{"@type":"ListItem","position":3,"name":"Accessoires portes"}]},{"@type":"WebSite","@id":"https:\/\/www.accessafe.eu\/fr\/#website","url":"https:\/\/www.accessafe.eu\/fr\/","name":"Accessafe","description":"Accessafe partner globale per la sicurezza industriale","publisher":{"@id":"https:\/\/www.accessafe.eu\/fr\/#organization"},"alternateName":"Accessafe","potentialAction":[{"@type":"SearchAction","target":{"@type":"EntryPoint","urlTemplate":"https:\/\/www.accessafe.eu\/fr\/?s={search_term_string}"},"query-input":{"@type":"PropertyValueSpecification","valueRequired":true,"valueName":"search_term_string"}}],"inLanguage":"fr-FR"},{"@type":"Organization","@id":"https:\/\/www.accessafe.eu\/fr\/#organization","name":"Accessafe","alternateName":"Accessafe","url":"https:\/\/www.accessafe.eu\/fr\/","logo":{"@type":"ImageObject","inLanguage":"fr-FR","@id":"https:\/\/www.accessafe.eu\/fr\/#\/schema\/logo\/image\/","url":"https:\/\/www.accessafe.eu\/wp-content\/uploads\/2026\/03\/accessafe-logotipo.png","contentUrl":"https:\/\/www.accessafe.eu\/wp-content\/uploads\/2026\/03\/accessafe-logotipo.png","width":400,"height":66,"caption":"Accessafe"},"image":{"@id":"https:\/\/www.accessafe.eu\/fr\/#\/schema\/logo\/image\/"},"description":"Accessafe \u00e8 il partner globale per la sicurezza industriale: con sistemi di protezione perimetrale, consulenze e soluzioni per la marcatura CE dei macchinari, trasformiamo gli ambienti produttivi in spazi sicuri, efficienti e rispettosi dell\u2019ambiente.","email":"info@accessafe.eu","telephone":"+390399515951","legalName":"Access Srl","vatID":"05718410961","taxID":"05718410961"}]}},"_links":{"self":[{"href":"https:\/\/www.accessafe.eu\/fr\/wp-json\/wp\/v2\/product\/13347","targetHints":{"allow":["GET"]}}],"collection":[{"href":"https:\/\/www.accessafe.eu\/fr\/wp-json\/wp\/v2\/product"}],"about":[{"href":"https:\/\/www.accessafe.eu\/fr\/wp-json\/wp\/v2\/types\/product"}],"version-history":[{"count":4,"href":"https:\/\/www.accessafe.eu\/fr\/wp-json\/wp\/v2\/product\/13347\/revisions"}],"predecessor-version":[{"id":13351,"href":"https:\/\/www.accessafe.eu\/fr\/wp-json\/wp\/v2\/product\/13347\/revisions\/13351"}],"wp:featuredmedia":[{"embeddable":true,"href":"https:\/\/www.accessafe.eu\/fr\/wp-json\/wp\/v2\/media\/13169"}],"wp:attachment":[{"href":"https:\/\/www.accessafe.eu\/fr\/wp-json\/wp\/v2\/media?parent=13347"}],"wp:term":[{"taxonomy":"product_brand","embeddable":true,"href":"https:\/\/www.accessafe.eu\/fr\/wp-json\/wp\/v2\/product_brand?post=13347"},{"taxonomy":"product_cat","embeddable":true,"href":"https:\/\/www.accessafe.eu\/fr\/wp-json\/wp\/v2\/product_cat?post=13347"},{"taxonomy":"product_tag","embeddable":true,"href":"https:\/\/www.accessafe.eu\/fr\/wp-json\/wp\/v2\/product_tag?post=13347"}],"curies":[{"name":"wp","href":"https:\/\/api.w.org\/{rel}","templated":true}]}}