{"id":13632,"date":"2022-12-27T09:00:28","date_gmt":"2022-12-27T08:00:28","guid":{"rendered":"https:\/\/www.accessafe.eu\/prodotto\/serie-modula-za\/"},"modified":"2025-05-30T12:15:37","modified_gmt":"2025-05-30T10:15:37","slug":"serie-modula-za","status":"publish","type":"product","link":"https:\/\/www.accessafe.eu\/fr\/produit\/serie-modula-za\/","title":{"rendered":"S\u00e9rie Modula ZA"},"content":{"rendered":"\t\t<div data-elementor-type=\"product-post\" data-elementor-id=\"13632\" class=\"elementor elementor-13632 elementor-13421\" data-elementor-post-type=\"product\">\n\t\t\t\t\t\t<section class=\"elementor-section elementor-top-section elementor-element elementor-element-d147574 elementor-section-boxed elementor-section-height-default elementor-section-height-default\" data-id=\"d147574\" data-element_type=\"section\" data-e-type=\"section\">\n\t\t\t\t\t\t<div class=\"elementor-container elementor-column-gap-default\">\n\t\t\t\t\t<div class=\"elementor-column elementor-col-50 elementor-top-column elementor-element elementor-element-cd70152\" data-id=\"cd70152\" data-element_type=\"column\" data-e-type=\"column\">\n\t\t\t<div class=\"elementor-widget-wrap elementor-element-populated\">\n\t\t\t\t\t\t<div class=\"elementor-element elementor-element-0776c03 elementor-widget elementor-widget-heading\" data-id=\"0776c03\" data-element_type=\"widget\" data-e-type=\"widget\" data-widget_type=\"heading.default\">\n\t\t\t\t<div class=\"elementor-widget-container\">\n\t\t\t\t\t<h3 class=\"elementor-heading-title elementor-size-default\">SYST\u00c8ME DE FIXATION<\/h3>\t\t\t\t<\/div>\n\t\t\t\t<\/div>\n\t\t\t\t<div class=\"elementor-element elementor-element-0d984b8 elementor-widget elementor-widget-text-editor\" data-id=\"0d984b8\" data-element_type=\"widget\" data-e-type=\"widget\" data-widget_type=\"text-editor.default\">\n\t\t\t\t<div class=\"elementor-widget-container\">\n\t\t\t\t\t\t\t\t\t<p><strong>BREVET EUROP\u00c9EN N\u00b0 3708742<\/strong> &#8211; Les plaques en plastique avec vis imperdables pour la fixation aux montants, livr\u00e9s avec le panneau, permettent un r\u00e9glage en hauteur de 23\u00a0mm.<\/p>\n\t\t\t\t\t\t\t\t<\/div>\n\t\t\t\t<\/div>\n\t\t\t\t<div class=\"elementor-element elementor-element-94f7c33 elementor-widget elementor-widget-global elementor-global-7199 elementor-global-2788 elementor-widget-heading\" data-id=\"94f7c33\" data-element_type=\"widget\" data-e-type=\"widget\" data-widget_type=\"heading.default\">\n\t\t\t\t<div class=\"elementor-widget-container\">\n\t\t\t\t\t<h3 class=\"elementor-heading-title elementor-size-default\">COMPATIBILIT\u00c9<\/h3>\t\t\t\t<\/div>\n\t\t\t\t<\/div>\n\t\t\t\t<div class=\"elementor-element elementor-element-b57cc25 elementor-widget elementor-widget-text-editor\" data-id=\"b57cc25\" data-element_type=\"widget\" data-e-type=\"widget\" data-widget_type=\"text-editor.default\">\n\t\t\t\t<div class=\"elementor-widget-container\">\n\t\t\t\t\t\t\t\t\t<p>Syst\u00e8me de fixation panneau &#8211; montant MODULA<\/p>\n<p>Type de montant MODULA\u00a0:<\/p>\n<ul>\n<li>Pr\u00e9-galvanis\u00e9 et peint (galvanisation \u00e9lectrolytique et peinture en poudre) ;<\/li>\n<li>Galvanis\u00e9 \u00e0 chaud (en combinaison avec le Modula ZA non peint).<\/li>\n<\/ul>\n\t\t\t\t\t\t\t\t<\/div>\n\t\t\t\t<\/div>\n\t\t\t\t<div class=\"elementor-element elementor-element-9e29217 elementor-widget elementor-widget-global elementor-global-7191 elementor-global-2791 elementor-widget-heading\" data-id=\"9e29217\" data-element_type=\"widget\" data-e-type=\"widget\" data-widget_type=\"heading.default\">\n\t\t\t\t<div class=\"elementor-widget-container\">\n\t\t\t\t\t<h3 class=\"elementor-heading-title elementor-size-default\">COULEURS<\/h3>\t\t\t\t<\/div>\n\t\t\t\t<\/div>\n\t\t\t\t<div class=\"elementor-element elementor-element-6efece8 elementor-widget elementor-widget-global elementor-global-7557 elementor-global-2799 elementor-widget-text-editor\" data-id=\"6efece8\" data-element_type=\"widget\" data-e-type=\"widget\" data-widget_type=\"text-editor.default\">\n\t\t\t\t<div class=\"elementor-widget-container\">\n\t\t\t\t\t\t\t\t\tLes panneaux sont peints \u00e0 la poudre \u00e9poxy \t\t\t\t\t\t\t\t<\/div>\n\t\t\t\t<\/div>\n\t\t\t\t<div class=\"elementor-element elementor-element-3ffce79 elementor-widget elementor-widget-global elementor-global-7173 elementor-global-2808 elementor-widget-image-carousel\" data-id=\"3ffce79\" data-element_type=\"widget\" data-e-type=\"widget\" data-settings=\"{&quot;navigation&quot;:&quot;none&quot;,&quot;slides_to_show&quot;:&quot;9&quot;,&quot;slides_to_scroll&quot;:&quot;1&quot;,&quot;autoplay&quot;:&quot;no&quot;,&quot;infinite&quot;:&quot;no&quot;,&quot;slides_to_show_tablet&quot;:&quot;7&quot;,&quot;slides_to_show_mobile&quot;:&quot;5&quot;,&quot;speed&quot;:500,&quot;image_spacing_custom&quot;:{&quot;unit&quot;:&quot;px&quot;,&quot;size&quot;:20,&quot;sizes&quot;:[]},&quot;image_spacing_custom_tablet&quot;:{&quot;unit&quot;:&quot;px&quot;,&quot;size&quot;:&quot;&quot;,&quot;sizes&quot;:[]},&quot;image_spacing_custom_mobile&quot;:{&quot;unit&quot;:&quot;px&quot;,&quot;size&quot;:&quot;&quot;,&quot;sizes&quot;:[]}}\" data-widget_type=\"image-carousel.default\">\n\t\t\t\t<div class=\"elementor-widget-container\">\n\t\t\t\t\t\t\t<div class=\"elementor-image-carousel-wrapper swiper\" role=\"region\" aria-roledescription=\"carousel\" aria-label=\"Carrousel d\u2019images\" dir=\"ltr\">\n\t\t\t<div class=\"elementor-image-carousel swiper-wrapper\" aria-live=\"polite\">\n\t\t\t\t\t\t\t\t<div class=\"swiper-slide\" role=\"group\" aria-roledescription=\"slide\" aria-label=\"1 sur 3\"><figure class=\"swiper-slide-inner\"><img decoding=\"async\" class=\"swiper-slide-image\" src=\"https:\/\/www.accessafe.eu\/wp-content\/uploads\/2022\/10\/Colorazione-nera.svg\" alt=\"9005\" \/><figcaption class=\"elementor-image-carousel-caption\">9005<\/figcaption><\/figure><\/div><div class=\"swiper-slide\" role=\"group\" aria-roledescription=\"slide\" aria-label=\"2 sur 3\"><figure class=\"swiper-slide-inner\"><img decoding=\"async\" class=\"swiper-slide-image\" src=\"https:\/\/www.accessafe.eu\/wp-content\/uploads\/2022\/10\/Colorazione-gialla.svg\" alt=\"Colorazione RAL gialla\" \/><figcaption class=\"elementor-image-carousel-caption\">1018<\/figcaption><\/figure><\/div><div class=\"swiper-slide\" role=\"group\" aria-roledescription=\"slide\" aria-label=\"3 sur 3\"><figure class=\"swiper-slide-inner\"><img decoding=\"async\" class=\"swiper-slide-image\" src=\"https:\/\/www.accessafe.eu\/wp-content\/uploads\/2022\/10\/Colorazione-grigia.svg\" alt=\"7035\" \/><figcaption class=\"elementor-image-carousel-caption\">7035<\/figcaption><\/figure><\/div>\t\t\t<\/div>\n\t\t\t\t\t\t\t\n\t\t\t\t\t\t\t\t\t<\/div>\n\t\t\t\t\t\t<\/div>\n\t\t\t\t<\/div>\n\t\t\t\t<div class=\"elementor-element elementor-element-874eb3a elementor-widget elementor-widget-global elementor-global-7756 elementor-global-2802 elementor-widget-text-editor\" data-id=\"874eb3a\" data-element_type=\"widget\" data-e-type=\"widget\" data-widget_type=\"text-editor.default\">\n\t\t\t\t<div class=\"elementor-widget-container\">\n\t\t\t\t\t\t\t\t\tAutres couleurs sur demande \t\t\t\t\t\t\t\t<\/div>\n\t\t\t\t<\/div>\n\t\t\t\t<div class=\"elementor-element elementor-element-f2dd4e9 elementor-widget elementor-widget-text-editor\" data-id=\"f2dd4e9\" data-element_type=\"widget\" data-e-type=\"widget\" data-widget_type=\"text-editor.default\">\n\t\t\t\t<div class=\"elementor-widget-container\">\n\t\t\t\t\t\t\t\t\t<p><strong>* disponible uniquement pour la hauteur 1887<\/strong><\/p>\n\t\t\t\t\t\t\t\t<\/div>\n\t\t\t\t<\/div>\n\t\t\t\t\t<\/div>\n\t\t<\/div>\n\t\t\t\t<div class=\"elementor-column elementor-col-50 elementor-top-column elementor-element elementor-element-acec69b\" data-id=\"acec69b\" data-element_type=\"column\" data-e-type=\"column\">\n\t\t\t<div class=\"elementor-widget-wrap elementor-element-populated\">\n\t\t\t\t\t\t<div class=\"elementor-element elementor-element-2c9ce8e elementor-widget elementor-widget-image\" data-id=\"2c9ce8e\" data-element_type=\"widget\" data-e-type=\"widget\" data-widget_type=\"image.default\">\n\t\t\t\t<div class=\"elementor-widget-container\">\n\t\t\t\t\t\t\t\t\t\t\t\t\t\t\t<img fetchpriority=\"high\" decoding=\"async\" width=\"500\" height=\"860\" src=\"https:\/\/www.accessafe.eu\/wp-content\/uploads\/2022\/12\/Serie-modula-ZA-Access.jpg\" class=\"attachment-full size-full wp-image-14653\" alt=\"\" srcset=\"https:\/\/www.accessafe.eu\/wp-content\/uploads\/2022\/12\/Serie-modula-ZA-Access.jpg 500w, https:\/\/www.accessafe.eu\/wp-content\/uploads\/2022\/12\/Serie-modula-ZA-Access-174x300.jpg 174w\" sizes=\"(max-width: 500px) 100vw, 500px\" \/>\t\t\t\t\t\t\t\t\t\t\t\t\t\t\t<\/div>\n\t\t\t\t<\/div>\n\t\t\t\t\t<\/div>\n\t\t<\/div>\n\t\t\t\t\t<\/div>\n\t\t<\/section>\n\t\t\t\t<\/div>\n\t\t","protected":false},"excerpt":{"rendered":"<p>Le sigle ZA d\u00e9signe l&rsquo;acier recouvert d&rsquo;une couche de zinc-alu de 95 % et 5 % respectivement : cette couche de rev\u00eatement donne \u00e0 l&rsquo;acier de meilleures propri\u00e9t\u00e9s de formage et de soudage et contribue \u00e0 prolonger sa dur\u00e9e de vie, tout en offrant une r\u00e9sistance \u00e0 la corrosion d\u2019environ deux fois sup\u00e9rieure \u00e0 celle d&rsquo;un article correspondant en acier au carbone galvanis\u00e9 \u00e0 chaud (ISO 1461). \u00ab Galfan \u00bb est l&rsquo;une des marques les plus utilis\u00e9es pour ce type d&rsquo;alliage, tandis que la norme de r\u00e9f\u00e9rence est EN 10346:2015.<\/p>\n<p>La s\u00e9rie Modula ZA d&rsquo;Accessafe comprend des panneaux modulaires en maille avec un rev\u00eatement en zinc-aluminium. Tous les panneaux de la s\u00e9rie Modula ZA d&rsquo;Accessafe pr\u00e9sentent une maille de 44 x 44 mm et un fil de 4 mm et sont \u00e9quip\u00e9s de plis horizontaux assurant une meilleure stabilit\u00e9 et une plus grande rigidit\u00e9 au panneau sans cadre.<\/p>\n<p>Ces protections p\u00e9rim\u00e9triques destin\u00e9es aux machines sont utilis\u00e9es pour des applications ext\u00e9rieures, c&rsquo;est-\u00e0-dire dans les zones de travail et en pr\u00e9sence de solvants ou de solutions abrasives, comme les machines \u00e0 tailler la pierre, les machines de traitement de surface ou les usines de l&rsquo;industrie chimique.<\/p>\n<p>Les panneaux de la s\u00e9rie Modula ZA peuvent \u00e9galement \u00eatre vendus avec couche de rev\u00eatement par poudre dans nos couleurs RAL standard ou sur demande, de sorte que le r\u00e9sultat esth\u00e9tique est identique \u00e0 celui d&rsquo;un produit d&rsquo;int\u00e9rieur, mais avec une r\u00e9sistance \u00e0 l&rsquo;oxydation nettement sup\u00e9rieure.<\/p>\n<h3>NORMES DE R\u00c9F\u00c9RENCE<\/h3>\n<p><strong>La s\u00e9rie Modula ZA d&rsquo;Accessafe est conforme aux normes suivantes :<\/strong><\/p>\n<ul>\n<li>UNI EN ISO 13857:2020 Distance minimale de danger 200 mm<\/li>\n<\/ul>\n<h3>DOMAINE D\u2019APPLICATION<\/h3>\n<ul>\n<li>Applications en ext\u00e9rieur\u00a0;<\/li>\n<li>Zones de travail en pr\u00e9sence d&amp;#39;eau, de solvants ou de solutions abrasives ;<\/li>\n<li>Machines de travail de la pierre, usines de traitement de surface et industrie chimique.<\/li>\n<\/ul>\n","protected":false},"featured_media":3241,"template":"","meta":{"site-sidebar-layout":"no-sidebar","site-content-layout":"page-builder","ast-site-content-layout":"full-width-container","site-content-style":"unboxed","site-sidebar-style":"unboxed","ast-global-header-display":"","ast-banner-title-visibility":"","ast-main-header-display":"","ast-hfb-above-header-display":"","ast-hfb-below-header-display":"","ast-hfb-mobile-header-display":"","site-post-title":"disabled","ast-breadcrumbs-content":"","ast-featured-img":"disabled","footer-sml-layout":"","ast-disable-related-posts":"","theme-transparent-header-meta":"default","adv-header-id-meta":"","stick-header-meta":"","header-above-stick-meta":"","header-main-stick-meta":"","header-below-stick-meta":"","astra-migrate-meta-layouts":"default","ast-page-background-enabled":"default","ast-page-background-meta":{"desktop":{"background-color":"var(--ast-global-color-4)","background-image":"","background-repeat":"repeat","background-position":"center center","background-size":"auto","background-attachment":"scroll","background-type":"","background-media":"","overlay-type":"","overlay-color":"","overlay-opacity":"","overlay-gradient":""},"tablet":{"background-color":"","background-image":"","background-repeat":"repeat","background-position":"center center","background-size":"auto","background-attachment":"scroll","background-type":"","background-media":"","overlay-type":"","overlay-color":"","overlay-opacity":"","overlay-gradient":""},"mobile":{"background-color":"","background-image":"","background-repeat":"repeat","background-position":"center center","background-size":"auto","background-attachment":"scroll","background-type":"","background-media":"","overlay-type":"","overlay-color":"","overlay-opacity":"","overlay-gradient":""}},"ast-content-background-meta":{"desktop":{"background-color":"var(--ast-global-color-5)","background-image":"","background-repeat":"repeat","background-position":"center center","background-size":"auto","background-attachment":"scroll","background-type":"","background-media":"","overlay-type":"","overlay-color":"","overlay-opacity":"","overlay-gradient":""},"tablet":{"background-color":"var(--ast-global-color-5)","background-image":"","background-repeat":"repeat","background-position":"center center","background-size":"auto","background-attachment":"scroll","background-type":"","background-media":"","overlay-type":"","overlay-color":"","overlay-opacity":"","overlay-gradient":""},"mobile":{"background-color":"var(--ast-global-color-5)","background-image":"","background-repeat":"repeat","background-position":"center center","background-size":"auto","background-attachment":"scroll","background-type":"","background-media":"","overlay-type":"","overlay-color":"","overlay-opacity":"","overlay-gradient":""}}},"product_brand":[],"product_cat":[154,148],"product_tag":[231,299],"class_list":{"0":"post-13632","1":"product","2":"type-product","3":"status-publish","4":"has-post-thumbnail","6":"product_cat-panneaux","7":"product_cat-protections-perimetriques","8":"product_tag-panneaux-sans-cadre","9":"product_tag-revetement-en-zinc-alu","10":"desktop-align-left","11":"tablet-align-left","12":"mobile-align-left","13":"ast-product-gallery-layout-horizontal-slider","14":"ast-product-gallery-with-no-image","15":"ast-magnify-disabled","16":"ast-product-tabs-layout-horizontal","18":"first","19":"instock","20":"shipping-taxable","21":"product-type-simple"},"yoast_head":"<!-- This site is optimized with the Yoast SEO Premium plugin v27.6 (Yoast SEO v27.6) - https:\/\/yoast.com\/product\/yoast-seo-premium-wordpress\/ -->\n<title>S\u00e9rie Modula ZA | Access<\/title>\n<meta name=\"description\" content=\"La s\u00e9rie Modula ZA d&#039;Accessafe comprend des panneaux modulaires en maille avec un rev\u00eatement en zinc-aluminium.\" \/>\n<meta name=\"robots\" content=\"index, follow, max-snippet:-1, max-image-preview:large, max-video-preview:-1\" \/>\n<link rel=\"canonical\" href=\"https:\/\/www.accessafe.eu\/fr\/produit\/serie-modula-za\/\" \/>\n<meta property=\"og:locale\" content=\"fr_FR\" \/>\n<meta property=\"og:type\" content=\"article\" \/>\n<meta property=\"og:title\" content=\"S\u00e9rie Modula ZA\" \/>\n<meta property=\"og:description\" content=\"La s\u00e9rie Modula ZA d&#039;Accessafe comprend des panneaux modulaires en maille avec un rev\u00eatement en zinc-aluminium.\" \/>\n<meta property=\"og:url\" content=\"https:\/\/www.accessafe.eu\/fr\/produit\/serie-modula-za\/\" \/>\n<meta property=\"og:site_name\" content=\"Accessafe\" \/>\n<meta property=\"article:modified_time\" content=\"2025-05-30T10:15:37+00:00\" \/>\n<meta property=\"og:image\" content=\"https:\/\/www.accessafe.eu\/wp-content\/uploads\/2022\/12\/Serie-Modula-Access.jpg\" \/>\n\t<meta property=\"og:image:width\" content=\"330\" \/>\n\t<meta property=\"og:image:height\" content=\"780\" \/>\n\t<meta property=\"og:image:type\" content=\"image\/jpeg\" \/>\n<meta name=\"twitter:card\" content=\"summary_large_image\" \/>\n<script type=\"application\/ld+json\" class=\"yoast-schema-graph\">{\"@context\":\"https:\\\/\\\/schema.org\",\"@graph\":[{\"@type\":\"WebPage\",\"@id\":\"https:\\\/\\\/www.accessafe.eu\\\/fr\\\/produit\\\/serie-modula-za\\\/\",\"url\":\"https:\\\/\\\/www.accessafe.eu\\\/fr\\\/produit\\\/serie-modula-za\\\/\",\"name\":\"S\u00e9rie Modula ZA | Access\",\"isPartOf\":{\"@id\":\"https:\\\/\\\/www.accessafe.eu\\\/fr\\\/#website\"},\"primaryImageOfPage\":{\"@id\":\"https:\\\/\\\/www.accessafe.eu\\\/fr\\\/produit\\\/serie-modula-za\\\/#primaryimage\"},\"image\":{\"@id\":\"https:\\\/\\\/www.accessafe.eu\\\/fr\\\/produit\\\/serie-modula-za\\\/#primaryimage\"},\"thumbnailUrl\":\"https:\\\/\\\/www.accessafe.eu\\\/wp-content\\\/uploads\\\/2022\\\/12\\\/Serie-Modula-Access.jpg\",\"datePublished\":\"2022-12-27T08:00:28+00:00\",\"dateModified\":\"2025-05-30T10:15:37+00:00\",\"description\":\"La s\u00e9rie Modula ZA d'Accessafe comprend des panneaux modulaires en maille avec un rev\u00eatement en zinc-aluminium.\",\"breadcrumb\":{\"@id\":\"https:\\\/\\\/www.accessafe.eu\\\/fr\\\/produit\\\/serie-modula-za\\\/#breadcrumb\"},\"inLanguage\":\"fr-FR\",\"potentialAction\":[{\"@type\":\"ReadAction\",\"target\":[\"https:\\\/\\\/www.accessafe.eu\\\/fr\\\/produit\\\/serie-modula-za\\\/\"]}]},{\"@type\":\"ImageObject\",\"inLanguage\":\"fr-FR\",\"@id\":\"https:\\\/\\\/www.accessafe.eu\\\/fr\\\/produit\\\/serie-modula-za\\\/#primaryimage\",\"url\":\"https:\\\/\\\/www.accessafe.eu\\\/wp-content\\\/uploads\\\/2022\\\/12\\\/Serie-Modula-Access.jpg\",\"contentUrl\":\"https:\\\/\\\/www.accessafe.eu\\\/wp-content\\\/uploads\\\/2022\\\/12\\\/Serie-Modula-Access.jpg\",\"width\":330,\"height\":780,\"caption\":\"S\u00e9rie Modula Access\"},{\"@type\":\"BreadcrumbList\",\"@id\":\"https:\\\/\\\/www.accessafe.eu\\\/fr\\\/produit\\\/serie-modula-za\\\/#breadcrumb\",\"itemListElement\":[{\"@type\":\"ListItem\",\"position\":1,\"name\":\"Home\",\"item\":\"https:\\\/\\\/www.accessafe.eu\\\/fr\\\/\"},{\"@type\":\"ListItem\",\"position\":2,\"name\":\"Shop\",\"item\":\"https:\\\/\\\/www.accessafe.eu\\\/?page_id=11\"},{\"@type\":\"ListItem\",\"position\":3,\"name\":\"S\u00e9rie Modula ZA\"}]},{\"@type\":\"WebSite\",\"@id\":\"https:\\\/\\\/www.accessafe.eu\\\/fr\\\/#website\",\"url\":\"https:\\\/\\\/www.accessafe.eu\\\/fr\\\/\",\"name\":\"Accessafe\",\"description\":\"Accessafe partner globale per la sicurezza industriale\",\"publisher\":{\"@id\":\"https:\\\/\\\/www.accessafe.eu\\\/fr\\\/#organization\"},\"alternateName\":\"Accessafe\",\"potentialAction\":[{\"@type\":\"SearchAction\",\"target\":{\"@type\":\"EntryPoint\",\"urlTemplate\":\"https:\\\/\\\/www.accessafe.eu\\\/fr\\\/?s={search_term_string}\"},\"query-input\":{\"@type\":\"PropertyValueSpecification\",\"valueRequired\":true,\"valueName\":\"search_term_string\"}}],\"inLanguage\":\"fr-FR\"},{\"@type\":\"Organization\",\"@id\":\"https:\\\/\\\/www.accessafe.eu\\\/fr\\\/#organization\",\"name\":\"Accessafe\",\"alternateName\":\"Accessafe\",\"url\":\"https:\\\/\\\/www.accessafe.eu\\\/fr\\\/\",\"logo\":{\"@type\":\"ImageObject\",\"inLanguage\":\"fr-FR\",\"@id\":\"https:\\\/\\\/www.accessafe.eu\\\/fr\\\/#\\\/schema\\\/logo\\\/image\\\/\",\"url\":\"https:\\\/\\\/www.accessafe.eu\\\/wp-content\\\/uploads\\\/2026\\\/03\\\/accessafe-logotipo.png\",\"contentUrl\":\"https:\\\/\\\/www.accessafe.eu\\\/wp-content\\\/uploads\\\/2026\\\/03\\\/accessafe-logotipo.png\",\"width\":400,\"height\":66,\"caption\":\"Accessafe\"},\"image\":{\"@id\":\"https:\\\/\\\/www.accessafe.eu\\\/fr\\\/#\\\/schema\\\/logo\\\/image\\\/\"},\"description\":\"Accessafe \u00e8 il partner globale per la sicurezza industriale: con sistemi di protezione perimetrale, consulenze e soluzioni per la marcatura CE dei macchinari, trasformiamo gli ambienti produttivi in spazi sicuri, efficienti e rispettosi dell\u2019ambiente.\",\"email\":\"info@accessafe.eu\",\"telephone\":\"+390399515951\",\"legalName\":\"Access Srl\",\"vatID\":\"05718410961\",\"taxID\":\"05718410961\"}]}<\/script>\n<!-- \/ Yoast SEO Premium plugin. -->","yoast_head_json":{"title":"S\u00e9rie Modula ZA | Access","description":"La s\u00e9rie Modula ZA d'Accessafe comprend des panneaux modulaires en maille avec un rev\u00eatement en zinc-aluminium.","robots":{"index":"index","follow":"follow","max-snippet":"max-snippet:-1","max-image-preview":"max-image-preview:large","max-video-preview":"max-video-preview:-1"},"canonical":"https:\/\/www.accessafe.eu\/fr\/produit\/serie-modula-za\/","og_locale":"fr_FR","og_type":"article","og_title":"S\u00e9rie Modula ZA","og_description":"La s\u00e9rie Modula ZA d'Accessafe comprend des panneaux modulaires en maille avec un rev\u00eatement en zinc-aluminium.","og_url":"https:\/\/www.accessafe.eu\/fr\/produit\/serie-modula-za\/","og_site_name":"Accessafe","article_modified_time":"2025-05-30T10:15:37+00:00","og_image":[{"width":330,"height":780,"url":"https:\/\/www.accessafe.eu\/wp-content\/uploads\/2022\/12\/Serie-Modula-Access.jpg","type":"image\/jpeg"}],"twitter_card":"summary_large_image","schema":{"@context":"https:\/\/schema.org","@graph":[{"@type":"WebPage","@id":"https:\/\/www.accessafe.eu\/fr\/produit\/serie-modula-za\/","url":"https:\/\/www.accessafe.eu\/fr\/produit\/serie-modula-za\/","name":"S\u00e9rie Modula ZA | Access","isPartOf":{"@id":"https:\/\/www.accessafe.eu\/fr\/#website"},"primaryImageOfPage":{"@id":"https:\/\/www.accessafe.eu\/fr\/produit\/serie-modula-za\/#primaryimage"},"image":{"@id":"https:\/\/www.accessafe.eu\/fr\/produit\/serie-modula-za\/#primaryimage"},"thumbnailUrl":"https:\/\/www.accessafe.eu\/wp-content\/uploads\/2022\/12\/Serie-Modula-Access.jpg","datePublished":"2022-12-27T08:00:28+00:00","dateModified":"2025-05-30T10:15:37+00:00","description":"La s\u00e9rie Modula ZA d'Accessafe comprend des panneaux modulaires en maille avec un rev\u00eatement en zinc-aluminium.","breadcrumb":{"@id":"https:\/\/www.accessafe.eu\/fr\/produit\/serie-modula-za\/#breadcrumb"},"inLanguage":"fr-FR","potentialAction":[{"@type":"ReadAction","target":["https:\/\/www.accessafe.eu\/fr\/produit\/serie-modula-za\/"]}]},{"@type":"ImageObject","inLanguage":"fr-FR","@id":"https:\/\/www.accessafe.eu\/fr\/produit\/serie-modula-za\/#primaryimage","url":"https:\/\/www.accessafe.eu\/wp-content\/uploads\/2022\/12\/Serie-Modula-Access.jpg","contentUrl":"https:\/\/www.accessafe.eu\/wp-content\/uploads\/2022\/12\/Serie-Modula-Access.jpg","width":330,"height":780,"caption":"S\u00e9rie Modula Access"},{"@type":"BreadcrumbList","@id":"https:\/\/www.accessafe.eu\/fr\/produit\/serie-modula-za\/#breadcrumb","itemListElement":[{"@type":"ListItem","position":1,"name":"Home","item":"https:\/\/www.accessafe.eu\/fr\/"},{"@type":"ListItem","position":2,"name":"Shop","item":"https:\/\/www.accessafe.eu\/?page_id=11"},{"@type":"ListItem","position":3,"name":"S\u00e9rie Modula ZA"}]},{"@type":"WebSite","@id":"https:\/\/www.accessafe.eu\/fr\/#website","url":"https:\/\/www.accessafe.eu\/fr\/","name":"Accessafe","description":"Accessafe partner globale per la sicurezza industriale","publisher":{"@id":"https:\/\/www.accessafe.eu\/fr\/#organization"},"alternateName":"Accessafe","potentialAction":[{"@type":"SearchAction","target":{"@type":"EntryPoint","urlTemplate":"https:\/\/www.accessafe.eu\/fr\/?s={search_term_string}"},"query-input":{"@type":"PropertyValueSpecification","valueRequired":true,"valueName":"search_term_string"}}],"inLanguage":"fr-FR"},{"@type":"Organization","@id":"https:\/\/www.accessafe.eu\/fr\/#organization","name":"Accessafe","alternateName":"Accessafe","url":"https:\/\/www.accessafe.eu\/fr\/","logo":{"@type":"ImageObject","inLanguage":"fr-FR","@id":"https:\/\/www.accessafe.eu\/fr\/#\/schema\/logo\/image\/","url":"https:\/\/www.accessafe.eu\/wp-content\/uploads\/2026\/03\/accessafe-logotipo.png","contentUrl":"https:\/\/www.accessafe.eu\/wp-content\/uploads\/2026\/03\/accessafe-logotipo.png","width":400,"height":66,"caption":"Accessafe"},"image":{"@id":"https:\/\/www.accessafe.eu\/fr\/#\/schema\/logo\/image\/"},"description":"Accessafe \u00e8 il partner globale per la sicurezza industriale: con sistemi di protezione perimetrale, consulenze e soluzioni per la marcatura CE dei macchinari, trasformiamo gli ambienti produttivi in spazi sicuri, efficienti e rispettosi dell\u2019ambiente.","email":"info@accessafe.eu","telephone":"+390399515951","legalName":"Access Srl","vatID":"05718410961","taxID":"05718410961"}]}},"_links":{"self":[{"href":"https:\/\/www.accessafe.eu\/fr\/wp-json\/wp\/v2\/product\/13632","targetHints":{"allow":["GET"]}}],"collection":[{"href":"https:\/\/www.accessafe.eu\/fr\/wp-json\/wp\/v2\/product"}],"about":[{"href":"https:\/\/www.accessafe.eu\/fr\/wp-json\/wp\/v2\/types\/product"}],"version-history":[{"count":4,"href":"https:\/\/www.accessafe.eu\/fr\/wp-json\/wp\/v2\/product\/13632\/revisions"}],"predecessor-version":[{"id":20145,"href":"https:\/\/www.accessafe.eu\/fr\/wp-json\/wp\/v2\/product\/13632\/revisions\/20145"}],"wp:featuredmedia":[{"embeddable":true,"href":"https:\/\/www.accessafe.eu\/fr\/wp-json\/wp\/v2\/media\/3241"}],"wp:attachment":[{"href":"https:\/\/www.accessafe.eu\/fr\/wp-json\/wp\/v2\/media?parent=13632"}],"wp:term":[{"taxonomy":"product_brand","embeddable":true,"href":"https:\/\/www.accessafe.eu\/fr\/wp-json\/wp\/v2\/product_brand?post=13632"},{"taxonomy":"product_cat","embeddable":true,"href":"https:\/\/www.accessafe.eu\/fr\/wp-json\/wp\/v2\/product_cat?post=13632"},{"taxonomy":"product_tag","embeddable":true,"href":"https:\/\/www.accessafe.eu\/fr\/wp-json\/wp\/v2\/product_tag?post=13632"}],"curies":[{"name":"wp","href":"https:\/\/api.w.org\/{rel}","templated":true}]}}